{"id":575,"date":"2019-03-13T10:11:03","date_gmt":"2019-03-13T09:11:03","guid":{"rendered":"https:\/\/k-smok.pl\/DMS2023\/?page_id=575"},"modified":"2023-08-23T08:07:03","modified_gmt":"2023-08-23T06:07:03","slug":"prawo-autorskie-i-wlasnosc-przemyslowa","status":"publish","type":"page","link":"https:\/\/k-smok.pl\/DMS2023\/specjalizacje\/prawo-autorskie-i-wlasnosc-przemyslowa\/","title":{"rendered":"Prawo autorskie i w\u0142asno\u015b\u0107 przemys\u0142owa"},"content":{"rendered":"<p>[et_pb_section fb_built=&#8221;1&#8243; custom_padding_last_edited=&#8221;on|phone&#8221; admin_label=&#8221;Page Title Section&#8221; _builder_version=&#8221;4.17.6&#8243; _module_preset=&#8221;2d37c903-28be-4051-9215-0dbe5a365c37&#8243; custom_padding=&#8221;50px||50px||false|false&#8221; custom_padding_tablet=&#8221;50px||50px||false|false&#8221; custom_padding_phone=&#8221;30px||10px||false|false&#8221; global_module=&#8221;1963&#8243; global_colors_info=&#8221;{}&#8221;][et_pb_row admin_label=&#8221;Page Title Area&#8221; _builder_version=&#8221;4.16&#8243; background_size=&#8221;initial&#8221; background_position=&#8221;top_left&#8221; background_repeat=&#8221;repeat&#8221; custom_padding=&#8221;||9px|||&#8221; global_colors_info=&#8221;{}&#8221;][et_pb_column type=&#8221;4_4&#8243; _builder_version=&#8221;4.16&#8243; custom_padding=&#8221;|||&#8221; global_colors_info=&#8221;{}&#8221; custom_padding__hover=&#8221;|||&#8221;][et_pb_text admin_label=&#8221;Page Title&#8221; module_class=&#8221;header-title&#8221; _builder_version=&#8221;4.19.1&#8243; _dynamic_attributes=&#8221;content&#8221; text_font=&#8221;Quincy CF Regular||||||||&#8221; text_text_color=&#8221;#ffffff&#8221; text_font_size=&#8221;60px&#8221; text_line_height=&#8221;1.4em&#8221; header_font=&#8221;Quincy CF Regular||||||||&#8221; header_font_size=&#8221;50px&#8221; header_line_height=&#8221;1.4em&#8221; text_orientation=&#8221;center&#8221; background_layout=&#8221;dark&#8221; max_width=&#8221;700px&#8221; module_alignment=&#8221;center&#8221; custom_margin=&#8221;||10px|&#8221; animation_style=&#8221;fade&#8221; text_font_size_tablet=&#8221;&#8221; text_font_size_phone=&#8221;40px&#8221; text_font_size_last_edited=&#8221;on|phone&#8221; header_font_size_tablet=&#8221;40px&#8221; header_font_size_phone=&#8221;&#8221; header_font_size_last_edited=&#8221;on|desktop&#8221; global_colors_info=&#8221;{}&#8221;]@ET-DC@eyJkeW5hbWljIjp0cnVlLCJjb250ZW50IjoicG9zdF90aXRsZSIsInNldHRpbmdzIjp7ImJlZm9yZSI6IjxoMT4iLCJhZnRlciI6IjwvaDE+In19@[\/et_pb_text][\/et_pb_column][\/et_pb_row][et_pb_row _builder_version=&#8221;4.16&#8243; _module_preset=&#8221;default&#8221; global_colors_info=&#8221;{}&#8221;][et_pb_column type=&#8221;4_4&#8243; _builder_version=&#8221;4.16&#8243; _module_preset=&#8221;default&#8221; global_colors_info=&#8221;{}&#8221;][et_pb_text _builder_version=&#8221;4.16&#8243; _module_preset=&#8221;default&#8221; text_text_color=&#8221;#FFFFFF&#8221; text_font_size=&#8221;30px&#8221; custom_margin=&#8221;-30px||||false|false&#8221; global_colors_info=&#8221;{}&#8221;][\/et_pb_text][\/et_pb_column][\/et_pb_row][\/et_pb_section][et_pb_section fb_built=&#8221;1&#8243; admin_label=&#8221;Quote Section&#8221; _builder_version=&#8221;4.16&#8243; _module_preset=&#8221;49eedba7-0fa6-42ad-9478-20ae86593f9a&#8221; global_colors_info=&#8221;{}&#8221;][et_pb_row column_structure=&#8221;3_4,1_4&#8243; admin_label=&#8221;Quote Area&#8221; module_class=&#8221;content-intro&#8221; _builder_version=&#8221;4.16&#8243; use_custom_width=&#8221;on&#8221; global_colors_info=&#8221;{}&#8221;][et_pb_column type=&#8221;3_4&#8243; _builder_version=&#8221;4.16&#8243; custom_padding=&#8221;|||&#8221; global_colors_info=&#8221;{}&#8221; custom_padding__hover=&#8221;|||&#8221;][et_pb_text admin_label=&#8221;wst\u0119p&#8221; module_class=&#8221;content-intro-text&#8221; _builder_version=&#8221;4.16&#8243; text_font=&#8221;Roboto Slab||||||||&#8221; text_font_size=&#8221;17px&#8221; text_letter_spacing=&#8221;1px&#8221; text_line_height=&#8221;1.9em&#8221; header_3_line_height=&#8221;1.6em&#8221; custom_margin=&#8221;|||&#8221; custom_padding=&#8221;|||30px&#8221; animation_style=&#8221;flip&#8221; animation_intensity_flip=&#8221;5%&#8221; animation_starting_opacity=&#8221;100%&#8221; border_color_all=&#8221;#313e47&#8243; border_width_left=&#8221;10px&#8221; global_colors_info=&#8221;{}&#8221;]<\/p>\n<p style=\"text-align: justify;\">Logotyp, know-how przedsi\u0119biorstwa, s\u0142owa popularnego utworu, innowacyjny program komputerowy \u2013 wszystkie te zagadnienia \u0142\u0105czy prawo w\u0142asno\u015bci na dobrach niematerialnych. Przybieraj\u0105cy na sile rozw\u00f3j nowoczesnych technologii wp\u0142ywa na zmian\u0119 dotychczasowego rozumienia w\u0142asno\u015bci wy\u0142\u0105cznie jako prawa w\u0142asno\u015bci rzeczy czy nieruchomo\u015bci. W dobie Internetu e-dokumentacji, digitalizacji obiegu dokument\u00f3w, e-marketingu niezwykle wa\u017cnym jest ochrona prawna naszych pomys\u0142\u00f3w, koncepcji i innowacyjnych rozwi\u0105za\u0144 IT.<\/p>\n<p>[\/et_pb_text][\/et_pb_column][et_pb_column type=&#8221;1_4&#8243; _builder_version=&#8221;4.16&#8243; custom_padding=&#8221;|||&#8221; global_colors_info=&#8221;{}&#8221; custom_padding__hover=&#8221;|||&#8221;][\/et_pb_column][\/et_pb_row][et_pb_row admin_label=&#8221;Project Image Area&#8221; module_class=&#8221;content-image&#8221; _builder_version=&#8221;4.16&#8243; custom_padding=&#8221;|||&#8221; global_colors_info=&#8221;{}&#8221;][et_pb_column type=&#8221;4_4&#8243; _builder_version=&#8221;4.16&#8243; custom_padding=&#8221;|||&#8221; global_colors_info=&#8221;{}&#8221; custom_padding__hover=&#8221;|||&#8221;][et_pb_image src=&#8221;https:\/\/k-smok.pl\/DMS2023\/wp-content\/uploads\/2023\/08\/prawo-autorskie.jpg&#8221; show_bottom_space=&#8221;off&#8221; force_fullwidth=&#8221;on&#8221; align_tablet=&#8221;center&#8221; align_phone=&#8221;&#8221; align_last_edited=&#8221;on|desktop&#8221; _builder_version=&#8221;4.19.1&#8243; custom_margin=&#8221;|||&#8221; custom_padding=&#8221;|||&#8221; animation_style=&#8221;slide&#8221; animation_direction=&#8221;right&#8221; animation_intensity_slide=&#8221;2%&#8221; hover_enabled=&#8221;0&#8243; border_width_all=&#8221;30px&#8221; border_color_all=&#8221;#ffffff&#8221; box_shadow_style=&#8221;preset2&#8243; box_shadow_horizontal=&#8221;0px&#8221; box_shadow_vertical=&#8221;15px&#8221; box_shadow_blur=&#8221;60px&#8221; box_shadow_color=&#8221;rgba(29,61,71,0.2)&#8221; global_colors_info=&#8221;{}&#8221; alt=&#8221;prawo autorskie&#8221; title_text=&#8221;prawo-autorskie&#8221; sticky_enabled=&#8221;0&#8243;][\/et_pb_image][\/et_pb_column][\/et_pb_row][\/et_pb_section][et_pb_section fb_built=&#8221;1&#8243; admin_label=&#8221;Project Analysis Section&#8221; _builder_version=&#8221;4.16&#8243; custom_padding=&#8221;90px||90px|&#8221; global_colors_info=&#8221;{}&#8221;][et_pb_row column_structure=&#8221;1_4,3_4&#8243; admin_label=&#8221;Project Analysis Area&#8221; module_class=&#8221;content-areas&#8221; _builder_version=&#8221;4.16&#8243; custom_padding=&#8221;60px|0px|60px|0px&#8221; border_color_all=&#8221;rgba(51,51,51,0.12)&#8221; border_width_top=&#8221;1px&#8221; global_colors_info=&#8221;{}&#8221;][et_pb_column type=&#8221;1_4&#8243; _builder_version=&#8221;4.16&#8243; custom_padding=&#8221;|||&#8221; global_colors_info=&#8221;{}&#8221; custom_padding__hover=&#8221;|||&#8221;][et_pb_text admin_label=&#8221;Title&#8221; _builder_version=&#8221;4.16&#8243; header_3_font=&#8221;Roboto Slab||||||||&#8221; header_3_line_height=&#8221;2em&#8221; animation_style=&#8221;fold&#8221; animation_direction=&#8221;left&#8221; animation_intensity_fold=&#8221;5%&#8221; global_colors_info=&#8221;{}&#8221;]<\/p>\n<h3>Zakres:<br \/>Prawo Autorskie<\/h3>\n<p>[\/et_pb_text][\/et_pb_column][et_pb_column type=&#8221;3_4&#8243; _builder_version=&#8221;4.16&#8243; custom_padding=&#8221;|||&#8221; global_colors_info=&#8221;{}&#8221; custom_padding__hover=&#8221;|||&#8221;][et_pb_text admin_label=&#8221;zakres&#8221; _builder_version=&#8221;4.16&#8243; text_font_size=&#8221;16px&#8221; text_line_height=&#8221;2em&#8221; animation_style=&#8221;fade&#8221; global_colors_info=&#8221;{}&#8221;]<\/p>\n<ul>\n<li>media<\/li>\n<li>reklama i\u00a0marketing<\/li>\n<li>nauka i\u00a0innowacje<\/li>\n<li>internet<\/li>\n<li>tworzenie i\u00a0produkcja gier komputerowych<\/li>\n<li>tworzenie i\u00a0wdra\u017canie rozwi\u0105za\u0144 informatycznych<\/li>\n<li>kultura, sztuka i\u00a0rozrywka<\/li>\n<li>produkcja utwor\u00f3w audiowizualnych<\/li>\n<li>wzornictwo przemys\u0142owe<\/li>\n<li>architektura i\u00a0budownictwo<\/li>\n<\/ul>\n<p>[\/et_pb_text][\/et_pb_column][\/et_pb_row][et_pb_row column_structure=&#8221;1_4,3_4&#8243; admin_label=&#8221;Project Analysis Area&#8221; module_class=&#8221;content-areas&#8221; _builder_version=&#8221;4.16&#8243; custom_padding=&#8221;60px|0px|60px|0px&#8221; border_color_all=&#8221;rgba(51,51,51,0.12)&#8221; border_width_top=&#8221;1px&#8221; global_colors_info=&#8221;{}&#8221;][et_pb_column type=&#8221;1_4&#8243; _builder_version=&#8221;4.16&#8243; custom_padding=&#8221;|||&#8221; global_colors_info=&#8221;{}&#8221; custom_padding__hover=&#8221;|||&#8221;][et_pb_text admin_label=&#8221;Title&#8221; _builder_version=&#8221;4.16&#8243; header_3_font=&#8221;Roboto Slab||||||||&#8221; header_3_line_height=&#8221;2em&#8221; animation_style=&#8221;fold&#8221; animation_direction=&#8221;left&#8221; animation_intensity_fold=&#8221;5%&#8221; global_colors_info=&#8221;{}&#8221;]<\/p>\n<h3>Zakres:<br \/>W\u0142asno\u015b\u0107 Przemys\u0142owa<\/h3>\n<p>[\/et_pb_text][\/et_pb_column][et_pb_column type=&#8221;3_4&#8243; _builder_version=&#8221;4.16&#8243; custom_padding=&#8221;|||&#8221; global_colors_info=&#8221;{}&#8221; custom_padding__hover=&#8221;|||&#8221;][et_pb_text admin_label=&#8221;zakres&#8221; _builder_version=&#8221;4.16&#8243; text_font_size=&#8221;16px&#8221; text_line_height=&#8221;2em&#8221; animation_style=&#8221;fade&#8221; global_colors_info=&#8221;{}&#8221;]<\/p>\n<p>Kancelaria doradza we\u00a0wszystkich sprawach zwi\u0105zanych z\u00a0prawem w\u0142asno\u015bci przemys\u0142owej.<\/p>\n<p>Zakres us\u0142ug obejmuje m.in.:<\/p>\n<ul>\n<li>ochron\u0119 danych, ochron\u0119 tajemnicy przedsi\u0119biorstwa i\u00a0know-how, reprezentacj\u0119 firm w\u00a0sprawach spornych w\u00a0sporach dotycz\u0105cych tajemnicy przedsi\u0119biorstwa,<\/li>\n<li>ochron\u0119 praw zwi\u0105zanych ze\u00a0znakami towarowymi, patentami i\u00a0wzorami przemys\u0142owymi, reprezentacj\u0119 w\u00a0post\u0119powaniach prowadzonych przed\u00a0Urz\u0119dem Patentowym,<\/li>\n<li>udzia\u0142 w\u00a0post\u0119powaniach cywilnych i\u00a0karnych dotycz\u0105cych znak\u00f3w towarowych, patent\u00f3w, wzor\u00f3w przemys\u0142owych i\u00a0naruszenia praw autorskich.<\/li>\n<\/ul>\n<p>[\/et_pb_text][\/et_pb_column][\/et_pb_row][et_pb_row column_structure=&#8221;1_4,3_4&#8243; admin_label=&#8221;Final Result Area&#8221; module_class=&#8221;content-why-us&#8221; _builder_version=&#8221;4.16&#8243; custom_padding=&#8221;60px|0px|60px|0px&#8221; border_color_all=&#8221;rgba(51,51,51,0.12)&#8221; border_width_top=&#8221;1px&#8221; global_colors_info=&#8221;{}&#8221;][et_pb_column type=&#8221;1_4&#8243; _builder_version=&#8221;4.16&#8243; custom_padding=&#8221;|||&#8221; global_colors_info=&#8221;{}&#8221; custom_padding__hover=&#8221;|||&#8221;][et_pb_text admin_label=&#8221;Title&#8221; _builder_version=&#8221;4.16&#8243; text_font=&#8221;||||||||&#8221; header_font=&#8221;||||||||&#8221; header_3_font=&#8221;Roboto Slab||||||||&#8221; header_3_line_height=&#8221;2em&#8221; animation_style=&#8221;fold&#8221; animation_direction=&#8221;left&#8221; animation_intensity_fold=&#8221;5%&#8221; global_colors_info=&#8221;{}&#8221;]<\/p>\n<h3>Dlaczego My?<\/h3>\n<p>[\/et_pb_text][\/et_pb_column][et_pb_column type=&#8221;3_4&#8243; _builder_version=&#8221;4.16&#8243; custom_padding=&#8221;|||&#8221; global_colors_info=&#8221;{}&#8221; custom_padding__hover=&#8221;|||&#8221;][et_pb_text admin_label=&#8221;dlaczego my &#8211; nie modyfikuj tego elementu: usu\u0144 i dodaj w\u0142asny.&#8221; _builder_version=&#8221;4.9.6&#8243; text_font_size=&#8221;16px&#8221; text_line_height=&#8221;2em&#8221; text_orientation=&#8221;justified&#8221; max_width=&#8221;100%&#8221; animation_style=&#8221;fade&#8221; global_module=&#8221;603&#8243; saved_tabs=&#8221;all&#8221; locked=&#8221;off&#8221; global_colors_info=&#8221;{}&#8221;]<\/p>\n<p>W <strong>Kancelarii Prawnej SMOK <\/strong>wiemy, \u017ce do ka\u017cdej sprawy nale\u017cy podej\u015b\u0107 indywidualnie. Rozumiemy, \u017ce cz\u0119sto sprawy s\u0105 <strong>wieloaspektowe<\/strong> i wymagaj\u0105 <strong>multidyscyplinarnej wiedzy<\/strong>, zar\u00f3wno z obszaru r\u00f3\u017cnych dziedzin prawa jak i dziedziny przedmiotowej. Dlatego posiadamy wieloosobowy zesp\u00f3\u0142 specjalist\u00f3w o wzajemnie zaz\u0119biaj\u0105cych si\u0119 i uzupe\u0142niaj\u0105cych kompetencjach.<\/p>\n<p><strong>Nasz\u0105 mocn\u0105 stron\u0105 jest indywidualne <\/strong>i<strong>\u00a0uczciwe podej\u015bcie do\u00a0Klienta<\/strong>. Do\u00a0ka\u017cdej sprawy, bez\u00a0wzgl\u0119du na\u00a0jej przedmiot czy\u00a0warto\u015b\u0107, przyk\u0142adamy tak\u0105 sam\u0105 wag\u0119. Prowadzimy sprawy unikaj\u0105c zb\u0119dnych koszt\u00f3w post\u0119powania i\u00a0zawi\u0142o\u015bci proceduralnych, d\u0105\u017c\u0105c do\u00a0<strong>sprawnego<\/strong> i\u00a0<strong>efektywnego rozwi\u0105zania problem\u00f3w Klienta.<\/strong><\/p>\n<p>[\/et_pb_text][\/et_pb_column][\/et_pb_row][et_pb_row column_structure=&#8221;1_3,1_3,1_3&#8243; admin_label=&#8221;Fun Fact Area&#8221; module_class=&#8221;content-counters&#8221; _builder_version=&#8221;4.16&#8243; global_module=&#8221;799&#8243; saved_tabs=&#8221;all&#8221; locked=&#8221;off&#8221; global_colors_info=&#8221;{}&#8221;][et_pb_column type=&#8221;1_3&#8243; _builder_version=&#8221;4.16&#8243; custom_padding=&#8221;|||&#8221; global_colors_info=&#8221;{}&#8221; custom_padding__hover=&#8221;|||&#8221;][et_pb_number_counter title=&#8221;Ilo\u015b\u0107 rozpraw&#8221; number=&#8221;1000+&#8221; percent_sign=&#8221;off&#8221; _builder_version=&#8221;4.19.1&#8243; title_font=&#8221;|700|||||||&#8221; number_font_size=&#8221;60px&#8221; custom_margin=&#8221;|||&#8221; custom_padding=&#8221;|||&#8221; locked=&#8221;off&#8221; global_colors_info=&#8221;{}&#8221;][\/et_pb_number_counter][\/et_pb_column][et_pb_column type=&#8221;1_3&#8243; _builder_version=&#8221;4.16&#8243; custom_padding=&#8221;|||&#8221; global_colors_info=&#8221;{}&#8221; custom_padding__hover=&#8221;|||&#8221;][et_pb_number_counter title=&#8221;Ilo\u015b\u0107 prowadzonych spraw&#8221; number=&#8221;800+&#8221; percent_sign=&#8221;off&#8221; _builder_version=&#8221;4.19.1&#8243; title_font=&#8221;|700|||||||&#8221; number_font_size=&#8221;60px&#8221; custom_margin=&#8221;|||&#8221; custom_padding=&#8221;|||&#8221; locked=&#8221;off&#8221; global_colors_info=&#8221;{}&#8221;][\/et_pb_number_counter][\/et_pb_column][et_pb_column type=&#8221;1_3&#8243; _builder_version=&#8221;4.16&#8243; custom_padding=&#8221;|||&#8221; global_colors_info=&#8221;{}&#8221; custom_padding__hover=&#8221;|||&#8221;][et_pb_number_counter title=&#8221;Prawnik\u00f3w&#8221; number=&#8221;11&#8243; percent_sign=&#8221;off&#8221; _builder_version=&#8221;4.19.1&#8243; title_font=&#8221;|700|||||||&#8221; number_font_size=&#8221;60px&#8221; custom_margin=&#8221;|||&#8221; custom_padding=&#8221;|||&#8221; locked=&#8221;off&#8221; global_colors_info=&#8221;{}&#8221;][\/et_pb_number_counter][\/et_pb_column][\/et_pb_row][\/et_pb_section][et_pb_section fb_built=&#8221;1&#8243; admin_label=&#8221;CTA Section&#8221; module_class=&#8221;after-content-banner&#8221; _builder_version=&#8221;4.19.1&#8243; use_background_color_gradient=&#8221;on&#8221; background_color_gradient_stops=&#8221;rgba(80,43,58,0.78) 0%|rgba(29,18,22,0.66) 100%&#8221; background_color_gradient_overlays_image=&#8221;on&#8221; background_color_gradient_start=&#8221;rgba(80,43,58,0.78)&#8221; background_color_gradient_end=&#8221;rgba(29,18,22,0.66)&#8221; background_image=&#8221;https:\/\/k-smok.pl\/DMS2023\/wp-content\/uploads\/2018\/11\/law-firm-03.jpg&#8221; custom_margin=&#8221;||-50px||false|false&#8221; custom_margin_tablet=&#8221;||-60px||false|false&#8221; custom_margin_phone=&#8221;||-60px||false|false&#8221; custom_margin_last_edited=&#8221;on|desktop&#8221; custom_padding=&#8221;200px|0px|200px||false|false&#8221; background_color_gradient_stops_tablet=&#8221;rgba(80,43,58,0.78) 0%|rgba(29,18,22,0.66) 100%&#8221; background_color_gradient_stops_phone=&#8221;rgba(80,43,58,0.78) 0%|rgba(29,18,22,0.66) 100%&#8221; border_color_all=&#8221;#1d1216&#8243; border_width_right=&#8221;8vw&#8221; border_width_left=&#8221;8vw&#8221; global_module=&#8221;1959&#8243; locked=&#8221;off&#8221; global_colors_info=&#8221;{}&#8221;][et_pb_row column_structure=&#8221;1_2,1_2&#8243; use_custom_gutter=&#8221;on&#8221; gutter_width=&#8221;2&#8243; admin_label=&#8221;CTA Area&#8221; _builder_version=&#8221;4.16&#8243; locked=&#8221;off&#8221; global_colors_info=&#8221;{}&#8221;][et_pb_column type=&#8221;1_2&#8243; _builder_version=&#8221;4.16&#8243; custom_padding=&#8221;|||&#8221; global_colors_info=&#8221;{}&#8221; custom_padding__hover=&#8221;|||&#8221;][et_pb_text admin_label=&#8221;Title&#8221; _builder_version=&#8221;4.16&#8243; text_font=&#8221;||||||||&#8221; header_font=&#8221;||||||||&#8221; header_2_font=&#8221;Prata||||||||&#8221; header_2_font_size=&#8221;48px&#8221; header_2_line_height=&#8221;1.6em&#8221; background_layout=&#8221;dark&#8221; module_alignment=&#8221;center&#8221; custom_margin=&#8221;|||&#8221; custom_padding=&#8221;|||&#8221; animation_direction=&#8221;left&#8221; header_2_font_size_tablet=&#8221;40px&#8221; header_2_font_size_phone=&#8221;&#8221; header_2_font_size_last_edited=&#8221;on|tablet&#8221; locked=&#8221;off&#8221; global_colors_info=&#8221;{}&#8221;]<\/p>\n<h2>Zapraszamy<\/h2>\n<p>[\/et_pb_text][\/et_pb_column][et_pb_column type=&#8221;1_2&#8243; _builder_version=&#8221;4.16&#8243; custom_padding=&#8221;|||&#8221; global_colors_info=&#8221;{}&#8221; custom_padding__hover=&#8221;|||&#8221;][et_pb_button button_url=&#8221;https:\/\/k-smok.pl\/DMS2023\/kontakt\/&#8221; button_text=&#8221;Kontakt&#8221; button_alignment=&#8221;center&#8221; _builder_version=&#8221;4.16&#8243; custom_button=&#8221;on&#8221; button_text_size=&#8221;15px&#8221; button_text_color=&#8221;#FFFFFF&#8221; button_border_width=&#8221;1px&#8221; button_border_color=&#8221;#FFFFFF&#8221; button_border_radius=&#8221;7px&#8221; button_letter_spacing=&#8221;3px&#8221; button_font=&#8221;Prata|700|||||||&#8221; button_icon=&#8221;&#x24;||divi||400&#8243; button_icon_color=&#8221;#ffffff&#8221; custom_margin=&#8221;10px|||&#8221; custom_padding=&#8221;10px||10px|&#8221; animation_style=&#8221;fade&#8221; animation_direction=&#8221;right&#8221; custom_css_main_element=&#8221;padding: 15px 20px 8px 20px;&#8221; button_text_shadow_style=&#8221;preset3&#8243; button_text_shadow_blur_strength=&#8221;0.37em&#8221; button_text_shadow_color=&#8221;rgba(0,0,0,0.88)&#8221; button_bg_color_hover=&#8221;rgba(0,0,0,0)&#8221; global_colors_info=&#8221;{}&#8221; button_text_size__hover_enabled=&#8221;off&#8221; button_one_text_size__hover_enabled=&#8221;off&#8221; button_two_text_size__hover_enabled=&#8221;off&#8221; button_text_color__hover_enabled=&#8221;off&#8221; button_one_text_color__hover_enabled=&#8221;off&#8221; button_two_text_color__hover_enabled=&#8221;off&#8221; button_border_width__hover_enabled=&#8221;off&#8221; button_one_border_width__hover_enabled=&#8221;off&#8221; button_two_border_width__hover_enabled=&#8221;off&#8221; button_border_color__hover_enabled=&#8221;off&#8221; button_one_border_color__hover_enabled=&#8221;off&#8221; button_two_border_color__hover_enabled=&#8221;off&#8221; button_border_radius__hover_enabled=&#8221;off&#8221; button_one_border_radius__hover_enabled=&#8221;off&#8221; button_two_border_radius__hover_enabled=&#8221;off&#8221; button_letter_spacing__hover_enabled=&#8221;off&#8221; button_one_letter_spacing__hover_enabled=&#8221;off&#8221; button_two_letter_spacing__hover_enabled=&#8221;off&#8221; button_bg_color__hover_enabled=&#8221;on&#8221; button_bg_color__hover=&#8221;rgba(0,0,0,0.22)&#8221; button_one_bg_color__hover_enabled=&#8221;off&#8221; button_two_bg_color__hover_enabled=&#8221;off&#8221;][\/et_pb_button][\/et_pb_column][\/et_pb_row][\/et_pb_section]<\/p>\n","protected":false},"excerpt":{"rendered":"<p>Logotyp, know-how przedsi\u0119biorstwa, s\u0142owa popularnego utworu, innowacyjny program komputerowy \u2013 wszystkie te zagadnienia \u0142\u0105czy prawo w\u0142asno\u015bci na dobrach niematerialnych. Przybieraj\u0105cy na sile rozw\u00f3j nowoczesnych technologii wp\u0142ywa na zmian\u0119 dotychczasowego rozumienia w\u0142asno\u015bci wy\u0142\u0105cznie jako prawa w\u0142asno\u015bci rzeczy czy nieruchomo\u015bci. W dobie Internetu e-dokumentacji, digitalizacji obiegu dokument\u00f3w, e-marketingu niezwykle wa\u017cnym jest ochrona prawna naszych pomys\u0142\u00f3w, koncepcji i [&hellip;]<\/p>\n","protected":false},"author":2,"featured_media":0,"parent":92,"menu_order":0,"comment_status":"closed","ping_status":"closed","template":"","meta":{"_et_pb_use_builder":"on","_et_pb_old_content":"","_et_gb_content_width":"","footnotes":""},"_links":{"self":[{"href":"https:\/\/k-smok.pl\/DMS2023\/wp-json\/wp\/v2\/pages\/575"}],"collection":[{"href":"https:\/\/k-smok.pl\/DMS2023\/wp-json\/wp\/v2\/pages"}],"about":[{"href":"https:\/\/k-smok.pl\/DMS2023\/wp-json\/wp\/v2\/types\/page"}],"author":[{"embeddable":true,"href":"https:\/\/k-smok.pl\/DMS2023\/wp-json\/wp\/v2\/users\/2"}],"replies":[{"embeddable":true,"href":"https:\/\/k-smok.pl\/DMS2023\/wp-json\/wp\/v2\/comments?post=575"}],"version-history":[{"count":2,"href":"https:\/\/k-smok.pl\/DMS2023\/wp-json\/wp\/v2\/pages\/575\/revisions"}],"predecessor-version":[{"id":3732,"href":"https:\/\/k-smok.pl\/DMS2023\/wp-json\/wp\/v2\/pages\/575\/revisions\/3732"}],"up":[{"embeddable":true,"href":"https:\/\/k-smok.pl\/DMS2023\/wp-json\/wp\/v2\/pages\/92"}],"wp:attachment":[{"href":"https:\/\/k-smok.pl\/DMS2023\/wp-json\/wp\/v2\/media?parent=575"}],"curies":[{"name":"wp","href":"https:\/\/api.w.org\/{rel}","templated":true}]}}