{"id":563,"date":"2019-03-13T09:36:00","date_gmt":"2019-03-13T08:36:00","guid":{"rendered":"https:\/\/k-smok.pl\/DMS2023\/?page_id=563"},"modified":"2020-05-12T10:07:20","modified_gmt":"2020-05-12T08:07:20","slug":"prawo-sportowe","status":"publish","type":"page","link":"https:\/\/k-smok.pl\/DMS2023\/specjalizacje\/prawo-sportowe\/","title":{"rendered":"Prawo sportowe"},"content":{"rendered":"<p>[et_pb_section fb_built=&#8221;1&#8243; admin_label=&#8221;Page Title Section&#8221; _builder_version=&#8221;3.0.105&#8243; use_background_color_gradient=&#8221;on&#8221; background_color_gradient_start=&#8221;#313e47&#8243; background_color_gradient_end=&#8221;rgba(49,62,71,0.5)&#8221; background_color_gradient_overlays_image=&#8221;on&#8221; background_image=&#8221;https:\/\/k-smok.pl\/DMS2023\/wp-content\/uploads\/2018\/11\/law-firm-28.jpg&#8221; custom_padding=&#8221;120px||120px|&#8221;][et_pb_row admin_label=&#8221;Page Title Area&#8221; _builder_version=&#8221;3.0.82&#8243; background_size=&#8221;initial&#8221; background_position=&#8221;top_left&#8221; background_repeat=&#8221;repeat&#8221;][et_pb_column type=&#8221;4_4&#8243; _builder_version=&#8221;3.0.47&#8243;][et_pb_text admin_label=&#8221;Page Title&#8221; module_class=&#8221;header-title&#8221; _builder_version=&#8221;3.17.6&#8243; text_text_color=&#8221;#ffffff&#8221; text_font_size=&#8221;18px&#8221; text_line_height=&#8221;2em&#8221; header_font=&#8221;Prata||||||||&#8221; header_font_size=&#8221;60px&#8221; header_font_size_tablet=&#8221;40px&#8221; header_font_size_last_edited=&#8221;on|desktop&#8221; header_line_height=&#8221;1.6em&#8221; text_orientation=&#8221;center&#8221; background_layout=&#8221;dark&#8221; max_width=&#8221;700px&#8221; module_alignment=&#8221;center&#8221; custom_margin=&#8221;||10px|&#8221; animation_style=&#8221;fade&#8221;]<\/p>\n<h1>Prawo Sportowe<\/h1>\n<p>[\/et_pb_text][\/et_pb_column][\/et_pb_row][\/et_pb_section][et_pb_section fb_built=&#8221;1&#8243; admin_label=&#8221;Quote Section&#8221; _builder_version=&#8221;3.17.6&#8243; border_color_all=&#8221;rgba(255,186,96,0.6)&#8221; border_width_right=&#8221;8vw&#8221; border_color_right=&#8221;#e7c54c&#8221; custom_padding=&#8221;110px|0px|110px|0px&#8221;][et_pb_row use_custom_width=&#8221;on&#8221; admin_label=&#8221;Quote Area&#8221; module_class=&#8221;content-intro&#8221; _builder_version=&#8221;3.17.6&#8243;][et_pb_column type=&#8221;3_4&#8243; _builder_version=&#8221;3.0.47&#8243;][et_pb_text admin_label=&#8221;wst\u0119p&#8221; module_class=&#8221;content-intro-text&#8221; _builder_version=&#8221;3.17.6&#8243; text_font=&#8221;Roboto Slab||||||||&#8221; text_font_size=&#8221;17px&#8221; text_letter_spacing=&#8221;1px&#8221; text_line_height=&#8221;1.9em&#8221; header_3_line_height=&#8221;1.6em&#8221; border_color_all=&#8221;#313e47&#8243; border_width_left=&#8221;10px&#8221; custom_margin=&#8221;|||&#8221; custom_padding=&#8221;|||30px&#8221; animation_style=&#8221;flip&#8221; animation_intensity_flip=&#8221;5%&#8221; animation_starting_opacity=&#8221;100%&#8221;]<\/p>\n<p>Kancelaria \u015bwiadczy wyspecjalizowane us\u0142ugi prawne w\u00a0zakresie prawa sportowego, zar\u00f3wno na\u00a0rzecz krajowych i\u00a0zagranicznych klub\u00f3w, zwi\u0105zk\u00f3w i\u00a0organizacji sportowych oraz\u00a0innych podmiot\u00f3w gospodarczych funkcjonuj\u0105cych w\u00a0bran\u017cy sportowej. Doradza r\u00f3wnie\u017c zawodnikom, trenerom i\u00a0innym osobom zwi\u0105zanym ze\u00a0sportem. Jest cz\u0142onkiem Polskiego Towarzystwa Prawa Sportowego.<\/p>\n<p>[\/et_pb_text][\/et_pb_column][et_pb_column type=&#8221;1_4&#8243; _builder_version=&#8221;3.0.47&#8243;][\/et_pb_column][\/et_pb_row][et_pb_row custom_padding=&#8221;|||&#8221; admin_label=&#8221;Project Image Area&#8221; module_class=&#8221;content-image&#8221; _builder_version=&#8221;3.17.6&#8243;][et_pb_column type=&#8221;4_4&#8243; _builder_version=&#8221;3.0.47&#8243;][et_pb_image src=&#8221;https:\/\/k-smok.pl\/DMS2023\/wp-content\/uploads\/2018\/11\/business-05.jpg&#8221; show_bottom_space=&#8221;off&#8221; force_fullwidth=&#8221;on&#8221; _builder_version=&#8221;3.0.105&#8243; border_width_all=&#8221;30px&#8221; border_color_all=&#8221;#ffffff&#8221; box_shadow_style=&#8221;preset2&#8243; box_shadow_horizontal=&#8221;0px&#8221; box_shadow_vertical=&#8221;15px&#8221; box_shadow_blur=&#8221;60px&#8221; box_shadow_color=&#8221;rgba(29,61,71,0.2)&#8221; custom_margin=&#8221;|||&#8221; custom_padding=&#8221;|||&#8221; animation_style=&#8221;slide&#8221; animation_direction=&#8221;right&#8221; animation_intensity_slide=&#8221;2%&#8221;][\/et_pb_image][\/et_pb_column][\/et_pb_row][\/et_pb_section][et_pb_section fb_built=&#8221;1&#8243; admin_label=&#8221;Project Analysis Section&#8221; _builder_version=&#8221;3.0.82&#8243; custom_padding=&#8221;90px||90px|&#8221;][et_pb_row custom_padding=&#8221;60px|0px|60px|0px&#8221; admin_label=&#8221;Project Analysis Area&#8221; module_class=&#8221;content-areas&#8221; _builder_version=&#8221;3.17.6&#8243; border_color_all=&#8221;rgba(51,51,51,0.12)&#8221; border_width_top=&#8221;1px&#8221;][et_pb_column type=&#8221;1_4&#8243; _builder_version=&#8221;3.0.47&#8243;][et_pb_text admin_label=&#8221;Title&#8221; _builder_version=&#8221;3.17.6&#8243; text_font=&#8221;||||||||&#8221; header_font=&#8221;||||||||&#8221; header_3_font=&#8221;Roboto Slab||||||||&#8221; header_3_line_height=&#8221;2em&#8221; animation_style=&#8221;fold&#8221; animation_direction=&#8221;left&#8221; animation_intensity_fold=&#8221;5%&#8221;]<\/p>\n<h3>Zakres<\/h3>\n<p>[\/et_pb_text][\/et_pb_column][et_pb_column type=&#8221;3_4&#8243; _builder_version=&#8221;3.0.47&#8243;][et_pb_text admin_label=&#8221;zakres&#8221; _builder_version=&#8221;3.17.6&#8243; text_font_size=&#8221;16px&#8221; text_line_height=&#8221;2em&#8221; animation_style=&#8221;fade&#8221;]<\/p>\n<p>W\u00a0zakres us\u0142ug \u015bwiadczonych przez\u00a0Kancelari\u0119 wchodzi m. in.:<\/p>\n<ul>\n<li>opracowywanie akt\u00f3w wewn\u0119trznych polskich zwi\u0105zk\u00f3w sportowych oraz\u00a0regulamin\u00f3w klub\u00f3w sportowych,<\/li>\n<li>sporz\u0105dzanie o\u015bwiadcze\u0144 i\u00a0regulamin\u00f3w antykorupcyjnych w\u00a0sporcie,<\/li>\n<li>negocjowanie, sporz\u0105dzanie i\u00a0zawieranie um\u00f3w pomi\u0119dzy klubami i\u00a0stowarzyszeniami sportowymi a\u00a0trenerami, zawodnikami, agentami sportowymi, sponsorami i\u00a0dzia\u0142aczami sportowymi oraz\u00a0sztabem medycznym,<\/li>\n<li>negocjowanie i\u00a0sporz\u0105dzanie um\u00f3w transferowych oraz\u00a0um\u00f3w sponsorskich,<\/li>\n<li>prowadzenie post\u0119powa\u0144 dyscyplinarnych i\u00a0organizacyjnych przed\u00a0organami polskich zwi\u0105zk\u00f3w sportowych,<\/li>\n<li>reprezentacja klient\u00f3w w\u00a0post\u0119powaniach przez\u00a0sportowymi s\u0105dami polubownymi, mi\u0119dzynarodowymi federacjami sportowymi czy\u00a0s\u0105dami arbitra\u017cowymi,<\/li>\n<li>sporz\u0105dzanie opinii prawnych.<\/li>\n<\/ul>\n<p>[\/et_pb_text][\/et_pb_column][\/et_pb_row][et_pb_row custom_padding=&#8221;60px|0px|60px|0px&#8221; admin_label=&#8221;Final Result Area&#8221; module_class=&#8221;content-why-us&#8221; _builder_version=&#8221;3.17.6&#8243; border_color_all=&#8221;rgba(51,51,51,0.12)&#8221; border_width_top=&#8221;1px&#8221;][et_pb_column type=&#8221;1_4&#8243; _builder_version=&#8221;3.0.47&#8243;][et_pb_text admin_label=&#8221;Title&#8221; _builder_version=&#8221;3.0.101&#8243; text_font=&#8221;||||||||&#8221; header_font=&#8221;||||||||&#8221; header_3_font=&#8221;Roboto Slab||||||||&#8221; header_3_line_height=&#8221;2em&#8221; animation_style=&#8221;fold&#8221; animation_direction=&#8221;left&#8221; animation_intensity_fold=&#8221;5%&#8221;]<\/p>\n<h3>Dlaczego My?<\/h3>\n<p>[\/et_pb_text][\/et_pb_column][et_pb_column type=&#8221;3_4&#8243; _builder_version=&#8221;3.0.47&#8243;][et_pb_text admin_label=&#8221;dlaczego my&#8221; _builder_version=&#8221;3.17.6&#8243; text_font_size=&#8221;16px&#8221; text_line_height=&#8221;2em&#8221; animation_style=&#8221;fade&#8221;]<\/p>\n<p><span>Kancelaria ma ogromne do\u015bwiadczenie w\u00a0\u0142\u0105czeniu element\u00f3w prawa sportowego i\u00a0innych dziedzin prawa, w\u00a0kt\u00f3rych\u00a0si\u0119 specjalizuje, mi\u0119dzy innymi w:<\/span><span><br \/> <\/span><\/p>\n<ul>\n<li><span><\/span><span>prawie w\u0142asno\u015bci intelektualnej (z\u00a0tytu\u0142u naruszenia d\u00f3br osobistych; prawa do\u00a0reklamy; prawa autorskiego i\u00a0internetu, w\u00a0tym domen internetowych; u\u017cycie znak\u00f3w \u0142udz\u0105co podobnych do\u00a0ju\u017c zarejestrowanych; ochrona prawna wizerunku sportowca),<\/span><\/li>\n<li><span><\/span><span>prawie handlowym oraz\u00a0stowarzysze\u0144 i\u00a0fundacji (realizacja kr\u00f3tko- i\u00a0d\u0142ugoterminowych um\u00f3w ze\u00a0sponsorami, dostawcami i\u00a0innymi podmiotami; zarz\u0105dzanie dokumentami sp\u00f3\u0142ki; przekszta\u0142cenia form prawnych; zmiany statut\u00f3w i\u00a0um\u00f3w sp\u00f3\u0142ek; umarzanie i\u00a0zastawianie udzia\u0142\u00f3w i\u00a0akcji; posiedzenia rad nadzorczych i\u00a0zarz\u0105d\u00f3w; zgromadzenia wsp\u00f3lnik\u00f3w i\u00a0akcjonariuszy),<\/span><\/li>\n<li><span><\/span><span>rozwi\u0105zywanie spor\u00f3w \u2013 m.in., prowadzenie post\u0119powa\u0144 s\u0105dowych i\u00a0administracyjnych, prowadzenie mediacji, reprezentowanie klub\u00f3w i\u00a0sportowc\u00f3w w\u00a0post\u0119powaniach arbitra\u017cowych, a\u00a0tak\u017ce w\u00a0postarbitra\u017cowych tocz\u0105cych si\u0119 przed\u00a0s\u0105dami powszechnymi,<\/span><\/li>\n<li><span><\/span><span>podatkach m.in.\u00a0w\u00a0kwestii zwi\u0105zanej z\u00a0optymalizacj\u0105 podatkow\u0105 wszystkich podmiot\u00f3w sportowych, klub\u00f3w, organizacji i\u00a0fundacji oraz\u00a0sportowc\u00f3w i\u00a0ich trener\u00f3w.<\/span><\/li>\n<\/ul>\n<p>[\/et_pb_text][\/et_pb_column][\/et_pb_row][et_pb_row admin_label=&#8221;Fun Fact Area&#8221; module_class=&#8221;content-counters&#8221; _builder_version=&#8221;3.17.6&#8243; locked=&#8221;off&#8221; global_module=&#8221;799&#8243;][et_pb_column type=&#8221;1_3&#8243; _builder_version=&#8221;3.0.47&#8243;][et_pb_number_counter title=&#8221;Rozpraw&#8221; number=&#8221;700&#8243; percent_sign=&#8221;off&#8221; _builder_version=&#8221;3.20.2&#8243; title_font=&#8221;Roboto Slab||||||||&#8221; number_font=&#8221;Prata||||||||&#8221; number_text_color=&#8221;#e7c54c&#8221; number_font_size=&#8221;60px&#8221; custom_margin=&#8221;|||&#8221; custom_padding=&#8221;|||&#8221; locked=&#8221;off&#8221;][\/et_pb_number_counter][\/et_pb_column][et_pb_column type=&#8221;1_3&#8243; _builder_version=&#8221;3.0.47&#8243;][et_pb_number_counter title=&#8221;Wygranych spraw&#8221; number=&#8221;640&#8243; percent_sign=&#8221;off&#8221; _builder_version=&#8221;3.20.2&#8243; title_font=&#8221;Roboto Slab||||||||&#8221; number_font=&#8221;Prata||||||||&#8221; number_text_color=&#8221;#e7c54c&#8221; number_font_size=&#8221;60px&#8221; custom_margin=&#8221;|||&#8221; custom_padding=&#8221;|||&#8221; locked=&#8221;on&#8221;][\/et_pb_number_counter][\/et_pb_column][et_pb_column type=&#8221;1_3&#8243; _builder_version=&#8221;3.0.47&#8243;][et_pb_number_counter title=&#8221;Prawnik\u00f3w&#8221; number=&#8221;11&#8243; percent_sign=&#8221;off&#8221; _builder_version=&#8221;3.20.2&#8243; title_font=&#8221;Roboto Slab||||||||&#8221; number_font=&#8221;Prata||||||||&#8221; number_text_color=&#8221;#e7c54c&#8221; number_font_size=&#8221;60px&#8221; custom_margin=&#8221;|||&#8221; custom_padding=&#8221;|||&#8221; locked=&#8221;off&#8221;][\/et_pb_number_counter][\/et_pb_column][\/et_pb_row][\/et_pb_section][et_pb_section fb_built=&#8221;1&#8243; admin_label=&#8221;CTA Section&#8221; module_class=&#8221;after-content-banner&#8221; _builder_version=&#8221;3.17.6&#8243; use_background_color_gradient=&#8221;on&#8221; background_color_gradient_start=&#8221;#313e47&#8243; background_color_gradient_end=&#8221;rgba(49,62,71,0.74)&#8221; background_color_gradient_overlays_image=&#8221;on&#8221; background_image=&#8221;https:\/\/k-smok.pl\/DMS2023\/wp-content\/uploads\/2018\/11\/law-firm-03.jpg&#8221; border_color_all=&#8221;#26333a&#8221; border_width_left=&#8221;8vw&#8221; custom_padding=&#8221;200px|0px|200px|&#8221; locked=&#8221;off&#8221;][et_pb_row use_custom_gutter=&#8221;on&#8221; gutter_width=&#8221;2&#8243; admin_label=&#8221;CTA Area&#8221; _builder_version=&#8221;3.0.105&#8243; locked=&#8221;off&#8221;][et_pb_column type=&#8221;1_2&#8243; _builder_version=&#8221;3.0.47&#8243;][et_pb_text admin_label=&#8221;Title&#8221; _builder_version=&#8221;3.17.6&#8243; text_font=&#8221;||||||||&#8221; header_font=&#8221;||||||||&#8221; header_2_font=&#8221;Prata||||||||&#8221; header_2_font_size=&#8221;48px&#8221; header_2_font_size_tablet=&#8221;40px&#8221; header_2_font_size_last_edited=&#8221;on|tablet&#8221; header_2_line_height=&#8221;1.6em&#8221; background_layout=&#8221;dark&#8221; module_alignment=&#8221;center&#8221; custom_margin=&#8221;|||&#8221; custom_padding=&#8221;|||&#8221; animation_direction=&#8221;left&#8221; locked=&#8221;off&#8221;]<\/p>\n<h2>Zapraszamy<\/h2>\n<p>[\/et_pb_text][\/et_pb_column][et_pb_column type=&#8221;1_2&#8243; _builder_version=&#8221;3.0.47&#8243;][et_pb_button button_url=&#8221;https:\/\/k-smok.pl\/DMS2023\/kontakt\/&#8221; button_text=&#8221;Kontakt&#8221; button_alignment=&#8221;center&#8221; _builder_version=&#8221;3.17.6&#8243; custom_button=&#8221;on&#8221; button_text_size=&#8221;15px&#8221; button_text_color=&#8221;#ffffff&#8221; button_border_width=&#8221;1px&#8221; button_border_color=&#8221;#e8be27&#8243; button_border_radius=&#8221;7px&#8221; button_letter_spacing=&#8221;3px&#8221; button_font=&#8221;Prata|700|||||||&#8221; button_icon=&#8221;%%3%%&#8221; button_icon_color=&#8221;#ffffff&#8221; button_text_shadow_style=&#8221;preset3&#8243; button_text_shadow_blur_strength=&#8221;0.37em&#8221; button_text_shadow_color=&#8221;rgba(0,0,0,0.88)&#8221; custom_margin=&#8221;10px|||&#8221; custom_padding=&#8221;10px||10px|&#8221; animation_style=&#8221;fade&#8221; animation_direction=&#8221;right&#8221; custom_css_main_element=&#8221;padding: 15px 20px 8px 20px;&#8221; button_bg_color_hover=&#8221;rgba(0,0,0,0)&#8221; button_text_size__hover_enabled=&#8221;off&#8221; button_one_text_size__hover_enabled=&#8221;off&#8221; button_two_text_size__hover_enabled=&#8221;off&#8221; button_text_color__hover_enabled=&#8221;off&#8221; button_one_text_color__hover_enabled=&#8221;off&#8221; button_two_text_color__hover_enabled=&#8221;off&#8221; button_border_width__hover_enabled=&#8221;off&#8221; button_one_border_width__hover_enabled=&#8221;off&#8221; button_two_border_width__hover_enabled=&#8221;off&#8221; button_border_color__hover_enabled=&#8221;off&#8221; button_one_border_color__hover_enabled=&#8221;off&#8221; button_two_border_color__hover_enabled=&#8221;off&#8221; button_border_radius__hover_enabled=&#8221;off&#8221; button_one_border_radius__hover_enabled=&#8221;off&#8221; button_two_border_radius__hover_enabled=&#8221;off&#8221; button_letter_spacing__hover_enabled=&#8221;off&#8221; button_one_letter_spacing__hover_enabled=&#8221;off&#8221; button_two_letter_spacing__hover_enabled=&#8221;off&#8221; button_bg_color__hover_enabled=&#8221;on&#8221; button_bg_color__hover=&#8221;rgba(0,0,0,0.22)&#8221; button_one_bg_color__hover_enabled=&#8221;off&#8221; button_two_bg_color__hover_enabled=&#8221;off&#8221;][\/et_pb_button][\/et_pb_column][\/et_pb_row][\/et_pb_section]<\/p>\n","protected":false},"excerpt":{"rendered":"<p>Prawo Sportowe Kancelaria \u015bwiadczy wyspecjalizowane us\u0142ugi prawne w\u00a0zakresie prawa sportowego, zar\u00f3wno na\u00a0rzecz krajowych i\u00a0zagranicznych klub\u00f3w, zwi\u0105zk\u00f3w i\u00a0organizacji sportowych oraz\u00a0innych podmiot\u00f3w gospodarczych funkcjonuj\u0105cych w\u00a0bran\u017cy sportowej. Doradza r\u00f3wnie\u017c zawodnikom, trenerom i\u00a0innym osobom zwi\u0105zanym ze\u00a0sportem. Jest cz\u0142onkiem Polskiego Towarzystwa Prawa Sportowego. Zakres W\u00a0zakres us\u0142ug \u015bwiadczonych przez\u00a0Kancelari\u0119 wchodzi m. in.:opracowywanie akt\u00f3w wewn\u0119trznych polskich zwi\u0105zk\u00f3w sportowych oraz\u00a0regulamin\u00f3w klub\u00f3w sportowych,sporz\u0105dzanie o\u015bwiadcze\u0144 [&hellip;]<\/p>\n","protected":false},"author":2,"featured_media":0,"parent":92,"menu_order":0,"comment_status":"closed","ping_status":"closed","template":"","meta":{"_et_pb_use_builder":"on","_et_pb_old_content":"","_et_gb_content_width":"","footnotes":""},"_links":{"self":[{"href":"https:\/\/k-smok.pl\/DMS2023\/wp-json\/wp\/v2\/pages\/563"}],"collection":[{"href":"https:\/\/k-smok.pl\/DMS2023\/wp-json\/wp\/v2\/pages"}],"about":[{"href":"https:\/\/k-smok.pl\/DMS2023\/wp-json\/wp\/v2\/types\/page"}],"author":[{"embeddable":true,"href":"https:\/\/k-smok.pl\/DMS2023\/wp-json\/wp\/v2\/users\/2"}],"replies":[{"embeddable":true,"href":"https:\/\/k-smok.pl\/DMS2023\/wp-json\/wp\/v2\/comments?post=563"}],"version-history":[{"count":0,"href":"https:\/\/k-smok.pl\/DMS2023\/wp-json\/wp\/v2\/pages\/563\/revisions"}],"up":[{"embeddable":true,"href":"https:\/\/k-smok.pl\/DMS2023\/wp-json\/wp\/v2\/pages\/92"}],"wp:attachment":[{"href":"https:\/\/k-smok.pl\/DMS2023\/wp-json\/wp\/v2\/media?parent=563"}],"curies":[{"name":"wp","href":"https:\/\/api.w.org\/{rel}","templated":true}]}}