{"id":3954,"date":"2023-08-31T12:12:42","date_gmt":"2023-08-31T10:12:42","guid":{"rendered":"https:\/\/k-smok.pl\/DMS2023\/?page_id=3954"},"modified":"2023-10-11T14:23:23","modified_gmt":"2023-10-11T12:23:23","slug":"pomoc-prawna-dla-pielegniarek","status":"publish","type":"page","link":"https:\/\/k-smok.pl\/DMS2023\/specjalizacje\/prawo-medyczne\/pomoc-prawna-dla-pielegniarek\/","title":{"rendered":"Pomoc prawna dla piel\u0119gniarek"},"content":{"rendered":"<p>[et_pb_section fb_built=&#8221;1&#8243; custom_padding_last_edited=&#8221;on|phone&#8221; admin_label=&#8221;Page Title Section&#8221; _builder_version=&#8221;4.17.6&#8243; _module_preset=&#8221;2d37c903-28be-4051-9215-0dbe5a365c37&#8243; custom_padding=&#8221;50px||50px||false|false&#8221; custom_padding_tablet=&#8221;50px||50px||false|false&#8221; custom_padding_phone=&#8221;30px||10px||false|false&#8221; global_module=&#8221;1963&#8243; global_colors_info=&#8221;{}&#8221;][et_pb_row admin_label=&#8221;Page Title Area&#8221; _builder_version=&#8221;4.16&#8243; background_size=&#8221;initial&#8221; background_position=&#8221;top_left&#8221; background_repeat=&#8221;repeat&#8221; custom_padding=&#8221;||9px|||&#8221; global_colors_info=&#8221;{}&#8221;][et_pb_column type=&#8221;4_4&#8243; _builder_version=&#8221;4.16&#8243; custom_padding=&#8221;|||&#8221; global_colors_info=&#8221;{}&#8221; custom_padding__hover=&#8221;|||&#8221;][et_pb_post_title meta=&#8221;off&#8221; featured_image=&#8221;off&#8221; admin_label=&#8221;Tytu\u0142 posta&#8221; _builder_version=&#8221;4.19.1&#8243; _module_preset=&#8221;default&#8221; title_font=&#8221;Quincy CF Regular||||||||&#8221; title_text_align=&#8221;center&#8221; title_text_color=&#8221;#FFFFFF&#8221; title_font_size=&#8221;50px&#8221; title_line_height=&#8221;1.4em&#8221; width=&#8221;100%&#8221; global_colors_info=&#8221;{}&#8221;][\/et_pb_post_title][\/et_pb_column][\/et_pb_row][\/et_pb_section][et_pb_section fb_built=&#8221;1&#8243; admin_label=&#8221;Quote Section&#8221; _builder_version=&#8221;4.16&#8243; custom_padding=&#8221;110px|0px|110px|0px&#8221; border_color_all=&#8221;rgba(255,186,96,0.6)&#8221; border_width_right=&#8221;8vw&#8221; border_color_right=&#8221;#502b3a&#8221; global_colors_info=&#8221;{}&#8221;][et_pb_row admin_label=&#8221;Quote Area&#8221; module_class=&#8221;content-intro&#8221; _builder_version=&#8221;4.16&#8243; use_custom_width=&#8221;on&#8221; global_colors_info=&#8221;{}&#8221;][et_pb_column type=&#8221;4_4&#8243; _builder_version=&#8221;4.16&#8243; custom_padding=&#8221;|||&#8221; global_colors_info=&#8221;{}&#8221; custom_padding__hover=&#8221;|||&#8221;][et_pb_text admin_label=&#8221;wst\u0119p&#8221; module_class=&#8221;content-intro-text&#8221; _builder_version=&#8221;4.19.1&#8243; text_font=&#8221;Roboto Slab||||||||&#8221; text_font_size=&#8221;17px&#8221; text_letter_spacing=&#8221;1px&#8221; text_line_height=&#8221;1.9em&#8221; header_3_line_height=&#8221;1.6em&#8221; custom_margin=&#8221;|||&#8221; custom_padding=&#8221;|||30px&#8221; animation_style=&#8221;flip&#8221; animation_intensity_flip=&#8221;5%&#8221; animation_starting_opacity=&#8221;100%&#8221; border_color_all=&#8221;#313e47&#8243; border_width_left=&#8221;10px&#8221; global_colors_info=&#8221;{}&#8221;]<\/p>\n<p data-pm-slice=\"1 1 []\">Piel\u0119gniarki i po\u0142o\u017cne s\u0105 filarami systemu opieki zdrowotnej, pe\u0142ni\u0105c kluczow\u0105 rol\u0119 w diagnozowaniu, leczeniu i opiece nad pacjentami. Ich praca jest nie tylko wymagaj\u0105ca fizycznie, ale r\u00f3wnie\u017c obarczona ogromn\u0105 odpowiedzialno\u015bci\u0105 i ryzykiem.<\/p>\n<p>W zwi\u0105zku z tym, wsparcie prawne dla tych zawod\u00f3w staje si\u0119 nie tylko po\u017c\u0105dane, ale wr\u0119cz niezb\u0119dne. Zarzuty dotycz\u0105ce b\u0142\u0119d\u00f3w w leczeniu, naruszenia praw pacjent\u00f3w czy nawet kwestii odszkodowawczych staj\u0105 si\u0119 coraz bardziej powszechne.<\/p>\n<p>Oferujemy wsparcie prawne dostosowane do indywidualnych potrzeb piel\u0119gniarkom i\u00a0po\u0142o\u017cnym prowadz\u0105cym praktyki indywidualne i\u00a0grupowe oraz\u00a0\u015bwiadcz\u0105cym us\u0142ugi na\u00a0podstawie umowy o\u00a0prac\u0119.<\/p>\n<p>[\/et_pb_text][\/et_pb_column][\/et_pb_row][et_pb_row admin_label=&#8221;Project Image Area&#8221; module_class=&#8221;content-image&#8221; _builder_version=&#8221;4.16&#8243; custom_padding=&#8221;|||&#8221; global_colors_info=&#8221;{}&#8221;][et_pb_column type=&#8221;4_4&#8243; _builder_version=&#8221;4.16&#8243; custom_padding=&#8221;|||&#8221; global_colors_info=&#8221;{}&#8221; custom_padding__hover=&#8221;|||&#8221;][et_pb_image src=&#8221;https:\/\/k-smok.pl\/DMS2023\/wp-content\/uploads\/2023\/08\/dla-pielegniarek1.png&#8221; alt=&#8221;Pomoc prawna dla piel\u0119gniarek | Kancelaria prawna SMOK | Dzia\u0142ania podj\u0119te przez Okr\u0119gow\u0105 Izb\u0119 Piel\u0119gniarek i Po\u0142o\u017cnych. Szanowni Pa\u0144stwo zapraszamy do kontaktu, gdzie do\u015bwiadczony prawnik, radca prawny udzieli porady prawnej&#8221; title_text=&#8221;dla-pielegniarek1&#8243; show_bottom_space=&#8221;off&#8221; force_fullwidth=&#8221;on&#8221; align_tablet=&#8221;center&#8221; align_phone=&#8221;&#8221; align_last_edited=&#8221;on|desktop&#8221; _builder_version=&#8221;4.19.1&#8243; custom_margin=&#8221;|||&#8221; custom_padding=&#8221;|||&#8221; animation_style=&#8221;slide&#8221; animation_direction=&#8221;right&#8221; animation_intensity_slide=&#8221;2%&#8221; border_width_all=&#8221;30px&#8221; border_color_all=&#8221;#ffffff&#8221; box_shadow_style=&#8221;preset2&#8243; box_shadow_horizontal=&#8221;0px&#8221; box_shadow_vertical=&#8221;15px&#8221; box_shadow_blur=&#8221;60px&#8221; box_shadow_color=&#8221;rgba(29,61,71,0.2)&#8221; global_colors_info=&#8221;{}&#8221;][\/et_pb_image][\/et_pb_column][\/et_pb_row][\/et_pb_section][et_pb_section fb_built=&#8221;1&#8243; admin_label=&#8221;Project Analysis Section&#8221; _builder_version=&#8221;4.16&#8243; custom_padding=&#8221;90px||30px|||&#8221; global_colors_info=&#8221;{}&#8221;][et_pb_row column_structure=&#8221;1_4,3_4&#8243; admin_label=&#8221;Project Analysis Area&#8221; module_class=&#8221;content-areas&#8221; _builder_version=&#8221;4.16&#8243; custom_padding=&#8221;60px|0px|60px|0px&#8221; border_color_all=&#8221;rgba(51,51,51,0.12)&#8221; border_width_top=&#8221;1px&#8221; global_colors_info=&#8221;{}&#8221;][et_pb_column type=&#8221;1_4&#8243; _builder_version=&#8221;4.16&#8243; custom_padding=&#8221;|||&#8221; global_colors_info=&#8221;{}&#8221; custom_padding__hover=&#8221;|||&#8221;][et_pb_text admin_label=&#8221;Title&#8221; _builder_version=&#8221;4.19.1&#8243; text_font=&#8221;||||||||&#8221; header_font=&#8221;||||||||&#8221; header_3_font=&#8221;Roboto Slab||||||||&#8221; header_3_line_height=&#8221;2em&#8221; animation_style=&#8221;fold&#8221; animation_direction=&#8221;left&#8221; animation_intensity_fold=&#8221;5%&#8221; global_colors_info=&#8221;{}&#8221;]<\/p>\n<h2 data-pm-slice=\"1 1 []\"><strong><span data-color=\"var(--orange-10)\">Pomoc prawna dla piel\u0119gniarki i po\u0142o\u017cnej &#8211; dlaczego te zawody potrzebuj\u0105 pomocy prawnej?<\/span><\/strong><\/h2>\n<p>[\/et_pb_text][\/et_pb_column][et_pb_column type=&#8221;3_4&#8243; _builder_version=&#8221;4.16&#8243; custom_padding=&#8221;|||&#8221; global_colors_info=&#8221;{}&#8221; custom_padding__hover=&#8221;|||&#8221;][et_pb_text admin_label=&#8221;zakres&#8221; _builder_version=&#8221;4.19.1&#8243; text_font_size=&#8221;16px&#8221; text_line_height=&#8221;2em&#8221; animation_style=&#8221;fade&#8221; global_colors_info=&#8221;{}&#8221;]<\/p>\n<h4 data-pm-slice=\"1 1 []\"><strong><em>Odpowiedzialno\u015b\u0107 zawodowa<\/em><\/strong><\/h4>\n<p>Piel\u0119gniarki i <span data-color=\"var(--orange-10)\">po\u0142o\u017cne <\/span>s\u0105 cz\u0119sto odpowiedzialne za \u017cycie i zdrowie pacjent\u00f3w, co mo\u017ce prowadzi\u0107 do potencjalnych problem\u00f3w prawnych. Zmiany w umowach o prac\u0119, negocjacje dotycz\u0105ce wynagrodze\u0144 czy te\u017c niejasno\u015bci w obowi\u0105zuj\u0105cych przepisach mog\u0105 wymaga\u0107 konsultacji prawnych.<\/p>\n<h4><strong><em>Umowy o prac\u0119<\/em><\/strong><\/h4>\n<p><span data-color=\"var(--orange-10)\">Piel\u0119gniarki i po\u0142o\u017cne, podobnie jak inni pracownicy, podpisuj\u0105 umowy o prac\u0119, kt\u00f3re mog\u0105 zawiera\u0107 skomplikowane klauzule dotycz\u0105ce godzin pracy, wynagrodzenia, nadgodzin czy urlop\u00f3w. Zrozumienie i negocjowanie tych um\u00f3w mo\u017ce wymaga\u0107 wsparcia prawnego.<\/span> Niejasno\u015bci w umowach mog\u0105 prowadzi\u0107 do konflikt\u00f3w z pracodawc\u0105.<\/p>\n<h4><strong><em>Etyka zawodowa<\/em><\/strong><\/h4>\n<p>Piel\u0119gniarki i po\u0142o\u017cne cz\u0119sto staj\u0105 przed dylematami etycznymi, kt\u00f3re mog\u0105 mie\u0107 r\u00f3wnie\u017c aspekt prawny, jak np. prawa pacjenta do informacji czy prawa do odmowy leczenia.<\/p>\n<h4><strong><em>Post\u0119powania dyscyplinarne<\/em><\/strong><\/h4>\n<p>Reprezentujemy piel\u0119gniarki i po\u0142o\u017cne w post\u0119powaniach dyscyplinarnych, zar\u00f3wno wewn\u0119trznych, jak i przed Okr\u0119gow\u0105 Izb\u0105 Piel\u0119gniarek i Po\u0142o\u017cnych.<\/p>\n<h4><strong><em>Zmieniaj\u0105ce si\u0119 pzepisy<\/em><\/strong><\/h4>\n<p><span data-color=\"var(--orange-10)\">Prawo medyczne i prawo pracy s\u0105 obszarami prawa, kt\u00f3re cz\u0119sto ulegaj\u0105 zmianom. Piel\u0119gniarki i po\u0142o\u017cne musz\u0105 by\u0107 na bie\u017c\u0105co z aktualnymi przepisami, aby prawid\u0142owo wykonywa\u0107 swoje obowi\u0105zki.<\/span><\/p>\n<p><span data-color=\"var(--orange-10)\">W obliczu tych i wielu innych potencjalnych spraw prawnych, profesjonalna pomoc prawna jest nie tylko przydatna, ale cz\u0119sto niezb\u0119dna dla piel\u0119gniarek i po\u0142o\u017cnych, aby mog\u0142y skupi\u0107 si\u0119 na swojej podstawowej roli &#8211; dbaniu o pacjent\u00f3w.<\/span><\/p>\n<p>[\/et_pb_text][\/et_pb_column][\/et_pb_row][et_pb_row column_structure=&#8221;1_4,3_4&#8243; admin_label=&#8221;Project Analysis Area&#8221; module_class=&#8221;content-areas&#8221; _builder_version=&#8221;4.16&#8243; custom_padding=&#8221;60px|0px|60px|0px&#8221; border_color_all=&#8221;rgba(51,51,51,0.12)&#8221; border_width_top=&#8221;1px&#8221; global_colors_info=&#8221;{}&#8221;][et_pb_column type=&#8221;1_4&#8243; _builder_version=&#8221;4.16&#8243; custom_padding=&#8221;|||&#8221; global_colors_info=&#8221;{}&#8221; custom_padding__hover=&#8221;|||&#8221;][et_pb_text admin_label=&#8221;Title&#8221; _builder_version=&#8221;4.19.1&#8243; text_font=&#8221;||||||||&#8221; header_font=&#8221;||||||||&#8221; header_3_font=&#8221;Roboto Slab||||||||&#8221; header_3_line_height=&#8221;2em&#8221; animation_style=&#8221;fold&#8221; animation_direction=&#8221;left&#8221; animation_intensity_fold=&#8221;5%&#8221; global_colors_info=&#8221;{}&#8221;]<\/p>\n<h2 data-pm-slice=\"1 1 []\"><strong><span data-color=\"var(--orange-10)\">Adwokat dla piel\u0119gniarek i po\u0142o\u017cnych<\/span><\/strong><\/h2>\n<p>[\/et_pb_text][\/et_pb_column][et_pb_column type=&#8221;3_4&#8243; _builder_version=&#8221;4.16&#8243; custom_padding=&#8221;|||&#8221; global_colors_info=&#8221;{}&#8221; custom_padding__hover=&#8221;|||&#8221;][et_pb_text admin_label=&#8221;zakres&#8221; _builder_version=&#8221;4.19.1&#8243; text_font_size=&#8221;16px&#8221; text_line_height=&#8221;2em&#8221; animation_style=&#8221;fade&#8221; global_colors_info=&#8221;{}&#8221;]<\/p>\n<p data-pm-slice=\"1 1 []\"><span data-color=\"var(--orange-10)\">Adwokat dla piel\u0119gniarek i po\u0142o\u017cnych to specjalista, kt\u00f3ry posiada dog\u0142\u0119bn\u0105 wiedz\u0119 z zakresu prawa medycznego i jest w stanie udzieli\u0107 wsparcia w kwestiach prawnych dotycz\u0105cych wykonywania zawodu. Mo\u017ce to by\u0107 pomoc w zakresie interpretacji przepis\u00f3w, reprezentacja przed s\u0105dem w przypadku zarzut\u00f3w o b\u0142\u0119dy medyczne, doradztwo w zakresie um\u00f3w o prac\u0119 czy wsparcie w sytuacjach konfliktowych z pracodawc\u0105 czy pacjentami.<\/span><\/p>\n<p>[\/et_pb_text][\/et_pb_column][\/et_pb_row][et_pb_row admin_label=&#8221;Project Image Area&#8221; module_class=&#8221;content-image&#8221; _builder_version=&#8221;4.16&#8243; custom_padding=&#8221;|||&#8221; global_colors_info=&#8221;{}&#8221;][et_pb_column type=&#8221;4_4&#8243; _builder_version=&#8221;4.16&#8243; custom_padding=&#8221;|||&#8221; global_colors_info=&#8221;{}&#8221; custom_padding__hover=&#8221;|||&#8221;][et_pb_image src=&#8221;https:\/\/k-smok.pl\/DMS2023\/wp-content\/uploads\/2023\/10\/doctor-563428_640.jpg&#8221; alt=&#8221;lekarzy i piel\u0119gniarki&#8221; title_text=&#8221;doctor-563428_640&#8243; show_bottom_space=&#8221;off&#8221; force_fullwidth=&#8221;on&#8221; align_tablet=&#8221;center&#8221; align_phone=&#8221;&#8221; align_last_edited=&#8221;on|desktop&#8221; _builder_version=&#8221;4.19.1&#8243; custom_margin=&#8221;|||&#8221; custom_padding=&#8221;|||&#8221; animation_style=&#8221;slide&#8221; animation_direction=&#8221;right&#8221; animation_intensity_slide=&#8221;2%&#8221; border_width_all=&#8221;30px&#8221; border_color_all=&#8221;#ffffff&#8221; box_shadow_style=&#8221;preset2&#8243; box_shadow_horizontal=&#8221;0px&#8221; box_shadow_vertical=&#8221;15px&#8221; box_shadow_blur=&#8221;60px&#8221; box_shadow_color=&#8221;rgba(29,61,71,0.2)&#8221; global_colors_info=&#8221;{}&#8221;][\/et_pb_image][\/et_pb_column][\/et_pb_row][et_pb_row column_structure=&#8221;1_4,3_4&#8243; admin_label=&#8221;Project Analysis Area&#8221; module_class=&#8221;content-areas&#8221; _builder_version=&#8221;4.16&#8243; custom_padding=&#8221;60px|0px|60px|0px&#8221; border_color_all=&#8221;rgba(51,51,51,0.12)&#8221; border_width_top=&#8221;1px&#8221; global_colors_info=&#8221;{}&#8221;][et_pb_column type=&#8221;1_4&#8243; _builder_version=&#8221;4.16&#8243; custom_padding=&#8221;|||&#8221; global_colors_info=&#8221;{}&#8221; custom_padding__hover=&#8221;|||&#8221;][et_pb_text admin_label=&#8221;Title&#8221; _builder_version=&#8221;4.19.1&#8243; text_font=&#8221;||||||||&#8221; header_font=&#8221;||||||||&#8221; header_3_font=&#8221;Roboto Slab||||||||&#8221; header_3_line_height=&#8221;2em&#8221; animation_style=&#8221;fold&#8221; animation_direction=&#8221;left&#8221; animation_intensity_fold=&#8221;5%&#8221; global_colors_info=&#8221;{}&#8221;]<\/p>\n<h3 data-pm-slice=\"1 1 []\"><strong>Dlaczego my?<\/strong><\/h3>\n<p>[\/et_pb_text][\/et_pb_column][et_pb_column type=&#8221;3_4&#8243; _builder_version=&#8221;4.16&#8243; custom_padding=&#8221;|||&#8221; global_colors_info=&#8221;{}&#8221; custom_padding__hover=&#8221;|||&#8221;][et_pb_text admin_label=&#8221;zakres&#8221; _builder_version=&#8221;4.19.1&#8243; text_font_size=&#8221;16px&#8221; text_line_height=&#8221;2em&#8221; animation_style=&#8221;fade&#8221; global_colors_info=&#8221;{}&#8221;]<\/p>\n<p data-pm-slice=\"1 1 []\"><span data-color=\"var(--orange-10)\">W trakcie wykonywania swojego zawodu, zar\u00f3wno piel\u0119gniarki, jak i po\u0142o\u017cne, mog\u0105 napotka\u0107 na liczne sprawy wymagaj\u0105ce wsparcia w zakresie prawa.<\/span><\/p>\n<p><span data-color=\"var(--orange-10)\">W takich momentach, <\/span><strong><span data-color=\"var(--orange-10)\">profesjonalne porady prawne <\/span><\/strong><span data-color=\"var(--orange-10)\">staj\u0105 si\u0119 nieocenione. Kancelaria SMOK oferuje pomoc prawn\u0105 dostosowan\u0105 do specyfiki pracy medycznej, zapewniaj\u0105c szybkie i precyzyjne opracowanie odpowiedzi na wszelkie pytania i w\u0105tpliwo\u015bci.<\/span><\/p>\n<p><span data-color=\"var(--orange-10)\">Nasz zesp\u00f3\u0142 ekspert\u00f3w jest got\u00f3w s\u0142u\u017cy\u0107 rad\u0105 i wsparciem, aby ka\u017cdy przedstawiciel tego szlachetnego zawodu m\u00f3g\u0142 czu\u0107 si\u0119 pewnie w aspektach prawnych swojej pracy.<\/span><\/p>\n<p>W <strong>Kancelarii Prawnej SMOK <\/strong>wiemy, \u017ce do ka\u017cdej sprawy nale\u017cy podej\u015b\u0107 indywidualnie. Rozumiemy, \u017ce cz\u0119sto sprawy s\u0105 <strong>wieloaspektowe <\/strong>i wymagaj\u0105 <strong>multidyscyplinarnej wiedzy<\/strong>, zar\u00f3wno z obszaru r\u00f3\u017cnych dziedzin prawa jak i dziedziny przedmiotowej. Dlatego posiadamy wieloosobowy zesp\u00f3\u0142 specjalist\u00f3w o wzajemnie zaz\u0119biaj\u0105cych si\u0119 i uzupe\u0142niaj\u0105cych kompetencjach.<\/p>\n<p><strong>Nasz\u0105 mocn\u0105 stron\u0105 jest indywidualne i\u00a0uczciwe podej\u015bcie do\u00a0Klienta<\/strong>. Do\u00a0ka\u017cdej sprawy, bez\u00a0wzgl\u0119du na\u00a0jej przedmiot czy\u00a0warto\u015b\u0107, przyk\u0142adamy tak\u0105 sam\u0105 wag\u0119. Prowadzimy sprawy unikaj\u0105c zb\u0119dnych koszt\u00f3w post\u0119powania i\u00a0zawi\u0142o\u015bci proceduralnych, <strong>d\u0105\u017c\u0105c do\u00a0sprawnego i\u00a0efektywnego rozwi\u0105zania problem\u00f3w<\/strong> Klienta.<\/p>\n<p><strong>Je\u015bli jeste\u015b piel\u0119gniark\u0105 lub po\u0142o\u017cn\u0105 i potrzebujesz wsparcia prawnego, <\/strong><a href=\"https:\/\/k-smok.pl\/DMS2023\/kontakt\/\" target=\"_blank\" rel=\"noopener noreferrer\"><strong>skontaktuj si\u0119 z nami<\/strong><\/a> za pomoc\u0105 poczty elektronicznej na adres e-mail: <a href=\"mailto:kontakt@k-smok.pl\" target=\"_blank\" rel=\"noopener noreferrer\"><strong>kontakt@k-smok.pl<\/strong><\/a><strong> lub telefonicznie <\/strong><a href=\"tel:+48793345777\" target=\"_blank\" rel=\"noopener noreferrer\"><strong>+48 793 345 777<\/strong><\/a><\/p>\n<p>[\/et_pb_text][\/et_pb_column][\/et_pb_row][et_pb_row column_structure=&#8221;1_3,1_3,1_3&#8243; admin_label=&#8221;Fun Fact Area&#8221; module_class=&#8221;content-counters&#8221; _builder_version=&#8221;4.16&#8243; global_module=&#8221;799&#8243; saved_tabs=&#8221;all&#8221; locked=&#8221;off&#8221; global_colors_info=&#8221;{}&#8221;][et_pb_column type=&#8221;1_3&#8243; _builder_version=&#8221;4.16&#8243; custom_padding=&#8221;|||&#8221; global_colors_info=&#8221;{}&#8221; custom_padding__hover=&#8221;|||&#8221;][et_pb_number_counter title=&#8221;Ilo\u015b\u0107 rozpraw&#8221; number=&#8221;1000+&#8221; percent_sign=&#8221;off&#8221; _builder_version=&#8221;4.19.1&#8243; title_font=&#8221;|700|||||||&#8221; number_font_size=&#8221;60px&#8221; custom_margin=&#8221;|||&#8221; custom_padding=&#8221;|||&#8221; locked=&#8221;off&#8221; global_colors_info=&#8221;{}&#8221;][\/et_pb_number_counter][\/et_pb_column][et_pb_column type=&#8221;1_3&#8243; _builder_version=&#8221;4.16&#8243; custom_padding=&#8221;|||&#8221; global_colors_info=&#8221;{}&#8221; custom_padding__hover=&#8221;|||&#8221;][et_pb_number_counter title=&#8221;Ilo\u015b\u0107 prowadzonych spraw&#8221; number=&#8221;800+&#8221; percent_sign=&#8221;off&#8221; _builder_version=&#8221;4.19.1&#8243; title_font=&#8221;|700|||||||&#8221; number_font_size=&#8221;60px&#8221; custom_margin=&#8221;|||&#8221; custom_padding=&#8221;|||&#8221; locked=&#8221;off&#8221; global_colors_info=&#8221;{}&#8221;][\/et_pb_number_counter][\/et_pb_column][et_pb_column type=&#8221;1_3&#8243; _builder_version=&#8221;4.16&#8243; custom_padding=&#8221;|||&#8221; global_colors_info=&#8221;{}&#8221; custom_padding__hover=&#8221;|||&#8221;][et_pb_number_counter title=&#8221;Prawnik\u00f3w&#8221; number=&#8221;11&#8243; percent_sign=&#8221;off&#8221; _builder_version=&#8221;4.19.1&#8243; title_font=&#8221;|700|||||||&#8221; number_font_size=&#8221;60px&#8221; custom_margin=&#8221;|||&#8221; custom_padding=&#8221;|||&#8221; locked=&#8221;off&#8221; global_colors_info=&#8221;{}&#8221;][\/et_pb_number_counter][\/et_pb_column][\/et_pb_row][\/et_pb_section][et_pb_section fb_built=&#8221;1&#8243; _builder_version=&#8221;4.17.6&#8243; _module_preset=&#8221;default&#8221; custom_padding=&#8221;33px|||||&#8221; global_colors_info=&#8221;{}&#8221;][et_pb_row _builder_version=&#8221;4.17.6&#8243; _module_preset=&#8221;default&#8221; global_colors_info=&#8221;{}&#8221;][et_pb_column type=&#8221;4_4&#8243; _builder_version=&#8221;4.17.6&#8243; _module_preset=&#8221;default&#8221; global_colors_info=&#8221;{}&#8221;][et_pb_text admin_label=&#8221;Title&#8221; _builder_version=&#8221;4.16&#8243; text_font=&#8221;||||||||&#8221; header_font=&#8221;||||||||&#8221; header_3_font=&#8221;Roboto Slab||||||||&#8221; header_3_line_height=&#8221;2em&#8221; animation_style=&#8221;fold&#8221; animation_direction=&#8221;left&#8221; animation_intensity_fold=&#8221;5%&#8221; global_module=&#8221;2893&#8243; global_colors_info=&#8221;{}&#8221;]<\/p>\n<h3>Nasze artyku\u0142y<\/h3>\n<p>[\/et_pb_text][et_pb_blog fullwidth=&#8221;off&#8221; include_categories=&#8221;20&#8243; meta_date=&#8221;d M y&#8221; excerpt_length=&#8221;0&#8243; show_more=&#8221;on&#8221; show_author=&#8221;off&#8221; show_excerpt=&#8221;off&#8221; module_class=&#8221;blog-podstrona&#8221; _builder_version=&#8221;4.17.6&#8243; _module_preset=&#8221;default&#8221; custom_css_title=&#8221;min-height:65px;&#8221; global_colors_info=&#8221;{}&#8221;][\/et_pb_blog][\/et_pb_column][\/et_pb_row][\/et_pb_section][et_pb_section fb_built=&#8221;1&#8243; admin_label=&#8221;CTA Section&#8221; module_class=&#8221;after-content-banner&#8221; _builder_version=&#8221;4.19.1&#8243; use_background_color_gradient=&#8221;on&#8221; background_color_gradient_stops=&#8221;rgba(80,43,58,0.78) 0%|rgba(29,18,22,0.66) 100%&#8221; background_color_gradient_overlays_image=&#8221;on&#8221; background_color_gradient_start=&#8221;rgba(80,43,58,0.78)&#8221; background_color_gradient_end=&#8221;rgba(29,18,22,0.66)&#8221; background_image=&#8221;https:\/\/k-smok.pl\/DMS2023\/wp-content\/uploads\/2018\/11\/law-firm-03.jpg&#8221; custom_margin=&#8221;||-50px||false|false&#8221; custom_margin_tablet=&#8221;||-60px||false|false&#8221; custom_margin_phone=&#8221;||-60px||false|false&#8221; custom_margin_last_edited=&#8221;on|desktop&#8221; custom_padding=&#8221;200px|0px|200px||false|false&#8221; background_color_gradient_stops_tablet=&#8221;rgba(80,43,58,0.78) 0%|rgba(29,18,22,0.66) 100%&#8221; background_color_gradient_stops_phone=&#8221;rgba(80,43,58,0.78) 0%|rgba(29,18,22,0.66) 100%&#8221; border_color_all=&#8221;#1d1216&#8243; border_width_right=&#8221;8vw&#8221; border_width_left=&#8221;8vw&#8221; global_module=&#8221;1959&#8243; locked=&#8221;off&#8221; global_colors_info=&#8221;{}&#8221;][et_pb_row column_structure=&#8221;1_2,1_2&#8243; use_custom_gutter=&#8221;on&#8221; gutter_width=&#8221;2&#8243; admin_label=&#8221;CTA Area&#8221; _builder_version=&#8221;4.16&#8243; locked=&#8221;off&#8221; global_colors_info=&#8221;{}&#8221;][et_pb_column type=&#8221;1_2&#8243; _builder_version=&#8221;4.16&#8243; custom_padding=&#8221;|||&#8221; global_colors_info=&#8221;{}&#8221; custom_padding__hover=&#8221;|||&#8221;][et_pb_text admin_label=&#8221;Title&#8221; _builder_version=&#8221;4.16&#8243; text_font=&#8221;||||||||&#8221; header_font=&#8221;||||||||&#8221; header_2_font=&#8221;Prata||||||||&#8221; header_2_font_size=&#8221;48px&#8221; header_2_line_height=&#8221;1.6em&#8221; background_layout=&#8221;dark&#8221; module_alignment=&#8221;center&#8221; custom_margin=&#8221;|||&#8221; custom_padding=&#8221;|||&#8221; animation_direction=&#8221;left&#8221; header_2_font_size_tablet=&#8221;40px&#8221; header_2_font_size_phone=&#8221;&#8221; header_2_font_size_last_edited=&#8221;on|tablet&#8221; locked=&#8221;off&#8221; global_colors_info=&#8221;{}&#8221;]<\/p>\n<h2>Zapraszamy<\/h2>\n<p>[\/et_pb_text][\/et_pb_column][et_pb_column type=&#8221;1_2&#8243; _builder_version=&#8221;4.16&#8243; custom_padding=&#8221;|||&#8221; global_colors_info=&#8221;{}&#8221; custom_padding__hover=&#8221;|||&#8221;][et_pb_button button_url=&#8221;https:\/\/k-smok.pl\/DMS2023\/kontakt\/&#8221; button_text=&#8221;Kontakt&#8221; button_alignment=&#8221;center&#8221; _builder_version=&#8221;4.16&#8243; custom_button=&#8221;on&#8221; button_text_size=&#8221;15px&#8221; button_text_color=&#8221;#FFFFFF&#8221; button_border_width=&#8221;1px&#8221; button_border_color=&#8221;#FFFFFF&#8221; button_border_radius=&#8221;7px&#8221; button_letter_spacing=&#8221;3px&#8221; button_font=&#8221;Prata|700|||||||&#8221; button_icon=&#8221;&#x24;||divi||400&#8243; button_icon_color=&#8221;#ffffff&#8221; custom_margin=&#8221;10px|||&#8221; custom_padding=&#8221;10px||10px|&#8221; animation_style=&#8221;fade&#8221; animation_direction=&#8221;right&#8221; custom_css_main_element=&#8221;padding: 15px 20px 8px 20px;&#8221; button_text_shadow_style=&#8221;preset3&#8243; button_text_shadow_blur_strength=&#8221;0.37em&#8221; button_text_shadow_color=&#8221;rgba(0,0,0,0.88)&#8221; button_bg_color_hover=&#8221;rgba(0,0,0,0)&#8221; global_colors_info=&#8221;{}&#8221; button_text_size__hover_enabled=&#8221;off&#8221; button_one_text_size__hover_enabled=&#8221;off&#8221; button_two_text_size__hover_enabled=&#8221;off&#8221; button_text_color__hover_enabled=&#8221;off&#8221; button_one_text_color__hover_enabled=&#8221;off&#8221; button_two_text_color__hover_enabled=&#8221;off&#8221; button_border_width__hover_enabled=&#8221;off&#8221; button_one_border_width__hover_enabled=&#8221;off&#8221; button_two_border_width__hover_enabled=&#8221;off&#8221; button_border_color__hover_enabled=&#8221;off&#8221; button_one_border_color__hover_enabled=&#8221;off&#8221; button_two_border_color__hover_enabled=&#8221;off&#8221; button_border_radius__hover_enabled=&#8221;off&#8221; button_one_border_radius__hover_enabled=&#8221;off&#8221; button_two_border_radius__hover_enabled=&#8221;off&#8221; button_letter_spacing__hover_enabled=&#8221;off&#8221; button_one_letter_spacing__hover_enabled=&#8221;off&#8221; button_two_letter_spacing__hover_enabled=&#8221;off&#8221; button_bg_color__hover_enabled=&#8221;on&#8221; button_bg_color__hover=&#8221;rgba(0,0,0,0.22)&#8221; button_one_bg_color__hover_enabled=&#8221;off&#8221; button_two_bg_color__hover_enabled=&#8221;off&#8221;][\/et_pb_button][\/et_pb_column][\/et_pb_row][\/et_pb_section]<\/p>\n","protected":false},"excerpt":{"rendered":"<p>Piel\u0119gniarki i po\u0142o\u017cne s\u0105 filarami systemu opieki zdrowotnej, pe\u0142ni\u0105c kluczow\u0105 rol\u0119 w diagnozowaniu, leczeniu i opiece nad pacjentami. Ich praca jest nie tylko wymagaj\u0105ca fizycznie, ale r\u00f3wnie\u017c obarczona ogromn\u0105 odpowiedzialno\u015bci\u0105 i ryzykiem. W zwi\u0105zku z tym, wsparcie prawne dla tych zawod\u00f3w staje si\u0119 nie tylko po\u017c\u0105dane, ale wr\u0119cz niezb\u0119dne. Zarzuty dotycz\u0105ce b\u0142\u0119d\u00f3w w leczeniu, naruszenia [&hellip;]<\/p>\n","protected":false},"author":8,"featured_media":3955,"parent":565,"menu_order":0,"comment_status":"closed","ping_status":"closed","template":"","meta":{"_et_pb_use_builder":"on","_et_pb_old_content":"","_et_gb_content_width":"","footnotes":""},"_links":{"self":[{"href":"https:\/\/k-smok.pl\/DMS2023\/wp-json\/wp\/v2\/pages\/3954"}],"collection":[{"href":"https:\/\/k-smok.pl\/DMS2023\/wp-json\/wp\/v2\/pages"}],"about":[{"href":"https:\/\/k-smok.pl\/DMS2023\/wp-json\/wp\/v2\/types\/page"}],"author":[{"embeddable":true,"href":"https:\/\/k-smok.pl\/DMS2023\/wp-json\/wp\/v2\/users\/8"}],"replies":[{"embeddable":true,"href":"https:\/\/k-smok.pl\/DMS2023\/wp-json\/wp\/v2\/comments?post=3954"}],"version-history":[{"count":7,"href":"https:\/\/k-smok.pl\/DMS2023\/wp-json\/wp\/v2\/pages\/3954\/revisions"}],"predecessor-version":[{"id":4508,"href":"https:\/\/k-smok.pl\/DMS2023\/wp-json\/wp\/v2\/pages\/3954\/revisions\/4508"}],"up":[{"embeddable":true,"href":"https:\/\/k-smok.pl\/DMS2023\/wp-json\/wp\/v2\/pages\/565"}],"wp:featuredmedia":[{"embeddable":true,"href":"https:\/\/k-smok.pl\/DMS2023\/wp-json\/wp\/v2\/media\/3955"}],"wp:attachment":[{"href":"https:\/\/k-smok.pl\/DMS2023\/wp-json\/wp\/v2\/media?parent=3954"}],"curies":[{"name":"wp","href":"https:\/\/api.w.org\/{rel}","templated":true}]}}