{"id":3339,"date":"2023-02-22T13:41:06","date_gmt":"2023-02-22T12:41:06","guid":{"rendered":"https:\/\/k-smok.pl\/DMS2023\/?page_id=3339"},"modified":"2023-02-22T14:30:18","modified_gmt":"2023-02-22T13:30:18","slug":"utrudnianie-kontaktow-z-dzieckiem","status":"publish","type":"page","link":"https:\/\/k-smok.pl\/DMS2023\/specjalizacje\/prawo-rodzinne\/wladza-rodzicielska\/utrudnianie-kontaktow-z-dzieckiem\/","title":{"rendered":"Utrudnianie kontakt\u00f3w z dzieckiem"},"content":{"rendered":"<p>[et_pb_section fb_built=&#8221;1&#8243; custom_padding_last_edited=&#8221;on|phone&#8221; admin_label=&#8221;Page Title Section&#8221; _builder_version=&#8221;4.17.6&#8243; _module_preset=&#8221;2d37c903-28be-4051-9215-0dbe5a365c37&#8243; custom_padding=&#8221;50px||50px||false|false&#8221; custom_padding_tablet=&#8221;&#8221; custom_padding_phone=&#8221;30px||10px||false|false&#8221; global_module=&#8221;1963&#8243; global_colors_info=&#8221;{}&#8221;][et_pb_row admin_label=&#8221;Page Title Area&#8221; _builder_version=&#8221;4.16&#8243; background_size=&#8221;initial&#8221; background_position=&#8221;top_left&#8221; background_repeat=&#8221;repeat&#8221; custom_padding=&#8221;||9px|||&#8221; global_colors_info=&#8221;{}&#8221;][et_pb_column type=&#8221;4_4&#8243; _builder_version=&#8221;4.16&#8243; custom_padding=&#8221;|||&#8221; global_colors_info=&#8221;{}&#8221; custom_padding__hover=&#8221;|||&#8221;][et_pb_text admin_label=&#8221;Page Title&#8221; module_class=&#8221;header-title&#8221; _builder_version=&#8221;4.17.6&#8243; _dynamic_attributes=&#8221;content&#8221; text_font=&#8221;Quincy CF Regular||||||||&#8221; text_text_color=&#8221;#ffffff&#8221; text_font_size=&#8221;60px&#8221; text_line_height=&#8221;1.4em&#8221; header_font=&#8221;Quincy CF Regular||||||||&#8221; header_font_size=&#8221;50px&#8221; header_line_height=&#8221;1.4em&#8221; text_orientation=&#8221;center&#8221; background_layout=&#8221;dark&#8221; max_width=&#8221;700px&#8221; module_alignment=&#8221;center&#8221; custom_margin=&#8221;||10px|&#8221; animation_style=&#8221;fade&#8221; text_font_size_tablet=&#8221;&#8221; text_font_size_phone=&#8221;40px&#8221; text_font_size_last_edited=&#8221;on|phone&#8221; header_font_size_tablet=&#8221;40px&#8221; header_font_size_phone=&#8221;&#8221; header_font_size_last_edited=&#8221;on|desktop&#8221; global_colors_info=&#8221;{}&#8221;]@ET-DC@eyJkeW5hbWljIjp0cnVlLCJjb250ZW50IjoicG9zdF90aXRsZSIsInNldHRpbmdzIjp7ImJlZm9yZSI6IiIsImFmdGVyIjoiIn19@[\/et_pb_text][\/et_pb_column][\/et_pb_row][et_pb_row _builder_version=&#8221;4.16&#8243; _module_preset=&#8221;default&#8221; global_colors_info=&#8221;{}&#8221;][et_pb_column type=&#8221;4_4&#8243; _builder_version=&#8221;4.16&#8243; _module_preset=&#8221;default&#8221; global_colors_info=&#8221;{}&#8221;][et_pb_text _builder_version=&#8221;4.16&#8243; _module_preset=&#8221;default&#8221; text_text_color=&#8221;#FFFFFF&#8221; text_font_size=&#8221;30px&#8221; custom_margin=&#8221;-30px||||false|false&#8221; global_colors_info=&#8221;{}&#8221;][\/et_pb_text][\/et_pb_column][\/et_pb_row][\/et_pb_section][et_pb_section fb_built=&#8221;1&#8243; admin_label=&#8221;Quote Section&#8221; _builder_version=&#8221;4.16&#8243; custom_padding=&#8221;110px|0px|110px|0px&#8221; border_color_all=&#8221;rgba(255,186,96,0.6)&#8221; border_width_right=&#8221;8vw&#8221; border_color_right=&#8221;#502b3a&#8221; global_colors_info=&#8221;{}&#8221;][et_pb_row column_structure=&#8221;3_4,1_4&#8243; admin_label=&#8221;Quote Area&#8221; module_class=&#8221;content-intro&#8221; _builder_version=&#8221;4.16&#8243; use_custom_width=&#8221;on&#8221; global_colors_info=&#8221;{}&#8221;][et_pb_column type=&#8221;3_4&#8243; _builder_version=&#8221;4.16&#8243; custom_padding=&#8221;|||&#8221; global_colors_info=&#8221;{}&#8221; custom_padding__hover=&#8221;|||&#8221;][et_pb_text module_class=&#8221;content-intro-text&#8221; _builder_version=&#8221;4.16&#8243; text_font=&#8221;Roboto Slab||||||||&#8221; text_font_size=&#8221;17px&#8221; text_letter_spacing=&#8221;1px&#8221; text_line_height=&#8221;1.9em&#8221; header_font=&#8221;||||||||&#8221; header_3_font=&#8221;||||||||&#8221; header_3_line_height=&#8221;1.6em&#8221; header_4_font=&#8221;||||||||&#8221; custom_margin=&#8221;|||&#8221; custom_padding=&#8221;|||30px&#8221; animation_style=&#8221;flip&#8221; animation_intensity_flip=&#8221;5%&#8221; animation_starting_opacity=&#8221;100%&#8221; border_color_all=&#8221;#313e47&#8243; border_width_left=&#8221;10px&#8221; global_colors_info=&#8221;{}&#8221;]<\/p>\n<p style=\"text-align: justify;\">Niezale\u017cnie od w\u0142adzy rodzicielskiej rodzice oraz ich dziecko maj\u0105 prawo i obowi\u0105zek utrzymywania ze sob\u0105 kontakt\u00f3w. W tym miejscu warto podkre\u015bli\u0107, i\u017c ograniczenie w\u0142adzy rodzicielskiej jednemu z rodzic\u00f3w nie ma \u017cadnego wp\u0142ywu na kwestie jego kontakt\u00f3w z dzieckiem, albowiem s\u0105 to dwie niezale\u017cne od siebie sprawy.<\/p>\n<p style=\"text-align: justify;\">Kontakty z dzieckiem obejmuj\u0105 w szczeg\u00f3lno\u015bci przebywanie z dzieckiem w szerokim tego s\u0142owa znaczeniu tj. zabieranie dziecka poza jego miejsce zamieszkania, odwiedziny, spotkania, weekendy czy te\u017c d\u0142u\u017csze wyjazdy w okresie wakacji lub ferii zimowych. Kontakty mog\u0105 te\u017c przybra\u0107 form\u0119 korespondencji lub korzystania z innych \u015brodk\u00f3w porozumiewania si\u0119 na odleg\u0142o\u015b\u0107, w tym ze \u015brodk\u00f3w komunikacji elektronicznej. Komunikatory elektroniczne takie jak Skype, Messenger czy WhatsApp \u015bwietnie sprawdz\u0105 si\u0119 w sytuacji, gdy np. jeden rodzic pracuje za granic\u0105 lub jego miejsce zamieszkania znajduje si\u0119 w znacznej odleg\u0142o\u015bci od centrum \u017cyciowego dziecka. Oczywi\u015bcie nie ma tu jednego schematu \u2013 ka\u017cdy przypadek jest inny. Przy ustalaniu kontakt\u00f3w rodzica z dzieckiem nale\u017cy zatem wzi\u0105\u0107 pod uwag\u0119 szereg indywidualnych okoliczno\u015bci, tak by wypracowane przez rodzic\u00f3w porozumienie lub wydane przez s\u0105d orzeczenie w tej kwestii, by\u0142o dogodne zar\u00f3wno dla dziecka jak i rodzica, kt\u00f3rego ono dotyczy.<\/p>\n<p style=\"text-align: justify;\">Zgodnie z aktualnymi przepisami prawa, je\u017celi dziecko przebywa stale u jednego z rodzic\u00f3w, spos\u00f3b utrzymywania kontakt\u00f3w z dzieckiem przez drugiego z nich rodzice okre\u015blaj\u0105 wsp\u00f3lnie, kieruj\u0105c si\u0119 dobrem dziecka i bior\u0105c pod uwag\u0119 jego rozs\u0105dne \u017cyczenia. Je\u015bli rodzice nie s\u0105 w stanie wypracowa\u0107 porozumienia w przedmiocie kontakt\u00f3w, rozstrzyga s\u0105d opieku\u0144czy.<\/p>\n<p style=\"text-align: justify;\">Zwa\u017cywszy, i\u017c terminy s\u0105dowe s\u0105 bardzo odleg\u0142e, mo\u017cna z\u0142o\u017cy\u0107 dodatkowy wniosek o zabezpieczenie kontakt\u00f3w z dzieckiem do czasu prawomocnego rozstrzygni\u0119cia sprawy o ustalenie kontakt\u00f3w.\u00a0 Oczywi\u015bcie taki wniosek powinien by\u0107 szczeg\u00f3\u0142owo uzasadniony. Uzyskanie takiego zabezpieczenie umo\u017cliwi rodzicowi sta\u0142y kontakt z dzieckiem do momentu wydania przez s\u0105d prawomocnego rozstrzygni\u0119cia w przedmiocie kontakt\u00f3w.<\/p>\n<p style=\"text-align: justify;\">Co jednak, je\u015bli pomimo uzyskania zabezpieczenia lub nawet prawomocnego orzeczenia drugi z rodzic\u00f3w utrudnia realizacj\u0119 tych kontakt\u00f3w.<\/p>\n<p style=\"text-align: justify;\">Wezwanie Policji nie jest rozwi\u0105zaniem, gdy\u017c pomijaj\u0105c stres dziecka, przepisy ustawy o Policji z 6 kwietnia 1990 r., nie przewiduj\u0105 specjalnych uprawnie\u0144 policji w\u00a0przypadku utrudniania rodzicowi kontakt\u00f3w z dzieckiem. Je\u015bli jednak dojdzie ju\u017c do takiej interwencji, warto poprosi\u0107 funkcjonariuszy o sporz\u0105dzenie notatki, i\u017c w danym terminie kontakt nie odby\u0142 si\u0119, wskazuj\u0105c przyczyn\u0119 jego braku. Taki bowiem dokument, mo\u017ce by\u0107 w przysz\u0142o\u015bci wykorzystany jako dow\u00f3d w sprawie o zagro\u017cenie nakazaniem zap\u0142aty za utrudnianie kontakt\u00f3w z dzieckiem.<\/p>\n<p style=\"text-align: justify;\">Zagro\u017cenie nakazaniem zap\u0142aty za utrudnianie kontakt\u00f3w to instytucja stanowi\u0105ca swoist\u0105 pieni\u0119\u017cn\u0105 kar\u0119 za utrudnienie kontakt\u00f3w. Taka dolegliwo\u015b\u0107 finansowa za ka\u017cdy niewykonany kontakt cz\u0119sto skutkuje zaprzestaniem takich zachowa\u0144.<\/p>\n<p style=\"text-align: justify;\">W sieci znajdziecie Pa\u0144stwo wiele wzor\u00f3w wniosku o uregulowanie kontakt\u00f3w <br \/>z dzieckiem, zmian\u0119 kontakt\u00f3w z dzieckiem, wniosku o zagro\u017cenie lub nakazanie zap\u0142aty za utrudnianie kontakt\u00f3w. Nale\u017cy jednak mie\u0107 na uwadze, i\u017c ka\u017cda sytuacja rodzinna jest inna, w zwi\u0105zku z powy\u017cszym ka\u017cdy z w\/w wniosk\u00f3w winien precyzyjnie odzwierciedla\u0107 stan faktyczny danej rodziny. W sprawach dotycz\u0105cych tak delikatnej materii jak kontakty z dzieckiem warto jednak uda\u0107 si\u0119 do profesjonalnego pe\u0142nomocnika, kt\u00f3ry w spos\u00f3b rzetelny i szczeg\u00f3\u0142owy przygotuje pismo procesowe zawieraj\u0105ce aktualny stan faktyczny &#8211; tak aby finalnie uzyska\u0107 jak najkorzystniejsze dla Pa\u0144stwa rozstrzygni\u0119cie.<\/p>\n<p style=\"text-align: justify;\">\u00a0<\/p>\n<p>[\/et_pb_text][\/et_pb_column][et_pb_column type=&#8221;1_4&#8243; _builder_version=&#8221;4.16&#8243; custom_padding=&#8221;|||&#8221; global_colors_info=&#8221;{}&#8221; custom_padding__hover=&#8221;|||&#8221;][\/et_pb_column][\/et_pb_row][et_pb_row admin_label=&#8221;Project Image Area&#8221; module_class=&#8221;content-image&#8221; _builder_version=&#8221;4.16&#8243; custom_padding=&#8221;|||&#8221; global_colors_info=&#8221;{}&#8221;][et_pb_column type=&#8221;4_4&#8243; _builder_version=&#8221;4.16&#8243; custom_padding=&#8221;|||&#8221; global_colors_info=&#8221;{}&#8221; custom_padding__hover=&#8221;|||&#8221;][et_pb_image src=&#8221;https:\/\/k-smok.pl\/DMS2023\/wp-content\/uploads\/2023\/02\/Utrudnianie_kontaktow_z_dzieckiem.jpg&#8221; alt=&#8221;Utrudnianie kontakt\u00f3w z Dzieckiem.&#8221; title_text=&#8221;Utrudnianie kontakt\u00f3w z Dzieckiem.&#8221; show_bottom_space=&#8221;off&#8221; force_fullwidth=&#8221;on&#8221; align_tablet=&#8221;center&#8221; align_phone=&#8221;&#8221; align_last_edited=&#8221;on|desktop&#8221; _builder_version=&#8221;4.19.1&#8243; custom_margin=&#8221;|||&#8221; custom_padding=&#8221;|||&#8221; animation_style=&#8221;slide&#8221; animation_direction=&#8221;right&#8221; animation_intensity_slide=&#8221;2%&#8221; border_width_all=&#8221;30px&#8221; border_color_all=&#8221;#ffffff&#8221; box_shadow_style=&#8221;preset2&#8243; box_shadow_horizontal=&#8221;0px&#8221; box_shadow_vertical=&#8221;15px&#8221; box_shadow_blur=&#8221;60px&#8221; box_shadow_color=&#8221;rgba(29,61,71,0.2)&#8221; global_colors_info=&#8221;{}&#8221;][\/et_pb_image][\/et_pb_column][\/et_pb_row][\/et_pb_section][et_pb_section fb_built=&#8221;1&#8243; admin_label=&#8221;Project Analysis Section&#8221; _builder_version=&#8221;4.16&#8243; custom_padding=&#8221;90px||90px|&#8221; global_colors_info=&#8221;{}&#8221;][et_pb_row column_structure=&#8221;1_4,3_4&#8243; admin_label=&#8221;Project Analysis Area&#8221; module_class=&#8221;content-areas&#8221; _builder_version=&#8221;4.16&#8243; custom_padding=&#8221;60px|0px|60px|0px&#8221; border_color_all=&#8221;rgba(51,51,51,0.12)&#8221; border_width_top=&#8221;1px&#8221; global_module=&#8221;3321&#8243; saved_tabs=&#8221;all&#8221; global_colors_info=&#8221;{}&#8221;][et_pb_column type=&#8221;1_4&#8243; _builder_version=&#8221;4.16&#8243; custom_padding=&#8221;|||&#8221; global_colors_info=&#8221;{}&#8221; custom_padding__hover=&#8221;|||&#8221;][et_pb_text admin_label=&#8221;Title&#8221; _builder_version=&#8221;4.19.1&#8243; text_font=&#8221;||||||||&#8221; header_font=&#8221;||||||||&#8221; header_3_font=&#8221;Roboto Slab||||||||&#8221; header_3_line_height=&#8221;2em&#8221; animation_style=&#8221;fold&#8221; animation_direction=&#8221;left&#8221; animation_intensity_fold=&#8221;5%&#8221; global_colors_info=&#8221;{}&#8221;]<\/p>\n<h3>Prawo rodzinne<\/h3>\n<p>[\/et_pb_text][\/et_pb_column][et_pb_column type=&#8221;3_4&#8243; _builder_version=&#8221;4.16&#8243; custom_padding=&#8221;|||&#8221; global_colors_info=&#8221;{}&#8221; custom_padding__hover=&#8221;|||&#8221;][et_pb_text _builder_version=&#8221;4.19.1&#8243; text_font=&#8221;||||||||&#8221; text_font_size=&#8221;16px&#8221; text_line_height=&#8221;2em&#8221; header_font=&#8221;||||||||&#8221; animation_style=&#8221;fade&#8221; global_colors_info=&#8221;{}&#8221;]<\/p>\n<p><span>W dziedzinie prawa rodzinnego, zajmujemy si\u0119 sprawami takimi jak:<\/span><\/p>\n<ul>\n<li><span><\/span><a href=\"https:\/\/k-smok.pl\/DMS2023\/specjalizacje\/prawo-rodzinne\/rozwody\/\"><span>Rozw\u00f3d<\/span><\/a><\/li>\n<li><span><\/span><a href=\"https:\/\/k-smok.pl\/DMS2023\/specjalizacje\/prawo-rodzinne\/separacja\/\"><span>Separacja<\/span><\/a><\/li>\n<li><span><\/span><a href=\"https:\/\/k-smok.pl\/DMS2023\/specjalizacje\/prawo-rodzinne\/rozwody\/ustanowienie-kontaktow-rodzica-z-dzieckiem\/\"><span>Ustalenie kontakt\u00f3w<\/span><\/a><\/li>\n<li><span><\/span><a href=\"https:\/\/k-smok.pl\/DMS2023\/specjalizacje\/prawo-rodzinne\/alimenty\/\"><span>Alimenty<\/span><\/a><\/li>\n<li><span><a href=\"https:\/\/k-smok.pl\/DMS2023\/specjalizacje\/prawo-rodzinne\/wladza-rodzicielska\/utrudnianie-kontaktow-z-dzieckiem\/\">Utrudnianie kontakt\u00f3w z dzieckiem<\/a><\/span><\/li>\n<li><span><\/span><span>Ograniczeni lub pozbawienie praw rodzicielskich<\/span><a href=\"https:\/\/k-smok.pl\/DMS2023\/specjalizacje\/prawo-rodzinne\/wladza-rodzicielska\/utrudnianie-kontaktow-z-dzieckiem\/\"><span><\/span><\/a><\/li>\n<li><span><\/span><span>Podzia\u0142 maj\u0105tku by\u0142ych ma\u0142\u017conk\u00f3w<\/span><\/li>\n<li><span><\/span><span>Innymi sprawami rodzinnymi<\/span><\/li>\n<\/ul>\n<p>[\/et_pb_text][\/et_pb_column][\/et_pb_row][et_pb_row column_structure=&#8221;1_4,3_4&#8243; admin_label=&#8221;Final Result Area&#8221; module_class=&#8221;content-why-us&#8221; _builder_version=&#8221;4.16&#8243; custom_padding=&#8221;60px|0px|60px|0px&#8221; border_color_all=&#8221;rgba(51,51,51,0.12)&#8221; border_width_top=&#8221;1px&#8221; global_colors_info=&#8221;{}&#8221;][et_pb_column type=&#8221;1_4&#8243; _builder_version=&#8221;4.16&#8243; custom_padding=&#8221;|||&#8221; global_colors_info=&#8221;{}&#8221; custom_padding__hover=&#8221;|||&#8221;][et_pb_text admin_label=&#8221;Title&#8221; _builder_version=&#8221;4.16&#8243; text_font=&#8221;||||||||&#8221; header_font=&#8221;||||||||&#8221; header_3_font=&#8221;Roboto Slab||||||||&#8221; header_3_line_height=&#8221;2em&#8221; animation_style=&#8221;fold&#8221; animation_direction=&#8221;left&#8221; animation_intensity_fold=&#8221;5%&#8221; global_colors_info=&#8221;{}&#8221;]<\/p>\n<h3>Dlaczego My?<\/h3>\n<p>[\/et_pb_text][\/et_pb_column][et_pb_column type=&#8221;3_4&#8243; _builder_version=&#8221;4.16&#8243; custom_padding=&#8221;|||&#8221; global_colors_info=&#8221;{}&#8221; custom_padding__hover=&#8221;|||&#8221;][et_pb_text admin_label=&#8221;dlaczego my &#8211; nie modyfikuj tego elementu: usu\u0144 i dodaj w\u0142asny.&#8221; _builder_version=&#8221;4.9.6&#8243; text_font_size=&#8221;16px&#8221; text_line_height=&#8221;2em&#8221; text_orientation=&#8221;justified&#8221; max_width=&#8221;100%&#8221; animation_style=&#8221;fade&#8221; global_module=&#8221;603&#8243; saved_tabs=&#8221;all&#8221; locked=&#8221;off&#8221; global_colors_info=&#8221;{}&#8221;]<\/p>\n<p>W\u00a0Kancelarii Adwokackiej Smok i\u00a0Partnerzy wiemy, \u017ce\u00a0do\u00a0ka\u017cdej sprawy nale\u017cy podej\u015b\u0107 indywidualnie. Rozumiemy, \u017ce\u00a0cz\u0119sto sprawy s\u0105 wieloaspektowe i\u00a0wymagaj\u0105 multidyscyplinarnej wiedzy, zar\u00f3wno z\u00a0obszaru r\u00f3\u017cnych dziedzin prawa jak i\u00a0dziedziny przedmiotowej. Dlatego posiadamy wieloosobowy zesp\u00f3\u0142 specjalist\u00f3w o\u00a0wzajemnie zaz\u0119biaj\u0105cych si\u0119 i\u00a0uzupe\u0142niaj\u0105cych kompetencjach.<\/p>\n<p>Nasz\u0105 mocn\u0105 stron\u0105 jest indywidualne i\u00a0uczciwe podej\u015bcie do\u00a0Klienta. Do\u00a0ka\u017cdej sprawy, bez\u00a0wzgl\u0119du na\u00a0jej przedmiot czy\u00a0warto\u015b\u0107, przyk\u0142adamy tak\u0105 sam\u0105 wag\u0119. Prowadzimy sprawy unikaj\u0105c zb\u0119dnych koszt\u00f3w post\u0119powania i\u00a0zawi\u0142o\u015bci proceduralnych, d\u0105\u017c\u0105c do\u00a0sprawnego i\u00a0efektywnego rozwi\u0105zania problem\u00f3w Klienta.<\/p>\n<p>[\/et_pb_text][\/et_pb_column][\/et_pb_row][et_pb_row admin_label=&#8221;Final Result Area&#8221; module_class=&#8221;content-why-us&#8221; _builder_version=&#8221;4.16&#8243; custom_padding=&#8221;60px|0px|60px|0px&#8221; border_color_all=&#8221;rgba(51,51,51,0.12)&#8221; border_width_top=&#8221;1px&#8221; global_colors_info=&#8221;{}&#8221;][et_pb_column type=&#8221;4_4&#8243; _builder_version=&#8221;4.16&#8243; custom_padding=&#8221;|||&#8221; global_colors_info=&#8221;{}&#8221; custom_padding__hover=&#8221;|||&#8221;][et_pb_text admin_label=&#8221;Title&#8221; _builder_version=&#8221;4.16&#8243; text_font=&#8221;||||||||&#8221; header_font=&#8221;||||||||&#8221; header_3_font=&#8221;Roboto Slab||||||||&#8221; header_3_line_height=&#8221;2em&#8221; animation_style=&#8221;fold&#8221; animation_direction=&#8221;left&#8221; animation_intensity_fold=&#8221;5%&#8221; global_colors_info=&#8221;{}&#8221;]<\/p>\n<h3>Nasze artyku\u0142y<\/h3>\n<p>[\/et_pb_text][et_pb_blog fullwidth=&#8221;off&#8221; include_categories=&#8221;15&#8243; meta_date=&#8221;d M y&#8221; excerpt_length=&#8221;0&#8243; show_more=&#8221;on&#8221; show_author=&#8221;off&#8221; show_excerpt=&#8221;off&#8221; module_class=&#8221;blog-podstrona&#8221; _builder_version=&#8221;4.16&#8243; custom_css_title=&#8221;min-height:65px;&#8221; global_colors_info=&#8221;{}&#8221;][\/et_pb_blog][\/et_pb_column][\/et_pb_row][et_pb_row column_structure=&#8221;1_3,1_3,1_3&#8243; admin_label=&#8221;Fun Fact Area&#8221; module_class=&#8221;content-counters&#8221; _builder_version=&#8221;3.17.6&#8243; global_module=&#8221;799&#8243; saved_tabs=&#8221;all&#8221; locked=&#8221;off&#8221; global_colors_info=&#8221;{}&#8221;][et_pb_column type=&#8221;1_3&#8243; _builder_version=&#8221;4.16&#8243; custom_padding=&#8221;|||&#8221; global_colors_info=&#8221;{}&#8221; custom_padding__hover=&#8221;|||&#8221;][et_pb_number_counter title=&#8221;Rozpraw&#8221; number=&#8221;800+&#8221; percent_sign=&#8221;off&#8221; _builder_version=&#8221;4.17.6&#8243; title_font=&#8221;|700|||||||&#8221; number_font_size=&#8221;60px&#8221; custom_margin=&#8221;|||&#8221; custom_padding=&#8221;|||&#8221; locked=&#8221;off&#8221; global_colors_info=&#8221;{}&#8221;][\/et_pb_number_counter][\/et_pb_column][et_pb_column type=&#8221;1_3&#8243; _builder_version=&#8221;4.16&#8243; custom_padding=&#8221;|||&#8221; global_colors_info=&#8221;{}&#8221; custom_padding__hover=&#8221;|||&#8221;][et_pb_number_counter title=&#8221;Wygranych spraw&#8221; number=&#8221;750+&#8221; percent_sign=&#8221;off&#8221; _builder_version=&#8221;4.17.6&#8243; title_font=&#8221;|700|||||||&#8221; number_font_size=&#8221;60px&#8221; custom_margin=&#8221;|||&#8221; custom_padding=&#8221;|||&#8221; locked=&#8221;off&#8221; global_colors_info=&#8221;{}&#8221;][\/et_pb_number_counter][\/et_pb_column][et_pb_column type=&#8221;1_3&#8243; _builder_version=&#8221;4.16&#8243; custom_padding=&#8221;|||&#8221; global_colors_info=&#8221;{}&#8221; custom_padding__hover=&#8221;|||&#8221;][et_pb_number_counter title=&#8221;Prawnik\u00f3w&#8221; number=&#8221;11&#8243; percent_sign=&#8221;off&#8221; _builder_version=&#8221;4.16&#8243; title_font=&#8221;|700|||||||&#8221; number_font_size=&#8221;60px&#8221; custom_margin=&#8221;|||&#8221; custom_padding=&#8221;|||&#8221; locked=&#8221;off&#8221; global_colors_info=&#8221;{}&#8221;][\/et_pb_number_counter][\/et_pb_column][\/et_pb_row][\/et_pb_section][et_pb_section fb_built=&#8221;1&#8243; admin_label=&#8221;CTA Section&#8221; module_class=&#8221;after-content-banner&#8221; _builder_version=&#8221;4.19.1&#8243; use_background_color_gradient=&#8221;on&#8221; background_color_gradient_stops=&#8221;rgba(80,43,58,0.78) 0%|rgba(29,18,22,0.66) 100%&#8221; background_color_gradient_overlays_image=&#8221;on&#8221; background_color_gradient_start=&#8221;rgba(80,43,58,0.78)&#8221; background_color_gradient_end=&#8221;rgba(29,18,22,0.66)&#8221; background_image=&#8221;https:\/\/k-smok.pl\/DMS2023\/wp-content\/uploads\/2018\/11\/law-firm-03.jpg&#8221; custom_margin=&#8221;||-50px||false|false&#8221; custom_margin_tablet=&#8221;||-60px||false|false&#8221; custom_margin_phone=&#8221;||-60px||false|false&#8221; custom_margin_last_edited=&#8221;on|desktop&#8221; custom_padding=&#8221;200px|0px|200px||false|false&#8221; background_color_gradient_stops_tablet=&#8221;rgba(80,43,58,0.78) 0%|rgba(29,18,22,0.66) 100%&#8221; background_color_gradient_stops_phone=&#8221;rgba(80,43,58,0.78) 0%|rgba(29,18,22,0.66) 100%&#8221; border_color_all=&#8221;#1d1216&#8243; border_width_right=&#8221;8vw&#8221; border_width_left=&#8221;8vw&#8221; global_module=&#8221;1959&#8243; locked=&#8221;off&#8221; global_colors_info=&#8221;{}&#8221;][et_pb_row column_structure=&#8221;1_2,1_2&#8243; use_custom_gutter=&#8221;on&#8221; gutter_width=&#8221;2&#8243; admin_label=&#8221;CTA Area&#8221; _builder_version=&#8221;4.16&#8243; locked=&#8221;off&#8221; global_colors_info=&#8221;{}&#8221;][et_pb_column type=&#8221;1_2&#8243; _builder_version=&#8221;4.16&#8243; custom_padding=&#8221;|||&#8221; global_colors_info=&#8221;{}&#8221; custom_padding__hover=&#8221;|||&#8221;][et_pb_text admin_label=&#8221;Title&#8221; _builder_version=&#8221;4.16&#8243; text_font=&#8221;||||||||&#8221; header_font=&#8221;||||||||&#8221; header_2_font=&#8221;Prata||||||||&#8221; header_2_font_size=&#8221;48px&#8221; header_2_line_height=&#8221;1.6em&#8221; background_layout=&#8221;dark&#8221; module_alignment=&#8221;center&#8221; custom_margin=&#8221;|||&#8221; custom_padding=&#8221;|||&#8221; animation_direction=&#8221;left&#8221; header_2_font_size_tablet=&#8221;40px&#8221; header_2_font_size_phone=&#8221;&#8221; header_2_font_size_last_edited=&#8221;on|tablet&#8221; locked=&#8221;off&#8221; global_colors_info=&#8221;{}&#8221;]<\/p>\n<h2>Zapraszamy<\/h2>\n<p>[\/et_pb_text][\/et_pb_column][et_pb_column type=&#8221;1_2&#8243; _builder_version=&#8221;4.16&#8243; custom_padding=&#8221;|||&#8221; global_colors_info=&#8221;{}&#8221; custom_padding__hover=&#8221;|||&#8221;][et_pb_button button_url=&#8221;https:\/\/k-smok.pl\/DMS2023\/kontakt\/&#8221; button_text=&#8221;Kontakt&#8221; button_alignment=&#8221;center&#8221; _builder_version=&#8221;4.16&#8243; custom_button=&#8221;on&#8221; button_text_size=&#8221;15px&#8221; button_text_color=&#8221;#FFFFFF&#8221; button_border_width=&#8221;1px&#8221; button_border_color=&#8221;#FFFFFF&#8221; button_border_radius=&#8221;7px&#8221; button_letter_spacing=&#8221;3px&#8221; button_font=&#8221;Prata|700|||||||&#8221; button_icon=&#8221;&#x24;||divi||400&#8243; button_icon_color=&#8221;#ffffff&#8221; custom_margin=&#8221;10px|||&#8221; custom_padding=&#8221;10px||10px|&#8221; animation_style=&#8221;fade&#8221; animation_direction=&#8221;right&#8221; custom_css_main_element=&#8221;padding: 15px 20px 8px 20px;&#8221; button_text_shadow_style=&#8221;preset3&#8243; button_text_shadow_blur_strength=&#8221;0.37em&#8221; button_text_shadow_color=&#8221;rgba(0,0,0,0.88)&#8221; button_bg_color_hover=&#8221;rgba(0,0,0,0)&#8221; global_colors_info=&#8221;{}&#8221; button_text_size__hover_enabled=&#8221;off&#8221; button_one_text_size__hover_enabled=&#8221;off&#8221; button_two_text_size__hover_enabled=&#8221;off&#8221; button_text_color__hover_enabled=&#8221;off&#8221; button_one_text_color__hover_enabled=&#8221;off&#8221; button_two_text_color__hover_enabled=&#8221;off&#8221; button_border_width__hover_enabled=&#8221;off&#8221; button_one_border_width__hover_enabled=&#8221;off&#8221; button_two_border_width__hover_enabled=&#8221;off&#8221; button_border_color__hover_enabled=&#8221;off&#8221; button_one_border_color__hover_enabled=&#8221;off&#8221; button_two_border_color__hover_enabled=&#8221;off&#8221; button_border_radius__hover_enabled=&#8221;off&#8221; button_one_border_radius__hover_enabled=&#8221;off&#8221; button_two_border_radius__hover_enabled=&#8221;off&#8221; button_letter_spacing__hover_enabled=&#8221;off&#8221; button_one_letter_spacing__hover_enabled=&#8221;off&#8221; button_two_letter_spacing__hover_enabled=&#8221;off&#8221; button_bg_color__hover_enabled=&#8221;on&#8221; button_bg_color__hover=&#8221;rgba(0,0,0,0.22)&#8221; button_one_bg_color__hover_enabled=&#8221;off&#8221; button_two_bg_color__hover_enabled=&#8221;off&#8221;][\/et_pb_button][\/et_pb_column][\/et_pb_row][\/et_pb_section]<\/p>\n","protected":false},"excerpt":{"rendered":"<p>Niezale\u017cnie od w\u0142adzy rodzicielskiej rodzice oraz ich dziecko maj\u0105 prawo i obowi\u0105zek utrzymywania ze sob\u0105 kontakt\u00f3w. W tym miejscu warto podkre\u015bli\u0107, i\u017c ograniczenie w\u0142adzy rodzicielskiej jednemu z rodzic\u00f3w nie ma \u017cadnego wp\u0142ywu na kwestie jego kontakt\u00f3w z dzieckiem, albowiem s\u0105 to dwie niezale\u017cne od siebie sprawy. Kontakty z dzieckiem obejmuj\u0105 w szczeg\u00f3lno\u015bci przebywanie z dzieckiem [&hellip;]<\/p>\n","protected":false},"author":2,"featured_media":3344,"parent":2865,"menu_order":0,"comment_status":"closed","ping_status":"closed","template":"","meta":{"_et_pb_use_builder":"on","_et_pb_old_content":"","_et_gb_content_width":"","footnotes":""},"_links":{"self":[{"href":"https:\/\/k-smok.pl\/DMS2023\/wp-json\/wp\/v2\/pages\/3339"}],"collection":[{"href":"https:\/\/k-smok.pl\/DMS2023\/wp-json\/wp\/v2\/pages"}],"about":[{"href":"https:\/\/k-smok.pl\/DMS2023\/wp-json\/wp\/v2\/types\/page"}],"author":[{"embeddable":true,"href":"https:\/\/k-smok.pl\/DMS2023\/wp-json\/wp\/v2\/users\/2"}],"replies":[{"embeddable":true,"href":"https:\/\/k-smok.pl\/DMS2023\/wp-json\/wp\/v2\/comments?post=3339"}],"version-history":[{"count":0,"href":"https:\/\/k-smok.pl\/DMS2023\/wp-json\/wp\/v2\/pages\/3339\/revisions"}],"up":[{"embeddable":true,"href":"https:\/\/k-smok.pl\/DMS2023\/wp-json\/wp\/v2\/pages\/2865"}],"wp:featuredmedia":[{"embeddable":true,"href":"https:\/\/k-smok.pl\/DMS2023\/wp-json\/wp\/v2\/media\/3344"}],"wp:attachment":[{"href":"https:\/\/k-smok.pl\/DMS2023\/wp-json\/wp\/v2\/media?parent=3339"}],"curies":[{"name":"wp","href":"https:\/\/api.w.org\/{rel}","templated":true}]}}