{"id":2884,"date":"2022-09-28T16:06:24","date_gmt":"2022-09-28T14:06:24","guid":{"rendered":"https:\/\/k-smok.pl\/DMS2023\/?page_id=2884"},"modified":"2022-09-28T16:36:29","modified_gmt":"2022-09-28T14:36:29","slug":"prawo-w-ochronie-zdrowia","status":"publish","type":"page","link":"https:\/\/k-smok.pl\/DMS2023\/specjalizacje\/prawo-medyczne\/prawo-w-ochronie-zdrowia\/","title":{"rendered":"Prawo w Ochronie Zdrowia"},"content":{"rendered":"<p>[et_pb_section fb_built=&#8221;1&#8243; custom_padding_last_edited=&#8221;on|phone&#8221; admin_label=&#8221;Page Title Section&#8221; _builder_version=&#8221;4.17.6&#8243; _module_preset=&#8221;2d37c903-28be-4051-9215-0dbe5a365c37&#8243; custom_padding=&#8221;50px||50px||false|false&#8221; custom_padding_tablet=&#8221;&#8221; custom_padding_phone=&#8221;30px||10px||false|false&#8221; global_module=&#8221;1963&#8243; global_colors_info=&#8221;{}&#8221;][et_pb_row admin_label=&#8221;Page Title Area&#8221; _builder_version=&#8221;4.16&#8243; background_size=&#8221;initial&#8221; background_position=&#8221;top_left&#8221; background_repeat=&#8221;repeat&#8221; custom_padding=&#8221;||9px|||&#8221; global_colors_info=&#8221;{}&#8221;][et_pb_column type=&#8221;4_4&#8243; _builder_version=&#8221;4.16&#8243; custom_padding=&#8221;|||&#8221; global_colors_info=&#8221;{}&#8221; custom_padding__hover=&#8221;|||&#8221;][et_pb_text admin_label=&#8221;Page Title&#8221; module_class=&#8221;header-title&#8221; _builder_version=&#8221;4.17.6&#8243; _dynamic_attributes=&#8221;content&#8221; text_font=&#8221;Quincy CF Regular||||||||&#8221; text_text_color=&#8221;#ffffff&#8221; text_font_size=&#8221;60px&#8221; text_line_height=&#8221;1.4em&#8221; header_font=&#8221;Quincy CF Regular||||||||&#8221; header_font_size=&#8221;50px&#8221; header_line_height=&#8221;1.4em&#8221; text_orientation=&#8221;center&#8221; background_layout=&#8221;dark&#8221; max_width=&#8221;700px&#8221; module_alignment=&#8221;center&#8221; custom_margin=&#8221;||10px|&#8221; animation_style=&#8221;fade&#8221; text_font_size_tablet=&#8221;&#8221; text_font_size_phone=&#8221;40px&#8221; text_font_size_last_edited=&#8221;on|phone&#8221; header_font_size_tablet=&#8221;40px&#8221; header_font_size_phone=&#8221;&#8221; header_font_size_last_edited=&#8221;on|desktop&#8221; global_colors_info=&#8221;{}&#8221;]@ET-DC@eyJkeW5hbWljIjp0cnVlLCJjb250ZW50IjoicG9zdF90aXRsZSIsInNldHRpbmdzIjp7ImJlZm9yZSI6IiIsImFmdGVyIjoiIn19@[\/et_pb_text][\/et_pb_column][\/et_pb_row][et_pb_row _builder_version=&#8221;4.16&#8243; _module_preset=&#8221;default&#8221; global_colors_info=&#8221;{}&#8221;][et_pb_column type=&#8221;4_4&#8243; _builder_version=&#8221;4.16&#8243; _module_preset=&#8221;default&#8221; global_colors_info=&#8221;{}&#8221;][et_pb_text _builder_version=&#8221;4.16&#8243; _module_preset=&#8221;default&#8221; text_text_color=&#8221;#FFFFFF&#8221; text_font_size=&#8221;30px&#8221; custom_margin=&#8221;-30px||||false|false&#8221; global_colors_info=&#8221;{}&#8221;][\/et_pb_text][\/et_pb_column][\/et_pb_row][\/et_pb_section][et_pb_section fb_built=&#8221;1&#8243; admin_label=&#8221;Quote Section&#8221; _builder_version=&#8221;4.16&#8243; custom_padding=&#8221;110px|0px|110px|0px&#8221; border_color_all=&#8221;rgba(255,186,96,0.6)&#8221; border_width_right=&#8221;8vw&#8221; border_color_right=&#8221;#502b3a&#8221; global_colors_info=&#8221;{}&#8221;][et_pb_row admin_label=&#8221;Quote Area&#8221; module_class=&#8221;content-intro&#8221; _builder_version=&#8221;4.16&#8243; use_custom_width=&#8221;on&#8221; global_colors_info=&#8221;{}&#8221;][et_pb_column type=&#8221;4_4&#8243; _builder_version=&#8221;4.16&#8243; custom_padding=&#8221;|||&#8221; global_colors_info=&#8221;{}&#8221; custom_padding__hover=&#8221;|||&#8221;][et_pb_text admin_label=&#8221;wst\u0119p&#8221; module_class=&#8221;content-intro-text&#8221; _builder_version=&#8221;4.16&#8243; text_font=&#8221;Roboto Slab||||||||&#8221; text_font_size=&#8221;17px&#8221; text_letter_spacing=&#8221;1px&#8221; text_line_height=&#8221;1.9em&#8221; header_3_line_height=&#8221;1.6em&#8221; custom_margin=&#8221;|||&#8221; custom_padding=&#8221;|||30px&#8221; animation_style=&#8221;flip&#8221; animation_intensity_flip=&#8221;5%&#8221; animation_starting_opacity=&#8221;100%&#8221; border_color_all=&#8221;#313e47&#8243; border_width_left=&#8221;10px&#8221; global_colors_info=&#8221;{}&#8221;]<\/p>\n<p>Prawo w ochronie zdrowia jest dziedzin\u0105 dynamiczn\u0105, a specjali\u015bci z naszej Kancelarii na bie\u017c\u0105co \u015bledz\u0105 nadchodz\u0105ce zmiany oraz przybli\u017caj\u0105 naszym Klientom wszelkie, problematyczne zagadnienia, odpowiadaj\u0105c na potrzeby rynku medycznego.<\/p>\n<p>Wykorzystujemy nasz\u0105 wyspecjalizowan\u0105 wiedz\u0119 oraz do\u015bwiadczenie zdobyte w podmiotach medycznych, dzi\u0119ki czemu nasi Klienci otrzymuj\u0105 analityczne podej\u015bcie do interesuj\u0105cej ich problematyki prawa medycznego.<\/p>\n<p>Niebagatelne znaczenie, w ramach \u015bwiadczonych przez nas us\u0142ug, ma kompleksowe wdro\u017cenie <br \/>u naszych Klient\u00f3w bardziej efektywnych i responsywnych procedur wewn\u0119trznych \u2013 odpowiednie dostosowanie dokumentacji medycznej, skorelowanie jej w przepisami z zakresu ochrony danych osobowych, stworzenie zaufanego kana\u0142u ochrony sygnalist\u00f3w, w\u0142a\u015bciwe prowadzenie dokumentacji pracowniczej, weryfikacja i obs\u0142uga prawna zawieranych um\u00f3w, w tym dotycz\u0105cych kontraktowania <br \/>z Narodowym Funduszem Zdrowia \u2013 wszystkie te zagadnienia pomagaj\u0105 optymalizowa\u0107 dzia\u0142alno\u015b\u0107 podmiot\u00f3w leczniczych na poziomie operacyjnym jak i strategicznym.<\/p>\n<p>Naszym celem jest maksymalnie wykorzysta\u0107 potencja\u0142 organizacji i wspiera\u0107 j\u0105 w wieloaspektowym rozwoju, przy jednoczesnej pomocy w zarz\u0105dzaniu ewentualnymi sytuacjami kryzysowymi.<\/p>\n<p>Na co dzie\u0144, specjalizujemy si\u0119 r\u00f3wnie\u017c w ochronie praw lekarzy i innych os\u00f3b wykonuj\u0105cych zawody medyczne, ze szczeg\u00f3lnym uwzgl\u0119dnieniem zagadnie\u0144 dotycz\u0105cych odpowiedzialno\u015bci cywilnej i karnej za b\u0142\u0119dy medyczne oraz narusze\u0144 przepis\u00f3w ustawy o prawach pacjenta i Rzeczniku Praw Pacjenta.<\/p>\n<p>Nasza Kancelaria organizuje r\u00f3wnie\u017c liczne szkolenia dla podmiot\u00f3w medycznych i personelu medycznego z zakresu:<\/p>\n<ul>\n<li>praw pacjenta;<\/li>\n<li>sposobu sporz\u0105dzania dokumentacji medycznej;<\/li>\n<li>odpowiedzialno\u015bci karnej i cywilnej za b\u0142\u0119dy medyczne;<\/li>\n<li>wymiaru czasu pracy w podmiotach leczniczych;<\/li>\n<li>wdra\u017cania przepis\u00f3w o ochronie danych osobowych oraz przepis\u00f3w o ochronie sygnalist\u00f3w;<\/li>\n<li>telemedycyny i bezpiecznego udzielania \u015bwiadcze\u0144 zdrowotnych na odleg\u0142o\u015b\u0107;<\/li>\n<li>wyrob\u00f3w medycznych i ich marketingu;<\/li>\n<li>przygotowywania regulamin\u00f3w i um\u00f3w;<\/li>\n<li>regulacji cyberbezpiecze\u0144stwa w odniesieniu do podmiot\u00f3w medycznych.<\/li>\n<\/ul>\n<p>Powy\u017csza tematyka jest ma charakter przyk\u0142adowy, a nasz Zesp\u00f3\u0142 gotowy jest dostosowa\u0107 zakres szkole\u0144 do indywidualnych potrzeb Klient\u00f3w, zachowuj\u0105c przy tym wysoki poziom merytoryki.<\/p>\n<p>Gor\u0105co zach\u0119camy Pa\u0144stwa do skorzystania z oferty naszych szkole\u0144 jak r\u00f3wnie\u017c wychodzenia poza ww. ramy, tak aby osi\u0105gn\u0105\u0107 jak najwi\u0119ksze korzy\u015bci.<\/p>\n<p>[\/et_pb_text][\/et_pb_column][\/et_pb_row][et_pb_row admin_label=&#8221;Project Image Area&#8221; module_class=&#8221;content-image&#8221; _builder_version=&#8221;4.16&#8243; custom_padding=&#8221;|||&#8221; global_colors_info=&#8221;{}&#8221;][et_pb_column type=&#8221;4_4&#8243; _builder_version=&#8221;4.16&#8243; custom_padding=&#8221;|||&#8221; global_colors_info=&#8221;{}&#8221; custom_padding__hover=&#8221;|||&#8221;][et_pb_image src=&#8221;https:\/\/k-smok.pl\/DMS2023\/wp-content\/uploads\/2022\/09\/Prawo_w_ochronie_zdrowia.jpg&#8221; show_bottom_space=&#8221;off&#8221; force_fullwidth=&#8221;on&#8221; align_tablet=&#8221;center&#8221; align_phone=&#8221;&#8221; align_last_edited=&#8221;on|desktop&#8221; _builder_version=&#8221;4.17.6&#8243; custom_margin=&#8221;|||&#8221; custom_padding=&#8221;|||&#8221; animation_style=&#8221;slide&#8221; animation_direction=&#8221;right&#8221; animation_intensity_slide=&#8221;2%&#8221; hover_enabled=&#8221;0&#8243; border_width_all=&#8221;30px&#8221; border_color_all=&#8221;#ffffff&#8221; box_shadow_style=&#8221;preset2&#8243; box_shadow_horizontal=&#8221;0px&#8221; box_shadow_vertical=&#8221;15px&#8221; box_shadow_blur=&#8221;60px&#8221; box_shadow_color=&#8221;rgba(29,61,71,0.2)&#8221; global_colors_info=&#8221;{}&#8221; alt=&#8221;Prawo w ochronie zdrowia&#8221; title_text=&#8221;Prawo w ochronie zdrowia&#8221; sticky_enabled=&#8221;0&#8243;][\/et_pb_image][\/et_pb_column][\/et_pb_row][\/et_pb_section][et_pb_section fb_built=&#8221;1&#8243; admin_label=&#8221;Project Analysis Section&#8221; _builder_version=&#8221;4.16&#8243; custom_padding=&#8221;90px||30px|||&#8221; global_colors_info=&#8221;{}&#8221;][et_pb_row column_structure=&#8221;1_4,3_4&#8243; admin_label=&#8221;Project Analysis Area&#8221; module_class=&#8221;content-areas&#8221; _builder_version=&#8221;4.16&#8243; custom_padding=&#8221;60px|0px|60px|0px&#8221; border_color_all=&#8221;rgba(51,51,51,0.12)&#8221; border_width_top=&#8221;1px&#8221; global_colors_info=&#8221;{}&#8221;][et_pb_column type=&#8221;1_4&#8243; _builder_version=&#8221;4.16&#8243; custom_padding=&#8221;|||&#8221; global_colors_info=&#8221;{}&#8221; custom_padding__hover=&#8221;|||&#8221;][et_pb_text admin_label=&#8221;Title&#8221; _builder_version=&#8221;4.16&#8243; text_font=&#8221;||||||||&#8221; header_font=&#8221;||||||||&#8221; header_3_font=&#8221;Roboto Slab||||||||&#8221; header_3_line_height=&#8221;2em&#8221; animation_style=&#8221;fold&#8221; animation_direction=&#8221;left&#8221; animation_intensity_fold=&#8221;5%&#8221; global_colors_info=&#8221;{}&#8221;]<\/p>\n<h3>Zakres<\/h3>\n<p>[\/et_pb_text][\/et_pb_column][et_pb_column type=&#8221;3_4&#8243; _builder_version=&#8221;4.16&#8243; custom_padding=&#8221;|||&#8221; global_colors_info=&#8221;{}&#8221; custom_padding__hover=&#8221;|||&#8221;][et_pb_text admin_label=&#8221;zakres&#8221; _builder_version=&#8221;4.16&#8243; text_font_size=&#8221;16px&#8221; text_line_height=&#8221;2em&#8221; animation_style=&#8221;fade&#8221; global_colors_info=&#8221;{}&#8221;]<\/p>\n<p>\nNasza Kancelaria pomo\u017ce Pa\u0144stwu w nast\u0119puj\u0105cych obszarach:<\/p>\n<ul>\n<li>reprezentowanie w sporach pomi\u0119dzy podmiotami leczniczymi i pacjentami na etapie przeds\u0105dowym,<\/li>\n<li>reprezentowanie w sporach pomi\u0119dzy podmiotami leczniczymi i pacjentami na etapie s\u0105dowym,<\/li>\n<li>dochodzenia roszcze\u0144 odszkodowawczych z tytu\u0142u b\u0142\u0119d\u00f3w medycznych, w tym:\n<ul>\n<li>b\u0142\u0119du diagnostycznego,\n<li>b\u0142\u0119du terapeutycznego polegaj\u0105cego na wybraniu niew\u0142a\u015bciwego sposobu leczenia lub wadliwego sposobu leczenia,<\/li>\n<li>b\u0142\u0119du organizacyjnego polegaj\u0105cego na nieprawid\u0142owym zorganizowaniu i funkcjonowaniu podmiotu leczniczego udzielaj\u0105cego \u015bwiadczenia,<\/li>\n<li>b\u0142\u0119du technicznego polegaj\u0105cego na niew\u0142a\u015bciwym wykonaniu czynno\u015bci leczniczej.<\/li>\n<\/ul>\n<\/ul>\n<p>[\/et_pb_text][\/et_pb_column][\/et_pb_row][et_pb_row column_structure=&#8221;1_4,3_4&#8243; admin_label=&#8221;Final Result Area&#8221; module_class=&#8221;content-why-us&#8221; _builder_version=&#8221;4.16&#8243; custom_padding=&#8221;60px|0px|60px|0px&#8221; border_color_all=&#8221;rgba(51,51,51,0.12)&#8221; border_width_top=&#8221;1px&#8221; global_colors_info=&#8221;{}&#8221;][et_pb_column type=&#8221;1_4&#8243; _builder_version=&#8221;4.16&#8243; custom_padding=&#8221;|||&#8221; global_colors_info=&#8221;{}&#8221; custom_padding__hover=&#8221;|||&#8221;][et_pb_text admin_label=&#8221;Title&#8221; _builder_version=&#8221;4.16&#8243; text_font=&#8221;||||||||&#8221; header_font=&#8221;||||||||&#8221; header_3_font=&#8221;Roboto Slab||||||||&#8221; header_3_line_height=&#8221;2em&#8221; animation_style=&#8221;fold&#8221; animation_direction=&#8221;left&#8221; animation_intensity_fold=&#8221;5%&#8221; global_colors_info=&#8221;{}&#8221;]<\/p>\n<h3>Dlaczego My?<\/h3>\n<p>[\/et_pb_text][\/et_pb_column][et_pb_column type=&#8221;3_4&#8243; _builder_version=&#8221;4.16&#8243; custom_padding=&#8221;|||&#8221; global_colors_info=&#8221;{}&#8221; custom_padding__hover=&#8221;|||&#8221;][et_pb_text admin_label=&#8221;dlaczego my &#8211; nie modyfikuj tego elementu: usu\u0144 i dodaj w\u0142asny.&#8221; _builder_version=&#8221;4.9.6&#8243; text_font_size=&#8221;16px&#8221; text_line_height=&#8221;2em&#8221; text_orientation=&#8221;justified&#8221; max_width=&#8221;100%&#8221; animation_style=&#8221;fade&#8221; global_module=&#8221;603&#8243; saved_tabs=&#8221;all&#8221; locked=&#8221;off&#8221; global_colors_info=&#8221;{}&#8221;]<\/p>\n<p>W\u00a0Kancelarii Adwokackiej Smok i\u00a0Partnerzy wiemy, \u017ce\u00a0do\u00a0ka\u017cdej sprawy nale\u017cy podej\u015b\u0107 indywidualnie. Rozumiemy, \u017ce\u00a0cz\u0119sto sprawy s\u0105 wieloaspektowe i\u00a0wymagaj\u0105 multidyscyplinarnej wiedzy, zar\u00f3wno z\u00a0obszaru r\u00f3\u017cnych dziedzin prawa jak i\u00a0dziedziny przedmiotowej. Dlatego posiadamy wieloosobowy zesp\u00f3\u0142 specjalist\u00f3w o\u00a0wzajemnie zaz\u0119biaj\u0105cych si\u0119 i\u00a0uzupe\u0142niaj\u0105cych kompetencjach.<\/p>\n<p>Nasz\u0105 mocn\u0105 stron\u0105 jest indywidualne i\u00a0uczciwe podej\u015bcie do\u00a0Klienta. Do\u00a0ka\u017cdej sprawy, bez\u00a0wzgl\u0119du na\u00a0jej przedmiot czy\u00a0warto\u015b\u0107, przyk\u0142adamy tak\u0105 sam\u0105 wag\u0119. Prowadzimy sprawy unikaj\u0105c zb\u0119dnych koszt\u00f3w post\u0119powania i\u00a0zawi\u0142o\u015bci proceduralnych, d\u0105\u017c\u0105c do\u00a0sprawnego i\u00a0efektywnego rozwi\u0105zania problem\u00f3w Klienta.<\/p>\n<p>[\/et_pb_text][\/et_pb_column][\/et_pb_row][et_pb_row column_structure=&#8221;1_3,1_3,1_3&#8243; admin_label=&#8221;Fun Fact Area&#8221; module_class=&#8221;content-counters&#8221; _builder_version=&#8221;3.17.6&#8243; global_module=&#8221;799&#8243; saved_tabs=&#8221;all&#8221; locked=&#8221;off&#8221; global_colors_info=&#8221;{}&#8221;][et_pb_column type=&#8221;1_3&#8243; _builder_version=&#8221;4.16&#8243; custom_padding=&#8221;|||&#8221; global_colors_info=&#8221;{}&#8221; custom_padding__hover=&#8221;|||&#8221;][et_pb_number_counter title=&#8221;Rozpraw&#8221; number=&#8221;800+&#8221; percent_sign=&#8221;off&#8221; _builder_version=&#8221;4.17.6&#8243; title_font=&#8221;|700|||||||&#8221; number_font_size=&#8221;60px&#8221; custom_margin=&#8221;|||&#8221; custom_padding=&#8221;|||&#8221; locked=&#8221;off&#8221; global_colors_info=&#8221;{}&#8221;][\/et_pb_number_counter][\/et_pb_column][et_pb_column type=&#8221;1_3&#8243; _builder_version=&#8221;4.16&#8243; custom_padding=&#8221;|||&#8221; global_colors_info=&#8221;{}&#8221; custom_padding__hover=&#8221;|||&#8221;][et_pb_number_counter title=&#8221;Wygranych spraw&#8221; number=&#8221;750+&#8221; percent_sign=&#8221;off&#8221; _builder_version=&#8221;4.17.6&#8243; title_font=&#8221;|700|||||||&#8221; number_font_size=&#8221;60px&#8221; custom_margin=&#8221;|||&#8221; custom_padding=&#8221;|||&#8221; locked=&#8221;off&#8221; global_colors_info=&#8221;{}&#8221;][\/et_pb_number_counter][\/et_pb_column][et_pb_column type=&#8221;1_3&#8243; _builder_version=&#8221;4.16&#8243; custom_padding=&#8221;|||&#8221; global_colors_info=&#8221;{}&#8221; custom_padding__hover=&#8221;|||&#8221;][et_pb_number_counter title=&#8221;Prawnik\u00f3w&#8221; number=&#8221;11&#8243; percent_sign=&#8221;off&#8221; _builder_version=&#8221;4.16&#8243; title_font=&#8221;|700|||||||&#8221; number_font_size=&#8221;60px&#8221; custom_margin=&#8221;|||&#8221; custom_padding=&#8221;|||&#8221; locked=&#8221;off&#8221; global_colors_info=&#8221;{}&#8221;][\/et_pb_number_counter][\/et_pb_column][\/et_pb_row][\/et_pb_section][et_pb_section fb_built=&#8221;1&#8243; _builder_version=&#8221;4.17.6&#8243; _module_preset=&#8221;default&#8221; custom_padding=&#8221;33px|||||&#8221; global_colors_info=&#8221;{}&#8221;][et_pb_row _builder_version=&#8221;4.17.6&#8243; _module_preset=&#8221;default&#8221; global_colors_info=&#8221;{}&#8221;][et_pb_column type=&#8221;4_4&#8243; _builder_version=&#8221;4.17.6&#8243; _module_preset=&#8221;default&#8221; global_colors_info=&#8221;{}&#8221;][et_pb_text admin_label=&#8221;Title&#8221; _builder_version=&#8221;4.16&#8243; text_font=&#8221;||||||||&#8221; header_font=&#8221;||||||||&#8221; header_3_font=&#8221;Roboto Slab||||||||&#8221; header_3_line_height=&#8221;2em&#8221; animation_style=&#8221;fold&#8221; animation_direction=&#8221;left&#8221; animation_intensity_fold=&#8221;5%&#8221; global_module=&#8221;2893&#8243; global_colors_info=&#8221;{}&#8221;]<\/p>\n<h3>Nasze artyku\u0142y<\/h3>\n<p>[\/et_pb_text][et_pb_blog fullwidth=&#8221;off&#8221; include_categories=&#8221;20&#8243; meta_date=&#8221;d M y&#8221; excerpt_length=&#8221;0&#8243; show_more=&#8221;on&#8221; show_author=&#8221;off&#8221; show_excerpt=&#8221;off&#8221; module_class=&#8221;blog-podstrona&#8221; _builder_version=&#8221;4.17.6&#8243; _module_preset=&#8221;default&#8221; custom_css_title=&#8221;min-height:65px;&#8221; global_colors_info=&#8221;{}&#8221;][\/et_pb_blog][\/et_pb_column][\/et_pb_row][\/et_pb_section][et_pb_section fb_built=&#8221;1&#8243; admin_label=&#8221;CTA Section&#8221; module_class=&#8221;after-content-banner&#8221; _builder_version=&#8221;4.16&#8243; use_background_color_gradient=&#8221;on&#8221; background_color_gradient_stops=&#8221;rgba(80,43,58,0.78) 0%|rgba(29,18,22,0.66) 100%&#8221; background_color_gradient_overlays_image=&#8221;on&#8221; background_color_gradient_start=&#8221;rgba(80,43,58,0.78)&#8221; background_color_gradient_end=&#8221;rgba(29,18,22,0.66)&#8221; background_image=&#8221;https:\/\/k-smok.pl\/DMS2023\/wp-content\/uploads\/2018\/11\/law-firm-03.jpg&#8221; custom_padding=&#8221;200px|0px|200px|&#8221; background_color_gradient_stops_tablet=&#8221;rgba(80,43,58,0.78) 0%|rgba(29,18,22,0.66) 100%&#8221; background_color_gradient_stops_phone=&#8221;rgba(80,43,58,0.78) 0%|rgba(29,18,22,0.66) 100%&#8221; border_color_all=&#8221;#1d1216&#8243; border_width_right=&#8221;8vw&#8221; border_width_left=&#8221;8vw&#8221; global_module=&#8221;1959&#8243; locked=&#8221;off&#8221; global_colors_info=&#8221;{}&#8221;][et_pb_row column_structure=&#8221;1_2,1_2&#8243; use_custom_gutter=&#8221;on&#8221; gutter_width=&#8221;2&#8243; admin_label=&#8221;CTA Area&#8221; _builder_version=&#8221;4.16&#8243; locked=&#8221;off&#8221; global_colors_info=&#8221;{}&#8221;][et_pb_column type=&#8221;1_2&#8243; _builder_version=&#8221;4.16&#8243; custom_padding=&#8221;|||&#8221; global_colors_info=&#8221;{}&#8221; custom_padding__hover=&#8221;|||&#8221;][et_pb_text admin_label=&#8221;Title&#8221; _builder_version=&#8221;4.16&#8243; text_font=&#8221;||||||||&#8221; header_font=&#8221;||||||||&#8221; header_2_font=&#8221;Prata||||||||&#8221; header_2_font_size=&#8221;48px&#8221; header_2_line_height=&#8221;1.6em&#8221; background_layout=&#8221;dark&#8221; module_alignment=&#8221;center&#8221; custom_margin=&#8221;|||&#8221; custom_padding=&#8221;|||&#8221; animation_direction=&#8221;left&#8221; header_2_font_size_tablet=&#8221;40px&#8221; header_2_font_size_phone=&#8221;&#8221; header_2_font_size_last_edited=&#8221;on|tablet&#8221; locked=&#8221;off&#8221; global_colors_info=&#8221;{}&#8221;]<\/p>\n<h2>Zapraszamy<\/h2>\n<p>[\/et_pb_text][\/et_pb_column][et_pb_column type=&#8221;1_2&#8243; _builder_version=&#8221;4.16&#8243; custom_padding=&#8221;|||&#8221; global_colors_info=&#8221;{}&#8221; custom_padding__hover=&#8221;|||&#8221;][et_pb_button button_url=&#8221;https:\/\/k-smok.pl\/DMS2023\/kontakt\/&#8221; button_text=&#8221;Kontakt&#8221; button_alignment=&#8221;center&#8221; _builder_version=&#8221;4.16&#8243; custom_button=&#8221;on&#8221; button_text_size=&#8221;15px&#8221; button_text_color=&#8221;#FFFFFF&#8221; button_border_width=&#8221;1px&#8221; button_border_color=&#8221;#FFFFFF&#8221; button_border_radius=&#8221;7px&#8221; button_letter_spacing=&#8221;3px&#8221; button_font=&#8221;Prata|700|||||||&#8221; button_icon=&#8221;&#x24;||divi||400&#8243; button_icon_color=&#8221;#ffffff&#8221; custom_margin=&#8221;10px|||&#8221; custom_padding=&#8221;10px||10px|&#8221; animation_style=&#8221;fade&#8221; animation_direction=&#8221;right&#8221; custom_css_main_element=&#8221;padding: 15px 20px 8px 20px;&#8221; button_text_shadow_style=&#8221;preset3&#8243; button_text_shadow_blur_strength=&#8221;0.37em&#8221; button_text_shadow_color=&#8221;rgba(0,0,0,0.88)&#8221; button_bg_color_hover=&#8221;rgba(0,0,0,0)&#8221; global_colors_info=&#8221;{}&#8221; button_text_size__hover_enabled=&#8221;off&#8221; button_one_text_size__hover_enabled=&#8221;off&#8221; button_two_text_size__hover_enabled=&#8221;off&#8221; button_text_color__hover_enabled=&#8221;off&#8221; button_one_text_color__hover_enabled=&#8221;off&#8221; button_two_text_color__hover_enabled=&#8221;off&#8221; button_border_width__hover_enabled=&#8221;off&#8221; button_one_border_width__hover_enabled=&#8221;off&#8221; button_two_border_width__hover_enabled=&#8221;off&#8221; button_border_color__hover_enabled=&#8221;off&#8221; button_one_border_color__hover_enabled=&#8221;off&#8221; button_two_border_color__hover_enabled=&#8221;off&#8221; button_border_radius__hover_enabled=&#8221;off&#8221; button_one_border_radius__hover_enabled=&#8221;off&#8221; button_two_border_radius__hover_enabled=&#8221;off&#8221; button_letter_spacing__hover_enabled=&#8221;off&#8221; button_one_letter_spacing__hover_enabled=&#8221;off&#8221; button_two_letter_spacing__hover_enabled=&#8221;off&#8221; button_bg_color__hover_enabled=&#8221;on&#8221; button_bg_color__hover=&#8221;rgba(0,0,0,0.22)&#8221; button_one_bg_color__hover_enabled=&#8221;off&#8221; button_two_bg_color__hover_enabled=&#8221;off&#8221;][\/et_pb_button][\/et_pb_column][\/et_pb_row][\/et_pb_section]<\/p>\n","protected":false},"excerpt":{"rendered":"<p>Prawo w ochronie zdrowia jest dziedzin\u0105 dynamiczn\u0105, a specjali\u015bci z naszej Kancelarii na bie\u017c\u0105co \u015bledz\u0105 nadchodz\u0105ce zmiany oraz przybli\u017caj\u0105 naszym Klientom wszelkie, problematyczne zagadnienia, odpowiadaj\u0105c na potrzeby rynku medycznego. Wykorzystujemy nasz\u0105 wyspecjalizowan\u0105 wiedz\u0119 oraz do\u015bwiadczenie zdobyte w podmiotach medycznych, dzi\u0119ki czemu nasi Klienci otrzymuj\u0105 analityczne podej\u015bcie do interesuj\u0105cej ich problematyki prawa medycznego. Niebagatelne znaczenie, w [&hellip;]<\/p>\n","protected":false},"author":2,"featured_media":2917,"parent":565,"menu_order":0,"comment_status":"closed","ping_status":"closed","template":"","meta":{"_et_pb_use_builder":"on","_et_pb_old_content":"","_et_gb_content_width":"","footnotes":""},"_links":{"self":[{"href":"https:\/\/k-smok.pl\/DMS2023\/wp-json\/wp\/v2\/pages\/2884"}],"collection":[{"href":"https:\/\/k-smok.pl\/DMS2023\/wp-json\/wp\/v2\/pages"}],"about":[{"href":"https:\/\/k-smok.pl\/DMS2023\/wp-json\/wp\/v2\/types\/page"}],"author":[{"embeddable":true,"href":"https:\/\/k-smok.pl\/DMS2023\/wp-json\/wp\/v2\/users\/2"}],"replies":[{"embeddable":true,"href":"https:\/\/k-smok.pl\/DMS2023\/wp-json\/wp\/v2\/comments?post=2884"}],"version-history":[{"count":0,"href":"https:\/\/k-smok.pl\/DMS2023\/wp-json\/wp\/v2\/pages\/2884\/revisions"}],"up":[{"embeddable":true,"href":"https:\/\/k-smok.pl\/DMS2023\/wp-json\/wp\/v2\/pages\/565"}],"wp:featuredmedia":[{"embeddable":true,"href":"https:\/\/k-smok.pl\/DMS2023\/wp-json\/wp\/v2\/media\/2917"}],"wp:attachment":[{"href":"https:\/\/k-smok.pl\/DMS2023\/wp-json\/wp\/v2\/media?parent=2884"}],"curies":[{"name":"wp","href":"https:\/\/api.w.org\/{rel}","templated":true}]}}