{"id":2782,"date":"2022-09-15T12:53:02","date_gmt":"2022-09-15T10:53:02","guid":{"rendered":"https:\/\/k-smok.pl\/DMS2023\/?page_id=2782"},"modified":"2023-08-23T10:14:56","modified_gmt":"2023-08-23T08:14:56","slug":"rozwod-bez-orzekania-o-winie","status":"publish","type":"page","link":"https:\/\/k-smok.pl\/DMS2023\/specjalizacje\/prawo-rodzinne\/rozwody\/rozwod-bez-orzekania-o-winie\/","title":{"rendered":"Rozw\u00f3d bez orzekania o winie"},"content":{"rendered":"<p>[et_pb_section fb_built=&#8221;1&#8243; custom_padding_last_edited=&#8221;on|phone&#8221; admin_label=&#8221;Page Title Section&#8221; _builder_version=&#8221;4.17.6&#8243; _module_preset=&#8221;2d37c903-28be-4051-9215-0dbe5a365c37&#8243; custom_padding=&#8221;50px||50px||false|false&#8221; custom_padding_tablet=&#8221;50px||50px||false|false&#8221; custom_padding_phone=&#8221;30px||10px||false|false&#8221; global_module=&#8221;1963&#8243; global_colors_info=&#8221;{}&#8221;][et_pb_row admin_label=&#8221;Page Title Area&#8221; _builder_version=&#8221;4.16&#8243; background_size=&#8221;initial&#8221; background_position=&#8221;top_left&#8221; background_repeat=&#8221;repeat&#8221; custom_padding=&#8221;||9px|||&#8221; global_colors_info=&#8221;{}&#8221;][et_pb_column type=&#8221;4_4&#8243; _builder_version=&#8221;4.16&#8243; custom_padding=&#8221;|||&#8221; global_colors_info=&#8221;{}&#8221; custom_padding__hover=&#8221;|||&#8221;][et_pb_text admin_label=&#8221;Page Title&#8221; module_class=&#8221;header-title&#8221; _builder_version=&#8221;4.19.1&#8243; _dynamic_attributes=&#8221;content&#8221; text_font=&#8221;Quincy CF Regular||||||||&#8221; text_text_color=&#8221;#ffffff&#8221; text_font_size=&#8221;60px&#8221; text_line_height=&#8221;1.4em&#8221; header_font=&#8221;Quincy CF Regular||||||||&#8221; header_font_size=&#8221;50px&#8221; header_line_height=&#8221;1.4em&#8221; text_orientation=&#8221;center&#8221; background_layout=&#8221;dark&#8221; max_width=&#8221;700px&#8221; module_alignment=&#8221;center&#8221; custom_margin=&#8221;||10px|&#8221; animation_style=&#8221;fade&#8221; text_font_size_tablet=&#8221;&#8221; text_font_size_phone=&#8221;40px&#8221; text_font_size_last_edited=&#8221;on|phone&#8221; header_font_size_tablet=&#8221;40px&#8221; header_font_size_phone=&#8221;&#8221; header_font_size_last_edited=&#8221;on|desktop&#8221; global_colors_info=&#8221;{}&#8221;]@ET-DC@eyJkeW5hbWljIjp0cnVlLCJjb250ZW50IjoicG9zdF90aXRsZSIsInNldHRpbmdzIjp7ImJlZm9yZSI6IjxoMT4iLCJhZnRlciI6IjwvaDE+In19@[\/et_pb_text][\/et_pb_column][\/et_pb_row][et_pb_row _builder_version=&#8221;4.16&#8243; _module_preset=&#8221;default&#8221; global_colors_info=&#8221;{}&#8221;][et_pb_column type=&#8221;4_4&#8243; _builder_version=&#8221;4.16&#8243; _module_preset=&#8221;default&#8221; global_colors_info=&#8221;{}&#8221;][et_pb_text _builder_version=&#8221;4.16&#8243; _module_preset=&#8221;default&#8221; text_text_color=&#8221;#FFFFFF&#8221; text_font_size=&#8221;30px&#8221; custom_margin=&#8221;-30px||||false|false&#8221; global_colors_info=&#8221;{}&#8221;][\/et_pb_text][\/et_pb_column][\/et_pb_row][\/et_pb_section][et_pb_section fb_built=&#8221;1&#8243; custom_padding_last_edited=&#8221;on|phone&#8221; admin_label=&#8221;Quote Section&#8221; _builder_version=&#8221;4.17.6&#8243; custom_padding=&#8221;50px|0px|50px|0px||&#8221; custom_padding_tablet=&#8221;110px|0px|50px|0px||&#8221; custom_padding_phone=&#8221;20px||0px||false|false&#8221; border_color_all=&#8221;rgba(255,186,96,0.6)&#8221; border_width_right=&#8221;8vw&#8221; border_color_right=&#8221;#502b3a&#8221; global_colors_info=&#8221;{}&#8221;][et_pb_row _builder_version=&#8221;4.19.1&#8243; _module_preset=&#8221;default&#8221; hover_enabled=&#8221;0&#8243; global_colors_info=&#8221;{}&#8221; column_structure=&#8221;3_4,1_4&#8243; sticky_enabled=&#8221;0&#8243;][et_pb_column type=&#8221;3_4&#8243; _builder_version=&#8221;4.17.6&#8243; _module_preset=&#8221;default&#8221; global_colors_info=&#8221;{}&#8221;][et_pb_text _builder_version=&#8221;4.19.1&#8243; _module_preset=&#8221;default&#8221; text_font_size=&#8221;17px&#8221; hover_enabled=&#8221;0&#8243; global_colors_info=&#8221;{}&#8221; text_font=&#8221;Roboto Slab||||||||&#8221; text_letter_spacing=&#8221;1px&#8221; text_line_height=&#8221;1.9em&#8221; custom_padding=&#8221;|||30px|false|false&#8221; border_width_left=&#8221;10px&#8221; animation_style=&#8221;flip&#8221; animation_intensity_flip=&#8221;5%&#8221; animation_starting_opacity=&#8221;100%&#8221; sticky_enabled=&#8221;0&#8243;]<\/p>\n<p>\u015amia\u0142o mo\u017cna powiedzie\u0107, i\u017c rozwody dziel\u0105 si\u0119 na dwa rodzaje \u2013 <a href=\"https:\/\/k-smok.pl\/DMS2023\/specjalizacje\/prawo-rodzinne\/rozwody\/rozwod-z-orzeczeniem-o-winie\/\"><strong>z orzekaniem o winie<\/strong><\/a> i <a href=\"https:\/\/k-smok.pl\/DMS2023\/specjalizacje\/prawo-rodzinne\/rozwody\/rozwod-bez-orzekania-o-winie\/\"><strong>bez orzekania o winie<\/strong><\/a>. Rozw\u00f3d bez orzekania o winie, wymaga zgodno\u015bci obu stron, co do jak najsprawniejszego i jak najszybszego zako\u0144czenia sprawy. S\u0105d zaniecha orzekania o winie jedynie w sytuacji, kiedy stanowisko obojga ma\u0142\u017conk\u00f3w b\u0119dzie zgodne.<\/p>\n<p>Nasza Kancelaria zawsze ma na uwadze dobro oraz minimalizowanie koszt\u00f3w, na jakie mo\u017ce zosta\u0107 nara\u017cony nasz Klient. St\u0105d te\u017c, oczywi\u015bcie o ile okoliczno\u015bci sprawy na to pozwalaj\u0105, jeste\u015bmy zwolennikami rozwod\u00f3w bez orzekania o winie \u2013 tak aby uchroni\u0107 naszych Klient\u00f3w przed niepotrzebnym stresem. Spraw rozwodowe s\u0105 pe\u0142ne emocji i nasz\u0105 rol\u0105, jako profesjonalnych pe\u0142nomocnik\u00f3w, jest prowadzi\u0107 naszego Klienta ku jak najkorzystniejszym rozwi\u0105zaniom w sprawie.<\/p>\n<p>W przypadku rozwod\u00f3w bez orzekania o winie, nale\u017cy mie\u0107 na uwadze, i\u017c mimo zawarcie przez strony porozumienia, jeden ze wsp\u00f3\u0142ma\u0142\u017conk\u00f3w mo\u017ce zosta\u0107 obci\u0105\u017cony alimentami na rzecz drugiego. Taka sytuacja zdarza si\u0119 stosunkowo rzadko, jednak warto o niej wspomnie\u0107. W przypadku rozwodu bez orzekania o winie aliment\u00f3w od by\u0142ego ma\u0142\u017conka mo\u017cna \u017c\u0105da\u0107 tylko w\u00f3wczas, gdy jedna ze stron, w wyniku rozstania, znajdzie si\u0119 w niedostatku. Obowi\u0105zek alimentacyjny pomi\u0119dzy by\u0142ymi ma\u0142\u017conkami wygasa po up\u0142ywie 5 lat od uprawomocnienia si\u0119 wyroku rozwodowego, chyba \u017ce ze wzgl\u0119du na wyj\u0105tkowe okoliczno\u015bci s\u0105d, na \u017c\u0105danie uprawnionego, przed\u0142u\u017cy wspomniany pi\u0119cioletni okres.<\/p>\n<p>Niew\u0105tpliw\u0105 zalet\u0105 przeprowadzenia rozwodu za porozumieniem stron jest o wiele kr\u00f3tszy czas trwania ca\u0142ego procesu. W momencie, gdy obie strony z\u0142o\u017c\u0105 o\u015bwiadczenie co do przeprowadzenia rozwodu bez orzekania o winie, s\u0105 zgodne co do wszystkich pozosta\u0142ych kwestii ma\u0142\u017ce\u0144skich i dodatkowo nie posiadaj\u0105 wsp\u00f3lnych dzieci, jest du\u017ca szansa, i\u017c post\u0119powanie rozwodowe sko\u0144czy si\u0119 na jednej rozprawie. S\u0105d na takiej rozprawie wys\u0142ucha strony, aby upewni\u0107 si\u0119 co do trwa\u0142ego rozk\u0142adu po\u017cycia ma\u0142\u017ce\u0144skiego, tym samym wydaj\u0105c wyrok o rozwi\u0105zaniu ma\u0142\u017ce\u0144stwa. Niemniej, fakt posiadania wsp\u00f3lnych dzieci lub sytuacja, w kt\u00f3rej wprawdzie ma\u0142\u017conkowie zgodnie o\u015bwiadczaj\u0105 o nieorzekaniu przez s\u0105d o winie, niemniej pojawiaj\u0105 si\u0119 r\u00f3\u017cnice zda\u0144 w pozosta\u0142ych sprawach ma\u0142\u017ce\u0144skich &#8211; przed\u0142u\u017ca post\u0119powanie rozwodowe.<\/p>\n<p>Podejmuj\u0105c decyzj\u0119 o rozwi\u0105zaniu instytucji ma\u0142\u017ce\u0144stwa warto skorzysta\u0107 z pomocy prawnej \u015bwiadczonej przez naszych prawnik\u00f3w. Nasza Kancelaria zawsze d\u0105\u017cy\u0107 b\u0119dzie do wypracowania najbardziej optymalnego dla Pa\u0144stwa rozwi\u0105zania.<\/p>\n<p>[\/et_pb_text][\/et_pb_column][et_pb_column type=&#8221;1_4&#8243; _builder_version=&#8221;4.17.6&#8243; _module_preset=&#8221;default&#8221; global_colors_info=&#8221;{}&#8221;][\/et_pb_column][\/et_pb_row][et_pb_row _builder_version=&#8221;4.19.1&#8243; _module_preset=&#8221;default&#8221; global_colors_info=&#8221;{}&#8221;][et_pb_column type=&#8221;4_4&#8243; _builder_version=&#8221;4.19.1&#8243; _module_preset=&#8221;default&#8221; global_colors_info=&#8221;{}&#8221;][et_pb_image src=&#8221;https:\/\/k-smok.pl\/DMS2023\/wp-content\/uploads\/2020\/07\/silhouette-1082129_1920.jpg&#8221; alt=&#8221;Rozw\u00f3d bez orzekania o winie &#8211; Prawnik Katowice Rozwody&#8221; title_text=&#8221;Rozw\u00f3d bez orzekania o winie &#8211; Prawnik Katowice Rozwody&#8221; show_bottom_space=&#8221;off&#8221; force_fullwidth=&#8221;on&#8221; admin_label=&#8221;Obraz&#8221; _builder_version=&#8221;4.19.1&#8243; _module_preset=&#8221;default&#8221; width_tablet=&#8221;39%&#8221; width_phone=&#8221;100%&#8221; width_last_edited=&#8221;on|phone&#8221; module_alignment=&#8221;left&#8221; custom_margin=&#8221;|50px|30px||false|false&#8221; custom_margin_tablet=&#8221;|50px|30px||false|false&#8221; custom_margin_phone=&#8221;0px||||false|false&#8221; custom_margin_last_edited=&#8221;on|phone&#8221; custom_padding=&#8221;0px||||false|false&#8221; animation_style=&#8221;slide&#8221; animation_direction=&#8221;right&#8221; animation_intensity_slide=&#8221;2%&#8221; custom_css_main_element=&#8221;float: left; ||padding-right: 30px;&#8221; border_width_all=&#8221;30px&#8221; border_color_all=&#8221;#FFFFFF&#8221; box_shadow_style=&#8221;preset2&#8243; box_shadow_horizontal=&#8221;0px&#8221; box_shadow_vertical=&#8221;15px&#8221; box_shadow_blur=&#8221;60px&#8221; global_colors_info=&#8221;{}&#8221;][\/et_pb_image][\/et_pb_column][\/et_pb_row][\/et_pb_section][et_pb_section fb_built=&#8221;1&#8243; admin_label=&#8221;Project Analysis Section&#8221; _builder_version=&#8221;4.16&#8243; custom_padding=&#8221;90px||90px|&#8221; global_colors_info=&#8221;{}&#8221;][et_pb_row column_structure=&#8221;1_4,3_4&#8243; admin_label=&#8221;Project Analysis Area&#8221; module_class=&#8221;content-areas&#8221; _builder_version=&#8221;4.16&#8243; custom_padding=&#8221;60px|0px|60px|0px&#8221; border_color_all=&#8221;rgba(51,51,51,0.12)&#8221; border_width_top=&#8221;1px&#8221; global_colors_info=&#8221;{}&#8221;][et_pb_column type=&#8221;1_4&#8243; _builder_version=&#8221;4.16&#8243; custom_padding=&#8221;|||&#8221; global_colors_info=&#8221;{}&#8221; custom_padding__hover=&#8221;|||&#8221;][et_pb_text admin_label=&#8221;Title&#8221; _builder_version=&#8221;4.16&#8243; text_font=&#8221;||||||||&#8221; header_font=&#8221;||||||||&#8221; header_3_font=&#8221;Roboto Slab||||||||&#8221; header_3_line_height=&#8221;2em&#8221; animation_style=&#8221;fold&#8221; animation_direction=&#8221;left&#8221; animation_intensity_fold=&#8221;5%&#8221; global_colors_info=&#8221;{}&#8221;]<\/p>\n<h3>Zakres<\/h3>\n<p>[\/et_pb_text][\/et_pb_column][et_pb_column type=&#8221;3_4&#8243; _builder_version=&#8221;4.16&#8243; custom_padding=&#8221;|||&#8221; global_colors_info=&#8221;{}&#8221; custom_padding__hover=&#8221;|||&#8221;][et_pb_text _builder_version=&#8221;4.16&#8243; text_font=&#8221;||||||||&#8221; text_font_size=&#8221;16px&#8221; text_line_height=&#8221;2em&#8221; header_font=&#8221;||||||||&#8221; animation_style=&#8221;fade&#8221; global_colors_info=&#8221;{}&#8221;]<\/p>\n<p>W zakres naszych dzia\u0142a\u0144 odnosz\u0105cych si\u0119 do prowadzenia spraw rozwodowych wchodz\u0105 m.in:<\/p>\n<ul>\n<li>przygotowanie i wniesienie pozwu o rozw\u00f3d,<\/li>\n<li>okre\u015blenie kwestii orzekania o winie,<\/li>\n<li>ustalenie zasad opieki nad dzie\u0107mi,<\/li>\n<li>okre\u015blenie wysoko\u015bci aliment\u00f3w,<\/li>\n<li>okre\u015blenie kwestii podzia\u0142u maj\u0105tku,<\/li>\n<li>informowanie o wymaganych op\u0142atach, dokumentach, uiszczenie op\u0142at w Pa\u0144stwa imieniu.<\/li>\n<\/ul>\n<p>[\/et_pb_text][\/et_pb_column][\/et_pb_row][et_pb_row column_structure=&#8221;1_4,3_4&#8243; admin_label=&#8221;Project Analysis Area&#8221; module_class=&#8221;content-areas&#8221; _builder_version=&#8221;4.16&#8243; custom_padding=&#8221;60px|0px|60px|0px&#8221; border_color_all=&#8221;rgba(51,51,51,0.12)&#8221; border_width_top=&#8221;1px&#8221; global_module=&#8221;3321&#8243; saved_tabs=&#8221;all&#8221; global_colors_info=&#8221;{}&#8221;][et_pb_column type=&#8221;1_4&#8243; _builder_version=&#8221;4.16&#8243; custom_padding=&#8221;|||&#8221; global_colors_info=&#8221;{}&#8221; custom_padding__hover=&#8221;|||&#8221;][et_pb_text admin_label=&#8221;Title&#8221; _builder_version=&#8221;4.19.1&#8243; text_font=&#8221;||||||||&#8221; header_font=&#8221;||||||||&#8221; header_3_font=&#8221;Roboto Slab||||||||&#8221; header_3_line_height=&#8221;2em&#8221; animation_style=&#8221;fold&#8221; animation_direction=&#8221;left&#8221; animation_intensity_fold=&#8221;5%&#8221; global_colors_info=&#8221;{}&#8221;]<\/p>\n<h3>Prawo rodzinne<\/h3>\n<p>[\/et_pb_text][\/et_pb_column][et_pb_column type=&#8221;3_4&#8243; _builder_version=&#8221;4.16&#8243; custom_padding=&#8221;|||&#8221; global_colors_info=&#8221;{}&#8221; custom_padding__hover=&#8221;|||&#8221;][et_pb_text _builder_version=&#8221;4.19.1&#8243; text_font=&#8221;||||||||&#8221; text_font_size=&#8221;16px&#8221; text_line_height=&#8221;2em&#8221; header_font=&#8221;||||||||&#8221; animation_style=&#8221;fade&#8221; global_colors_info=&#8221;{}&#8221;]<\/p>\n<p><span>W dziedzinie prawa rodzinnego, zajmujemy si\u0119 sprawami takimi jak:<\/span><\/p>\n<ul>\n<li><span><\/span><a href=\"https:\/\/k-smok.pl\/DMS2023\/specjalizacje\/prawo-rodzinne\/rozwody\/\"><span>Rozw\u00f3d<\/span><\/a><\/li>\n<li><span><\/span><a href=\"https:\/\/k-smok.pl\/DMS2023\/specjalizacje\/prawo-rodzinne\/separacja\/\"><span>Separacja<\/span><\/a><\/li>\n<li><span><\/span><a href=\"https:\/\/k-smok.pl\/DMS2023\/specjalizacje\/prawo-rodzinne\/rozwody\/ustanowienie-kontaktow-rodzica-z-dzieckiem\/\"><span>Ustalenie kontakt\u00f3w<\/span><\/a><\/li>\n<li><span><\/span><a href=\"https:\/\/k-smok.pl\/DMS2023\/specjalizacje\/prawo-rodzinne\/alimenty\/\"><span>Alimenty<\/span><\/a><\/li>\n<li><span><a href=\"https:\/\/k-smok.pl\/DMS2023\/specjalizacje\/prawo-rodzinne\/wladza-rodzicielska\/utrudnianie-kontaktow-z-dzieckiem\/\">Utrudnianie kontakt\u00f3w z dzieckiem<\/a><\/span><\/li>\n<li><span><\/span><span>Ograniczeni lub pozbawienie praw rodzicielskich<\/span><a href=\"https:\/\/k-smok.pl\/DMS2023\/specjalizacje\/prawo-rodzinne\/wladza-rodzicielska\/utrudnianie-kontaktow-z-dzieckiem\/\"><span><\/span><\/a><\/li>\n<li><span><\/span><span>Podzia\u0142 maj\u0105tku by\u0142ych ma\u0142\u017conk\u00f3w<\/span><\/li>\n<li><span><\/span><span>Innymi sprawami rodzinnymi<\/span><\/li>\n<\/ul>\n<p>[\/et_pb_text][\/et_pb_column][\/et_pb_row][et_pb_row column_structure=&#8221;1_4,3_4&#8243; admin_label=&#8221;Final Result Area&#8221; module_class=&#8221;content-why-us&#8221; _builder_version=&#8221;4.16&#8243; custom_padding=&#8221;60px|0px|60px|0px&#8221; border_color_all=&#8221;rgba(51,51,51,0.12)&#8221; border_width_top=&#8221;1px&#8221; global_colors_info=&#8221;{}&#8221;][et_pb_column type=&#8221;1_4&#8243; _builder_version=&#8221;4.16&#8243; custom_padding=&#8221;|||&#8221; global_colors_info=&#8221;{}&#8221; custom_padding__hover=&#8221;|||&#8221;][et_pb_text admin_label=&#8221;Title&#8221; _builder_version=&#8221;4.16&#8243; text_font=&#8221;||||||||&#8221; header_font=&#8221;||||||||&#8221; header_3_font=&#8221;Roboto Slab||||||||&#8221; header_3_line_height=&#8221;2em&#8221; animation_style=&#8221;fold&#8221; animation_direction=&#8221;left&#8221; animation_intensity_fold=&#8221;5%&#8221; global_colors_info=&#8221;{}&#8221;]<\/p>\n<h3>Dlaczego My?<\/h3>\n<p>[\/et_pb_text][\/et_pb_column][et_pb_column type=&#8221;3_4&#8243; _builder_version=&#8221;4.16&#8243; custom_padding=&#8221;|||&#8221; global_colors_info=&#8221;{}&#8221; custom_padding__hover=&#8221;|||&#8221;][et_pb_text _builder_version=&#8221;4.16&#8243; text_font=&#8221;||||||||&#8221; text_font_size=&#8221;16px&#8221; text_line_height=&#8221;2em&#8221; header_font=&#8221;||||||||&#8221; animation_style=&#8221;fade&#8221; global_colors_info=&#8221;{}&#8221;]<\/p>\n<p style=\"text-align: justify;\"><span>Posiadaj\u0105c wieloletnie do\u015bwiadczenie w prowadzeniu spraw rozwodowych i rozumiej\u0105c zwi\u0105zane z nimi emocje, stawiamy sobie za cel zminimalizowanie przykrych do\u015bwiadcze\u0144.<span class=\"Apple-converted-space\">\u00a0<\/span><\/span><\/p>\n<p style=\"text-align: justify;\"><span>Naszym priorytetem jest, aby Klient zosta\u0142 do procesu odpowiednio przygotowany, dlatego nasze dzia\u0142ania oraz podejmowane decyzje s\u0105 zawsze wyczerpuj\u0105co wyja\u015bniane.<\/span><\/p>\n<p style=\"text-align: justify;\"><span>Zale\u017cy nam, aby sprawa rozwodowa przebieg\u0142a mo\u017cliwie \u0142atwo ze szczeg\u00f3lnym naciskiem na minimalizacj\u0119 strat, zw\u0142aszcza je\u015bli w rozw\u00f3d rodzic\u00f3w zaanga\u017cowane s\u0105 dzieci.<\/span><\/p>\n<p style=\"text-align: justify;\"><span><\/span><\/p>\n<p style=\"text-align: justify;\"><span>Zapraszamy do kontaktu z nasz\u0105 Kancelari\u0105 w Katowicach Brynowie, gdzie udzielimy Pa\u0144stwu odpowiedzi na pytania zwi\u0105zane ze spraw\u0105 rozwodow\u0105 oraz doradzimy odpowiednie dzia\u0142ania.<\/span><\/p>\n<p>[\/et_pb_text][\/et_pb_column][\/et_pb_row][et_pb_row admin_label=&#8221;Final Result Area&#8221; module_class=&#8221;content-why-us&#8221; _builder_version=&#8221;4.16&#8243; custom_padding=&#8221;60px|0px|60px|0px&#8221; border_color_all=&#8221;rgba(51,51,51,0.12)&#8221; border_width_top=&#8221;1px&#8221; global_colors_info=&#8221;{}&#8221;][et_pb_column type=&#8221;4_4&#8243; _builder_version=&#8221;4.16&#8243; custom_padding=&#8221;|||&#8221; global_colors_info=&#8221;{}&#8221; custom_padding__hover=&#8221;|||&#8221;][et_pb_text admin_label=&#8221;Title&#8221; _builder_version=&#8221;4.16&#8243; text_font=&#8221;||||||||&#8221; header_font=&#8221;||||||||&#8221; header_3_font=&#8221;Roboto Slab||||||||&#8221; header_3_line_height=&#8221;2em&#8221; animation_style=&#8221;fold&#8221; animation_direction=&#8221;left&#8221; animation_intensity_fold=&#8221;5%&#8221; global_colors_info=&#8221;{}&#8221;]<\/p>\n<h3>Nasze artyku\u0142y<\/h3>\n<p>[\/et_pb_text][et_pb_blog fullwidth=&#8221;off&#8221; posts_number=&#8221;12&#8243; include_categories=&#8221;15&#8243; meta_date=&#8221;d M y&#8221; excerpt_length=&#8221;0&#8243; show_more=&#8221;on&#8221; show_author=&#8221;off&#8221; show_excerpt=&#8221;off&#8221; module_class=&#8221;blog-podstrona&#8221; _builder_version=&#8221;4.17.6&#8243; custom_css_title=&#8221;min-height:65px;&#8221; global_colors_info=&#8221;{}&#8221;][\/et_pb_blog][\/et_pb_column][\/et_pb_row][et_pb_row column_structure=&#8221;1_3,1_3,1_3&#8243; admin_label=&#8221;Fun Fact Area&#8221; module_class=&#8221;content-counters&#8221; _builder_version=&#8221;4.16&#8243; global_module=&#8221;799&#8243; saved_tabs=&#8221;all&#8221; locked=&#8221;off&#8221; global_colors_info=&#8221;{}&#8221;][et_pb_column type=&#8221;1_3&#8243; _builder_version=&#8221;4.16&#8243; custom_padding=&#8221;|||&#8221; global_colors_info=&#8221;{}&#8221; custom_padding__hover=&#8221;|||&#8221;][et_pb_number_counter title=&#8221;Ilo\u015b\u0107 rozpraw&#8221; number=&#8221;1000+&#8221; percent_sign=&#8221;off&#8221; _builder_version=&#8221;4.19.1&#8243; title_font=&#8221;|700|||||||&#8221; number_font_size=&#8221;60px&#8221; custom_margin=&#8221;|||&#8221; custom_padding=&#8221;|||&#8221; locked=&#8221;off&#8221; global_colors_info=&#8221;{}&#8221;][\/et_pb_number_counter][\/et_pb_column][et_pb_column type=&#8221;1_3&#8243; _builder_version=&#8221;4.16&#8243; custom_padding=&#8221;|||&#8221; global_colors_info=&#8221;{}&#8221; custom_padding__hover=&#8221;|||&#8221;][et_pb_number_counter title=&#8221;Ilo\u015b\u0107 prowadzonych spraw&#8221; number=&#8221;800+&#8221; percent_sign=&#8221;off&#8221; _builder_version=&#8221;4.19.1&#8243; title_font=&#8221;|700|||||||&#8221; number_font_size=&#8221;60px&#8221; custom_margin=&#8221;|||&#8221; custom_padding=&#8221;|||&#8221; locked=&#8221;off&#8221; global_colors_info=&#8221;{}&#8221;][\/et_pb_number_counter][\/et_pb_column][et_pb_column type=&#8221;1_3&#8243; _builder_version=&#8221;4.16&#8243; custom_padding=&#8221;|||&#8221; global_colors_info=&#8221;{}&#8221; custom_padding__hover=&#8221;|||&#8221;][et_pb_number_counter title=&#8221;Prawnik\u00f3w&#8221; number=&#8221;11&#8243; percent_sign=&#8221;off&#8221; _builder_version=&#8221;4.19.1&#8243; title_font=&#8221;|700|||||||&#8221; number_font_size=&#8221;60px&#8221; custom_margin=&#8221;|||&#8221; custom_padding=&#8221;|||&#8221; locked=&#8221;off&#8221; global_colors_info=&#8221;{}&#8221;][\/et_pb_number_counter][\/et_pb_column][\/et_pb_row][\/et_pb_section][et_pb_section fb_built=&#8221;1&#8243; admin_label=&#8221;CTA Section&#8221; module_class=&#8221;after-content-banner&#8221; _builder_version=&#8221;4.19.1&#8243; use_background_color_gradient=&#8221;on&#8221; background_color_gradient_stops=&#8221;rgba(80,43,58,0.78) 0%|rgba(29,18,22,0.66) 100%&#8221; background_color_gradient_overlays_image=&#8221;on&#8221; background_color_gradient_start=&#8221;rgba(80,43,58,0.78)&#8221; background_color_gradient_end=&#8221;rgba(29,18,22,0.66)&#8221; background_image=&#8221;https:\/\/k-smok.pl\/DMS2023\/wp-content\/uploads\/2018\/11\/law-firm-03.jpg&#8221; custom_margin=&#8221;||-50px||false|false&#8221; custom_margin_tablet=&#8221;||-60px||false|false&#8221; custom_margin_phone=&#8221;||-60px||false|false&#8221; custom_margin_last_edited=&#8221;on|desktop&#8221; custom_padding=&#8221;200px|0px|200px||false|false&#8221; background_color_gradient_stops_tablet=&#8221;rgba(80,43,58,0.78) 0%|rgba(29,18,22,0.66) 100%&#8221; background_color_gradient_stops_phone=&#8221;rgba(80,43,58,0.78) 0%|rgba(29,18,22,0.66) 100%&#8221; border_color_all=&#8221;#1d1216&#8243; border_width_right=&#8221;8vw&#8221; border_width_left=&#8221;8vw&#8221; global_module=&#8221;1959&#8243; locked=&#8221;off&#8221; global_colors_info=&#8221;{}&#8221;][et_pb_row column_structure=&#8221;1_2,1_2&#8243; use_custom_gutter=&#8221;on&#8221; gutter_width=&#8221;2&#8243; admin_label=&#8221;CTA Area&#8221; _builder_version=&#8221;4.16&#8243; locked=&#8221;off&#8221; global_colors_info=&#8221;{}&#8221;][et_pb_column type=&#8221;1_2&#8243; _builder_version=&#8221;4.16&#8243; custom_padding=&#8221;|||&#8221; global_colors_info=&#8221;{}&#8221; custom_padding__hover=&#8221;|||&#8221;][et_pb_text admin_label=&#8221;Title&#8221; _builder_version=&#8221;4.16&#8243; text_font=&#8221;||||||||&#8221; header_font=&#8221;||||||||&#8221; header_2_font=&#8221;Prata||||||||&#8221; header_2_font_size=&#8221;48px&#8221; header_2_line_height=&#8221;1.6em&#8221; background_layout=&#8221;dark&#8221; module_alignment=&#8221;center&#8221; custom_margin=&#8221;|||&#8221; custom_padding=&#8221;|||&#8221; animation_direction=&#8221;left&#8221; header_2_font_size_tablet=&#8221;40px&#8221; header_2_font_size_phone=&#8221;&#8221; header_2_font_size_last_edited=&#8221;on|tablet&#8221; locked=&#8221;off&#8221; global_colors_info=&#8221;{}&#8221;]<\/p>\n<h2>Zapraszamy<\/h2>\n<p>[\/et_pb_text][\/et_pb_column][et_pb_column type=&#8221;1_2&#8243; _builder_version=&#8221;4.16&#8243; custom_padding=&#8221;|||&#8221; global_colors_info=&#8221;{}&#8221; custom_padding__hover=&#8221;|||&#8221;][et_pb_button button_url=&#8221;https:\/\/k-smok.pl\/DMS2023\/kontakt\/&#8221; button_text=&#8221;Kontakt&#8221; button_alignment=&#8221;center&#8221; _builder_version=&#8221;4.16&#8243; custom_button=&#8221;on&#8221; button_text_size=&#8221;15px&#8221; button_text_color=&#8221;#FFFFFF&#8221; button_border_width=&#8221;1px&#8221; button_border_color=&#8221;#FFFFFF&#8221; button_border_radius=&#8221;7px&#8221; button_letter_spacing=&#8221;3px&#8221; button_font=&#8221;Prata|700|||||||&#8221; button_icon=&#8221;&#x24;||divi||400&#8243; button_icon_color=&#8221;#ffffff&#8221; custom_margin=&#8221;10px|||&#8221; custom_padding=&#8221;10px||10px|&#8221; animation_style=&#8221;fade&#8221; animation_direction=&#8221;right&#8221; custom_css_main_element=&#8221;padding: 15px 20px 8px 20px;&#8221; button_text_shadow_style=&#8221;preset3&#8243; button_text_shadow_blur_strength=&#8221;0.37em&#8221; button_text_shadow_color=&#8221;rgba(0,0,0,0.88)&#8221; button_bg_color_hover=&#8221;rgba(0,0,0,0)&#8221; global_colors_info=&#8221;{}&#8221; button_text_size__hover_enabled=&#8221;off&#8221; button_one_text_size__hover_enabled=&#8221;off&#8221; button_two_text_size__hover_enabled=&#8221;off&#8221; button_text_color__hover_enabled=&#8221;off&#8221; button_one_text_color__hover_enabled=&#8221;off&#8221; button_two_text_color__hover_enabled=&#8221;off&#8221; button_border_width__hover_enabled=&#8221;off&#8221; button_one_border_width__hover_enabled=&#8221;off&#8221; button_two_border_width__hover_enabled=&#8221;off&#8221; button_border_color__hover_enabled=&#8221;off&#8221; button_one_border_color__hover_enabled=&#8221;off&#8221; button_two_border_color__hover_enabled=&#8221;off&#8221; button_border_radius__hover_enabled=&#8221;off&#8221; button_one_border_radius__hover_enabled=&#8221;off&#8221; button_two_border_radius__hover_enabled=&#8221;off&#8221; button_letter_spacing__hover_enabled=&#8221;off&#8221; button_one_letter_spacing__hover_enabled=&#8221;off&#8221; button_two_letter_spacing__hover_enabled=&#8221;off&#8221; button_bg_color__hover_enabled=&#8221;on&#8221; button_bg_color__hover=&#8221;rgba(0,0,0,0.22)&#8221; button_one_bg_color__hover_enabled=&#8221;off&#8221; button_two_bg_color__hover_enabled=&#8221;off&#8221;][\/et_pb_button][\/et_pb_column][\/et_pb_row][\/et_pb_section]<\/p>\n","protected":false},"excerpt":{"rendered":"<p>\u015amia\u0142o mo\u017cna powiedzie\u0107, i\u017c rozwody dziel\u0105 si\u0119 na dwa rodzaje \u2013 z orzekaniem o winie i bez orzekania o winie. Rozw\u00f3d bez orzekania o winie, wymaga zgodno\u015bci obu stron, co do jak najsprawniejszego i jak najszybszego zako\u0144czenia sprawy. S\u0105d zaniecha orzekania o winie jedynie w sytuacji, kiedy stanowisko obojga ma\u0142\u017conk\u00f3w b\u0119dzie zgodne. Nasza Kancelaria zawsze [&hellip;]<\/p>\n","protected":false},"author":2,"featured_media":1619,"parent":971,"menu_order":0,"comment_status":"closed","ping_status":"closed","template":"","meta":{"_et_pb_use_builder":"on","_et_pb_old_content":"","_et_gb_content_width":"","footnotes":""},"_links":{"self":[{"href":"https:\/\/k-smok.pl\/DMS2023\/wp-json\/wp\/v2\/pages\/2782"}],"collection":[{"href":"https:\/\/k-smok.pl\/DMS2023\/wp-json\/wp\/v2\/pages"}],"about":[{"href":"https:\/\/k-smok.pl\/DMS2023\/wp-json\/wp\/v2\/types\/page"}],"author":[{"embeddable":true,"href":"https:\/\/k-smok.pl\/DMS2023\/wp-json\/wp\/v2\/users\/2"}],"replies":[{"embeddable":true,"href":"https:\/\/k-smok.pl\/DMS2023\/wp-json\/wp\/v2\/comments?post=2782"}],"version-history":[{"count":4,"href":"https:\/\/k-smok.pl\/DMS2023\/wp-json\/wp\/v2\/pages\/2782\/revisions"}],"predecessor-version":[{"id":3790,"href":"https:\/\/k-smok.pl\/DMS2023\/wp-json\/wp\/v2\/pages\/2782\/revisions\/3790"}],"up":[{"embeddable":true,"href":"https:\/\/k-smok.pl\/DMS2023\/wp-json\/wp\/v2\/pages\/971"}],"wp:featuredmedia":[{"embeddable":true,"href":"https:\/\/k-smok.pl\/DMS2023\/wp-json\/wp\/v2\/media\/1619"}],"wp:attachment":[{"href":"https:\/\/k-smok.pl\/DMS2023\/wp-json\/wp\/v2\/media?parent=2782"}],"curies":[{"name":"wp","href":"https:\/\/api.w.org\/{rel}","templated":true}]}}