{"id":2554,"date":"2022-05-19T10:45:12","date_gmt":"2022-05-19T08:45:12","guid":{"rendered":"https:\/\/k-smok.pl\/DMS2023\/?page_id=2554"},"modified":"2022-05-19T13:04:17","modified_gmt":"2022-05-19T11:04:17","slug":"malgorzata-bernatek","status":"publish","type":"page","link":"https:\/\/k-smok.pl\/DMS2023\/malgorzata-bernatek\/","title":{"rendered":"Malgorzata Bernatek"},"content":{"rendered":"<p>[et_pb_section fb_built=&#8221;1&#8243; admin_label=&#8221;Page Title Section&#8221; _builder_version=&#8221;4.9.6&#8243; _module_preset=&#8221;2d37c903-28be-4051-9215-0dbe5a365c37&#8243;][et_pb_row admin_label=&#8221;Page Title Area&#8221; _builder_version=&#8221;3.25&#8243; background_size=&#8221;initial&#8221; background_position=&#8221;top_left&#8221; background_repeat=&#8221;repeat&#8221; custom_padding=&#8221;||9px|||&#8221;][et_pb_column type=&#8221;4_4&#8243; _builder_version=&#8221;3.25&#8243; custom_padding=&#8221;|||&#8221; custom_padding__hover=&#8221;|||&#8221;][et_pb_text admin_label=&#8221;Page Title&#8221; module_class=&#8221;header-title&#8221; _builder_version=&#8221;4.9.7&#8243; _dynamic_attributes=&#8221;content&#8221; text_font=&#8221;Quincy CF Regular||||||||&#8221; text_text_color=&#8221;#ffffff&#8221; text_font_size=&#8221;70px&#8221; text_line_height=&#8221;2em&#8221; header_font=&#8221;Quincy CF Regular||||||||&#8221; header_font_size=&#8221;60px&#8221; header_line_height=&#8221;1.6em&#8221; text_orientation=&#8221;center&#8221; background_layout=&#8221;dark&#8221; max_width=&#8221;700px&#8221; module_alignment=&#8221;center&#8221; custom_margin=&#8221;||10px|&#8221; animation_style=&#8221;fade&#8221; header_font_size_tablet=&#8221;40px&#8221; header_font_size_phone=&#8221;&#8221; header_font_size_last_edited=&#8221;on|desktop&#8221;]@ET-DC@eyJkeW5hbWljIjp0cnVlLCJjb250ZW50IjoicG9zdF90aXRsZSIsInNldHRpbmdzIjp7ImJlZm9yZSI6IiIsImFmdGVyIjoiIn19@[\/et_pb_text][\/et_pb_column][\/et_pb_row][et_pb_row _builder_version=&#8221;4.9.7&#8243; _module_preset=&#8221;default&#8221;][et_pb_column type=&#8221;4_4&#8243; _builder_version=&#8221;4.9.7&#8243; _module_preset=&#8221;default&#8221;][et_pb_text _builder_version=&#8221;4.9.7&#8243; _module_preset=&#8221;default&#8221; text_text_color=&#8221;#FFFFFF&#8221; text_font_size=&#8221;30px&#8221; custom_margin=&#8221;-30px||||false|false&#8221; hover_enabled=&#8221;0&#8243; sticky_enabled=&#8221;0&#8243;][\/et_pb_text][et_pb_text _builder_version=&#8221;4.9.7&#8243; _module_preset=&#8221;default&#8221; text_text_color=&#8221;#FFFFFF&#8221; text_font_size=&#8221;30px&#8221; custom_margin=&#8221;-30px||||false|false&#8221; animation_style=&#8221;fade&#8221; hover_enabled=&#8221;0&#8243; sticky_enabled=&#8221;0&#8243;]<\/p>\n<p style=\"text-align: center;\">Aplikant radcowski<\/p>\n<p>[\/et_pb_text][\/et_pb_column][\/et_pb_row][\/et_pb_section][et_pb_section fb_built=&#8221;1&#8243; admin_label=&#8221;Quote Section&#8221; _builder_version=&#8221;4.9.7&#8243; custom_padding=&#8221;40px|0px|40px|0px|false|false&#8221; border_color_all=&#8221;rgba(255,186,96,0.6)&#8221; border_width_right=&#8221;8vw&#8221; border_color_right=&#8221;#502b3a&#8221;][\/et_pb_section][et_pb_section fb_built=&#8221;1&#8243; admin_label=&#8221;Quote Section&#8221; _builder_version=&#8221;4.9.6&#8243; custom_padding=&#8221;0|0px|21px|0px|false|false&#8221; border_color_all=&#8221;rgba(255,186,96,0.6)&#8221; border_width_right=&#8221;8vw&#8221; border_color_right=&#8221;#3d212c&#8221;][et_pb_row _builder_version=&#8221;3.25&#8243;][et_pb_column type=&#8221;4_4&#8243; _builder_version=&#8221;3.25&#8243; custom_padding=&#8221;|||&#8221; custom_padding__hover=&#8221;|||&#8221;][et_pb_team_member image_url=&#8221;https:\/\/k-smok.pl\/DMS2023\/wp-content\/uploads\/2022\/05\/Malgorzata_Bernatek.jpg&#8221; _builder_version=&#8221;4.9.7&#8243; text_orientation=&#8221;justified&#8221;]<\/p>\n<div>\n<p class=\"v1MsoNormal\">Absolwentka Wydzia\u0142u Prawa i Administracji Uniwersytetu \u015al\u0105skiego w Katowicach. Obecnie na trzecim roku aplikacji Okr\u0119gowej Izby Radc\u00f3w Prawnych w Katowicach.<\/p>\n<p class=\"v1MsoNormal\">W 2021 r. uko\u0144czy\u0142a studia podyplomowe na kierunku Prawo Medyczne i Bioetyka na Uniwersytecie Jagiello\u0144skim w Krakowie. Specjalizuje si\u0119 w prawie medycznym, ze szczeg\u00f3lnym uwzgl\u0119dnieniem zagadnie\u0144 dotycz\u0105cych odpowiedzialno\u015bci (cywilnej i karnej) za b\u0142\u0119dy medyczne oraz narusze\u0144 przepis\u00f3w ustawy o prawach pacjenta i Rzeczniku Praw Pacjenta.<\/p>\n<p class=\"v1MsoNormal\">Posiada bogate do\u015bwiadczenie zar\u00f3wno w obs\u0142udze podmiot\u00f3w gospodarczych, jak r\u00f3wnie\u017c klient\u00f3w indywidualnych.<\/p>\n<\/div>\n<div><\/div>\n<p>[\/et_pb_team_member][\/et_pb_column][\/et_pb_row][et_pb_row module_id=&#8221;specjalizacja&#8221; _builder_version=&#8221;4.4.6&#8243;][et_pb_column type=&#8221;4_4&#8243; _builder_version=&#8221;3.25&#8243; custom_padding=&#8221;|||&#8221; custom_padding__hover=&#8221;|||&#8221;][et_pb_divider _builder_version=&#8221;4.4.6&#8243;][\/et_pb_divider][et_pb_text disabled_on=&#8221;on|on|on&#8221; _builder_version=&#8221;4.9.7&#8243; text_font=&#8221;Quincy CF Regular||||||||&#8221; text_text_color=&#8221;#333333&#8243; text_font_size=&#8221;20px&#8221; text_line_height=&#8221;2em&#8221; header_font=&#8221;Prata||||||||&#8221; header_font_size=&#8221;60px&#8221; header_line_height=&#8221;1.6em&#8221; text_orientation=&#8221;center&#8221; background_layout=&#8221;dark&#8221; max_width=&#8221;700px&#8221; module_alignment=&#8221;left&#8221; custom_margin=&#8221;||10px|&#8221; animation_style=&#8221;fade&#8221; header_font_size_tablet=&#8221;40px&#8221; header_font_size_phone=&#8221;&#8221; header_font_size_last_edited=&#8221;on|desktop&#8221; disabled=&#8221;on&#8221;]<\/p>\n<p style=\"text-align: left;\"><strong>Specjalizacja:<\/strong><\/p>\n<ul style=\"line-height: 1.6em; margin-top: 20px;\">\n<li style=\"text-align: left;\"><a href=\"https:\/\/k-smok.pl\/DMS2023\/specjalizacje\/prawo-rodzinne\/\" target=\"_blank\" rel=\"noopener noreferrer\" title=\"Prawo rodzinne\">Prawo rodzinne<\/a><\/li>\n<li style=\"text-align: left;\"><a href=\"https:\/\/k-smok.pl\/DMS2023\/specjalizacje\/prawo-rodzinne\/rozwody\/\" target=\"_blank\" rel=\"noopener noreferrer\" title=\"Rozwody\">Rozwody<\/a><\/li>\n<li style=\"text-align: left;\"><a href=\"https:\/\/k-smok.pl\/DMS2023\/specjalizacje\/prawo-rodzinne\/alimenty\/\" target=\"_blank\" rel=\"noopener noreferrer\" title=\"Alimenty\">Alimenty<\/a><\/li>\n<li style=\"text-align: left;\"><a href=\"https:\/\/k-smok.pl\/DMS2023\/specjalizacje\/prawo-rodzinne\/separacja\/\" target=\"_blank\" rel=\"noopener noreferrer\" title=\"Separacje\">Separacje<\/a><\/li>\n<li style=\"text-align: left;\">Podzia\u0142 maj\u0105tku<\/li>\n<li style=\"text-align: left;\"><a href=\"https:\/\/k-smok.pl\/DMS2023\/specjalizacje\/prawo-karne\/\" title=\"Prawo karne\">Prawo karne<\/a><\/li>\n<\/ul>\n<p>[\/et_pb_text][\/et_pb_column][\/et_pb_row][\/et_pb_section][et_pb_section fb_built=&#8221;1&#8243; admin_label=&#8221;CTA Section&#8221; module_class=&#8221;after-content-banner&#8221; _builder_version=&#8221;4.9.7&#8243; use_background_color_gradient=&#8221;on&#8221; background_color_gradient_start=&#8221;rgba(80,43,58,0.78)&#8221; background_color_gradient_end=&#8221;rgba(29,18,22,0.66)&#8221; background_color_gradient_overlays_image=&#8221;on&#8221; background_image=&#8221;https:\/\/k-smok.pl\/DMS2023\/wp-content\/uploads\/2018\/11\/law-firm-03.jpg&#8221; custom_padding=&#8221;200px|0px|200px|&#8221; border_color_all=&#8221;#1d1216&#8243; border_width_right=&#8221;8vw&#8221; border_width_left=&#8221;8vw&#8221; global_module=&#8221;1959&#8243; locked=&#8221;off&#8221;][et_pb_row column_structure=&#8221;1_2,1_2&#8243; use_custom_gutter=&#8221;on&#8221; gutter_width=&#8221;2&#8243; admin_label=&#8221;CTA Area&#8221; _builder_version=&#8221;3.25&#8243; locked=&#8221;off&#8221;][et_pb_column type=&#8221;1_2&#8243; _builder_version=&#8221;3.25&#8243; custom_padding=&#8221;|||&#8221; custom_padding__hover=&#8221;|||&#8221;][et_pb_text admin_label=&#8221;Title&#8221; _builder_version=&#8221;3.27.4&#8243; text_font=&#8221;||||||||&#8221; header_font=&#8221;||||||||&#8221; header_2_font=&#8221;Prata||||||||&#8221; header_2_font_size=&#8221;48px&#8221; header_2_line_height=&#8221;1.6em&#8221; background_layout=&#8221;dark&#8221; module_alignment=&#8221;center&#8221; custom_margin=&#8221;|||&#8221; custom_padding=&#8221;|||&#8221; animation_direction=&#8221;left&#8221; header_2_font_size_tablet=&#8221;40px&#8221; header_2_font_size_phone=&#8221;&#8221; header_2_font_size_last_edited=&#8221;on|tablet&#8221; locked=&#8221;off&#8221;]<\/p>\n<h2>Zapraszamy<\/h2>\n<p>[\/et_pb_text][\/et_pb_column][et_pb_column type=&#8221;1_2&#8243; _builder_version=&#8221;3.25&#8243; custom_padding=&#8221;|||&#8221; custom_padding__hover=&#8221;|||&#8221;][et_pb_button button_url=&#8221;https:\/\/k-smok.pl\/DMS2023\/kontakt\/&#8221; button_text=&#8221;Kontakt&#8221; button_alignment=&#8221;center&#8221; _builder_version=&#8221;4.9.6&#8243; custom_button=&#8221;on&#8221; button_text_size=&#8221;15px&#8221; button_text_color=&#8221;#FFFFFF&#8221; button_border_width=&#8221;1px&#8221; button_border_color=&#8221;#FFFFFF&#8221; button_border_radius=&#8221;7px&#8221; button_letter_spacing=&#8221;3px&#8221; button_font=&#8221;Prata|700|||||||&#8221; button_icon=&#8221;%%3%%&#8221; button_icon_color=&#8221;#ffffff&#8221; custom_margin=&#8221;10px|||&#8221; custom_padding=&#8221;10px||10px|&#8221; animation_style=&#8221;fade&#8221; animation_direction=&#8221;right&#8221; custom_css_main_element=&#8221;padding: 15px 20px 8px 20px;&#8221; button_text_shadow_style=&#8221;preset3&#8243; button_text_shadow_blur_strength=&#8221;0.37em&#8221; button_text_shadow_color=&#8221;rgba(0,0,0,0.88)&#8221; button_bg_color_hover=&#8221;rgba(0,0,0,0)&#8221; button_text_size__hover_enabled=&#8221;off&#8221; button_one_text_size__hover_enabled=&#8221;off&#8221; button_two_text_size__hover_enabled=&#8221;off&#8221; button_text_color__hover_enabled=&#8221;off&#8221; button_one_text_color__hover_enabled=&#8221;off&#8221; button_two_text_color__hover_enabled=&#8221;off&#8221; button_border_width__hover_enabled=&#8221;off&#8221; button_one_border_width__hover_enabled=&#8221;off&#8221; button_two_border_width__hover_enabled=&#8221;off&#8221; button_border_color__hover_enabled=&#8221;off&#8221; button_one_border_color__hover_enabled=&#8221;off&#8221; button_two_border_color__hover_enabled=&#8221;off&#8221; button_border_radius__hover_enabled=&#8221;off&#8221; button_one_border_radius__hover_enabled=&#8221;off&#8221; button_two_border_radius__hover_enabled=&#8221;off&#8221; button_letter_spacing__hover_enabled=&#8221;off&#8221; button_one_letter_spacing__hover_enabled=&#8221;off&#8221; button_two_letter_spacing__hover_enabled=&#8221;off&#8221; button_bg_color__hover_enabled=&#8221;on&#8221; button_bg_color__hover=&#8221;rgba(0,0,0,0.22)&#8221; button_one_bg_color__hover_enabled=&#8221;off&#8221; button_two_bg_color__hover_enabled=&#8221;off&#8221;][\/et_pb_button][\/et_pb_column][\/et_pb_row][\/et_pb_section]<\/p>\n","protected":false},"excerpt":{"rendered":"<p>Aplikant radcowski Absolwentka Wydzia\u0142u Prawa i Administracji Uniwersytetu \u015al\u0105skiego w Katowicach. Obecnie na trzecim roku aplikacji Okr\u0119gowej Izby Radc\u00f3w Prawnych w Katowicach. W 2021 r. uko\u0144czy\u0142a studia podyplomowe na kierunku Prawo Medyczne i Bioetyka na Uniwersytecie Jagiello\u0144skim w Krakowie. Specjalizuje si\u0119 w prawie medycznym, ze szczeg\u00f3lnym uwzgl\u0119dnieniem zagadnie\u0144 dotycz\u0105cych odpowiedzialno\u015bci (cywilnej i karnej) za b\u0142\u0119dy [&hellip;]<\/p>\n","protected":false},"author":2,"featured_media":0,"parent":0,"menu_order":0,"comment_status":"closed","ping_status":"closed","template":"","meta":{"_et_pb_use_builder":"on","_et_pb_old_content":"","_et_gb_content_width":"","footnotes":""},"_links":{"self":[{"href":"https:\/\/k-smok.pl\/DMS2023\/wp-json\/wp\/v2\/pages\/2554"}],"collection":[{"href":"https:\/\/k-smok.pl\/DMS2023\/wp-json\/wp\/v2\/pages"}],"about":[{"href":"https:\/\/k-smok.pl\/DMS2023\/wp-json\/wp\/v2\/types\/page"}],"author":[{"embeddable":true,"href":"https:\/\/k-smok.pl\/DMS2023\/wp-json\/wp\/v2\/users\/2"}],"replies":[{"embeddable":true,"href":"https:\/\/k-smok.pl\/DMS2023\/wp-json\/wp\/v2\/comments?post=2554"}],"version-history":[{"count":0,"href":"https:\/\/k-smok.pl\/DMS2023\/wp-json\/wp\/v2\/pages\/2554\/revisions"}],"wp:attachment":[{"href":"https:\/\/k-smok.pl\/DMS2023\/wp-json\/wp\/v2\/media?parent=2554"}],"curies":[{"name":"wp","href":"https:\/\/api.w.org\/{rel}","templated":true}]}}