{"id":1347,"date":"2020-03-30T10:31:41","date_gmt":"2020-03-30T08:31:41","guid":{"rendered":"https:\/\/k-smok.pl\/DMS2023\/?page_id=1347"},"modified":"2023-08-23T08:43:56","modified_gmt":"2023-08-23T06:43:56","slug":"prawo-energetyczne","status":"publish","type":"page","link":"https:\/\/k-smok.pl\/DMS2023\/specjalizacje\/prawo-energetyczne\/","title":{"rendered":"Prawo energetyczne"},"content":{"rendered":"<p>[et_pb_section fb_built=&#8221;1&#8243; custom_padding_last_edited=&#8221;on|phone&#8221; admin_label=&#8221;Page Title Section&#8221; _builder_version=&#8221;4.17.6&#8243; _module_preset=&#8221;2d37c903-28be-4051-9215-0dbe5a365c37&#8243; custom_padding=&#8221;50px||50px||false|false&#8221; custom_padding_tablet=&#8221;50px||50px||false|false&#8221; custom_padding_phone=&#8221;30px||10px||false|false&#8221; global_module=&#8221;1963&#8243; global_colors_info=&#8221;{}&#8221;][et_pb_row admin_label=&#8221;Page Title Area&#8221; _builder_version=&#8221;4.16&#8243; background_size=&#8221;initial&#8221; background_position=&#8221;top_left&#8221; background_repeat=&#8221;repeat&#8221; custom_padding=&#8221;||9px|||&#8221; global_colors_info=&#8221;{}&#8221;][et_pb_column type=&#8221;4_4&#8243; _builder_version=&#8221;4.16&#8243; custom_padding=&#8221;|||&#8221; global_colors_info=&#8221;{}&#8221; custom_padding__hover=&#8221;|||&#8221;][et_pb_text admin_label=&#8221;Page Title&#8221; module_class=&#8221;header-title&#8221; _builder_version=&#8221;4.19.1&#8243; _dynamic_attributes=&#8221;content&#8221; text_font=&#8221;Quincy CF Regular||||||||&#8221; text_text_color=&#8221;#ffffff&#8221; text_font_size=&#8221;60px&#8221; text_line_height=&#8221;1.4em&#8221; header_font=&#8221;Quincy CF Regular||||||||&#8221; header_font_size=&#8221;50px&#8221; header_line_height=&#8221;1.4em&#8221; text_orientation=&#8221;center&#8221; background_layout=&#8221;dark&#8221; max_width=&#8221;700px&#8221; module_alignment=&#8221;center&#8221; custom_margin=&#8221;||10px|&#8221; animation_style=&#8221;fade&#8221; text_font_size_tablet=&#8221;&#8221; text_font_size_phone=&#8221;40px&#8221; text_font_size_last_edited=&#8221;on|phone&#8221; header_font_size_tablet=&#8221;40px&#8221; header_font_size_phone=&#8221;&#8221; header_font_size_last_edited=&#8221;on|desktop&#8221; global_colors_info=&#8221;{}&#8221;]@ET-DC@eyJkeW5hbWljIjp0cnVlLCJjb250ZW50IjoicG9zdF90aXRsZSIsInNldHRpbmdzIjp7ImJlZm9yZSI6IjxoMT4iLCJhZnRlciI6IjwvaDE+In19@[\/et_pb_text][\/et_pb_column][\/et_pb_row][et_pb_row _builder_version=&#8221;4.16&#8243; _module_preset=&#8221;default&#8221; global_colors_info=&#8221;{}&#8221;][et_pb_column type=&#8221;4_4&#8243; _builder_version=&#8221;4.16&#8243; _module_preset=&#8221;default&#8221; global_colors_info=&#8221;{}&#8221;][et_pb_text _builder_version=&#8221;4.16&#8243; _module_preset=&#8221;default&#8221; text_text_color=&#8221;#FFFFFF&#8221; text_font_size=&#8221;30px&#8221; custom_margin=&#8221;-30px||||false|false&#8221; global_colors_info=&#8221;{}&#8221;][\/et_pb_text][\/et_pb_column][\/et_pb_row][\/et_pb_section][et_pb_section fb_built=&#8221;1&#8243; admin_label=&#8221;Quote Section&#8221; _builder_version=&#8221;4.16&#8243; custom_padding=&#8221;110px|0px|110px|0px&#8221; border_color_all=&#8221;rgba(255,186,96,0.6)&#8221; border_width_right=&#8221;8vw&#8221; border_color_right=&#8221;#502b3a&#8221; global_colors_info=&#8221;{}&#8221;][et_pb_row column_structure=&#8221;3_4,1_4&#8243; admin_label=&#8221;Quote Area&#8221; module_class=&#8221;content-intro&#8221; _builder_version=&#8221;4.16&#8243; use_custom_width=&#8221;on&#8221; global_colors_info=&#8221;{}&#8221;][et_pb_column type=&#8221;3_4&#8243; _builder_version=&#8221;4.16&#8243; custom_padding=&#8221;|||&#8221; global_colors_info=&#8221;{}&#8221; custom_padding__hover=&#8221;|||&#8221;][et_pb_text admin_label=&#8221;wst\u0119p&#8221; module_class=&#8221;content-intro-text&#8221; _builder_version=&#8221;4.16&#8243; text_font=&#8221;Roboto Slab||||||||&#8221; text_font_size=&#8221;17px&#8221; text_letter_spacing=&#8221;1px&#8221; text_line_height=&#8221;1.9em&#8221; header_3_line_height=&#8221;1.6em&#8221; custom_margin=&#8221;|||&#8221; custom_padding=&#8221;|||30px&#8221; animation_style=&#8221;flip&#8221; animation_intensity_flip=&#8221;5%&#8221; animation_starting_opacity=&#8221;100%&#8221; border_color_all=&#8221;#313e47&#8243; border_width_left=&#8221;10px&#8221; global_colors_info=&#8221;{}&#8221;]<\/p>\n<p>Od pocz\u0105tku istnienia Kancelarii Adwokackiej Smok i Partnerzy kierujemy si\u0119 dok\u0142adno\u015bci\u0105 i rzetelno\u015bci\u0105 w wykonywanych obowi\u0105zkach. Dzi\u0119ki do\u015bwiadczonemu zespo\u0142owi specjalist\u00f3w przeprowadzamy pe\u0142n\u0105 analiz\u0119 prawn\u0105 um\u00f3w, regulamin\u00f3w oraz dokumentacji towarzysz\u0105cej jakie klient ma podpisane ze sprzedawcami i dostawcami energii elektrycznej i paliwa gazowego w Polsce.\u00a0 W swojej pracy k\u0142adziemy nacisk na fakt czy zawarte umowy nie zawieraj\u0105 zapis\u00f3w, kt\u00f3re mog\u0105 wywo\u0142a\u0107 dla firmy nieprzewidziane w szczeg\u00f3lno\u015bci konsekwencje finansowe.\u00a0 Dodatkowo sprawdzamy \u00a0zasadno\u015b\u0107 wysoko\u015bci koszt\u00f3w jakie ponosi firma w zwi\u0105zku z zakupem energii elektrycznej i paliwa gazowego.<\/p>\n<p><strong>Takie podej\u015bcie pozwala na przekazanie rekomendacji, kt\u00f3re pozwol\u0105 na unikni\u0119cie ryzyk prawnych oraz finansowych.<\/strong><\/p>\n<p>[\/et_pb_text][\/et_pb_column][et_pb_column type=&#8221;1_4&#8243; _builder_version=&#8221;4.16&#8243; custom_padding=&#8221;|||&#8221; global_colors_info=&#8221;{}&#8221; custom_padding__hover=&#8221;|||&#8221;][\/et_pb_column][\/et_pb_row][et_pb_row _builder_version=&#8221;4.19.1&#8243; _module_preset=&#8221;default&#8221;][et_pb_column _builder_version=&#8221;4.19.1&#8243; _module_preset=&#8221;default&#8221; type=&#8221;4_4&#8243;][et_pb_image _builder_version=&#8221;4.19.1&#8243; _module_preset=&#8221;default&#8221; alt=&#8221;prawo energetyczne&#8221; title_text=&#8221;prawo-energetyczne&#8221; src=&#8221;https:\/\/k-smok.pl\/DMS2023\/wp-content\/uploads\/2023\/08\/prawo-energetyczne.jpg&#8221; force_fullwidth=&#8221;on&#8221; border_width_all=&#8221;30px&#8221; border_color_all=&#8221;#FFFFFF&#8221; box_shadow_style=&#8221;preset2&#8243; box_shadow_vertical=&#8221;15px&#8221; box_shadow_blur=&#8221;60px&#8221; box_shadow_color=&#8221;rgba(29,61,71,0.2)&#8221; animation_style=&#8221;slide&#8221; animation_direction=&#8221;right&#8221; animation_intensity_slide=&#8221;2%&#8221; show_bottom_space=&#8221;off&#8221; hover_enabled=&#8221;0&#8243; sticky_enabled=&#8221;0&#8243;][\/et_pb_image][\/et_pb_column][\/et_pb_row][\/et_pb_section][et_pb_section fb_built=&#8221;1&#8243; admin_label=&#8221;Project Analysis Section&#8221; _builder_version=&#8221;4.16&#8243; custom_padding=&#8221;40px||90px|||&#8221; global_colors_info=&#8221;{}&#8221;][et_pb_row column_structure=&#8221;1_4,3_4&#8243; admin_label=&#8221;Project Analysis Area&#8221; module_class=&#8221;content-areas&#8221; _builder_version=&#8221;4.16&#8243; custom_padding=&#8221;40px|0px|60px|0px||&#8221; border_color_all=&#8221;rgba(51,51,51,0.12)&#8221; border_width_top=&#8221;1px&#8221; global_colors_info=&#8221;{}&#8221;][et_pb_column type=&#8221;1_4&#8243; _builder_version=&#8221;4.16&#8243; custom_padding=&#8221;|||&#8221; global_colors_info=&#8221;{}&#8221; custom_padding__hover=&#8221;|||&#8221;][et_pb_text admin_label=&#8221;Title&#8221; _builder_version=&#8221;4.16&#8243; text_font=&#8221;||||||||&#8221; header_font=&#8221;||||||||&#8221; header_3_font=&#8221;Roboto Slab||||||||&#8221; header_3_line_height=&#8221;2em&#8221; animation_style=&#8221;fold&#8221; animation_direction=&#8221;left&#8221; animation_intensity_fold=&#8221;5%&#8221; global_colors_info=&#8221;{}&#8221;]<\/p>\n<h3>Zakres audytu<\/h3>\n<p>[\/et_pb_text][\/et_pb_column][et_pb_column type=&#8221;3_4&#8243; _builder_version=&#8221;4.16&#8243; custom_padding=&#8221;|||&#8221; global_colors_info=&#8221;{}&#8221; custom_padding__hover=&#8221;|||&#8221;][et_pb_text admin_label=&#8221;zakres&#8221; _builder_version=&#8221;4.16&#8243; text_font_size=&#8221;16px&#8221; text_line_height=&#8221;2em&#8221; animation_style=&#8221;fade&#8221; global_colors_info=&#8221;{}&#8221;]<\/p>\n<p>W ramach wykonania <strong>bezp\u0142atnego audytu koszt\u00f3w energii i paliwa <\/strong>gazowego dok\u0142adnie przeanalizujemy obecne taryfy pod k\u0105tem jej op\u0142acalno\u015bci dla firmy, oraz op\u0142aty za dystrybucj\u0119 energii. Dok\u0142adnie analizujemy te\u017c obecne stawki za energi\u0119 elektryczn\u0105 i paliwo gazowe. Obs\u0142ugujemy nie tylko firmy z sektora M\u015aP, ale r\u00f3wnie\u017c wsp\u00f3lnoty mieszkaniowe, sp\u00f3\u0142dzielnie mieszkaniowe itp. Dla klient\u00f3w o okre\u015blonym profilu zu\u017cycia energii umo\u017cliwiamy &#8211; za pomoc\u0105 wyspecjalizowanych treder\u00f3w, zakup energii i paliwa gazowego na Towarowej Gie\u0142dzie Energii. <strong>Dzi\u0119ki przeprowadzonej analizie przedsi\u0119biorstwo uzyskuje dodatkowo bezp\u0142atn\u0105 wiedz\u0119 w zakresie instalacji fotowoltaicznych i ich finansowaniu.<\/strong><\/p>\n<p>Ka\u017cda firma posiada dedykowanego opiekuna odpowiedzialnego za ca\u0142o\u015b\u0107 analizy, oraz za obs\u0142ug\u0119 po jej wykonaniu: W trosce o bezpiecze\u0144stwo informacji <strong>bezp\u0142atny audyt koszt\u00f3w energii i paliwa gazowego <\/strong>rozpoczynamy od nast\u0119puj\u0105cych etap\u00f3w:<\/p>\n<p><strong>Krok 1. Podstaw\u0105 rozpocz\u0119cia audytu jest zapoznanie si\u0119 z tre\u015bci\u0105 umowy o poufno\u015bci.<br \/> Krok 2. Przekazanie przez Zleceniodawc\u0119 skan\u00f3w dokument\u00f3w:<\/strong><\/p>\n<p><strong> <\/strong><\/p>\n<p>\u2192 faktury zakupu energii (ostatnie 12 miesi\u0119cy)<br \/> \u2192 faktury za dystrybucj\u0119 energii (je\u015bli dystrybutorem jest inna firma ni\u017c sprzedaj\u0105ca energi\u0119)<br \/> \u2192 aktualna umowa zakupu energii<br \/> \u2192 faktury zakupu paliwa gazowego (ostatnie 12 miesi\u0119cy)<br \/> \u2192 aktualna umowa zakupu paliwa gazowego<br \/> \u2192 podpisana umowa o poufno\u015bci<\/p>\n<p><strong>Krok 3. Kancelaria Adwokacka Smok i Partnerzy jako Wykonawca:<br \/> <\/strong>\u2192 dostarczy podpisany orygina\u0142 umowy o poufno\u015bci i potwierdzi odbi\u00f3r kompletu dokument\u00f3w<br \/> \u2192 w ci\u0105gu 72h od odbioru dokument\u00f3w dostarczy raport z wnioskami<\/p>\n<ul><\/ul>\n<p>[\/et_pb_text][\/et_pb_column][\/et_pb_row][et_pb_row column_structure=&#8221;1_4,3_4&#8243; admin_label=&#8221;Partner&#8221; module_class=&#8221;partner-uslugi&#8221; _builder_version=&#8221;4.16&#8243; custom_padding=&#8221;60px|0px|60px|0px&#8221; border_color_all=&#8221;rgba(51,51,51,0.12)&#8221; border_width_top=&#8221;1px&#8221; global_colors_info=&#8221;{}&#8221;][et_pb_column type=&#8221;1_4&#8243; _builder_version=&#8221;4.16&#8243; custom_padding=&#8221;|||&#8221; global_colors_info=&#8221;{}&#8221; custom_padding__hover=&#8221;|||&#8221;][et_pb_text admin_label=&#8221;Title&#8221; _builder_version=&#8221;4.16&#8243; text_font=&#8221;||||||||&#8221; header_font=&#8221;||||||||&#8221; header_3_font=&#8221;Roboto Slab||||||||&#8221; header_3_line_height=&#8221;2em&#8221; animation_style=&#8221;fold&#8221; animation_direction=&#8221;left&#8221; animation_intensity_fold=&#8221;5%&#8221; global_colors_info=&#8221;{}&#8221;]<\/p>\n<h3>Partner<\/h3>\n<p>[\/et_pb_text][\/et_pb_column][et_pb_column type=&#8221;3_4&#8243; _builder_version=&#8221;4.16&#8243; custom_padding=&#8221;|||&#8221; global_colors_info=&#8221;{}&#8221; custom_padding__hover=&#8221;|||&#8221;][et_pb_text admin_label=&#8221;zakres&#8221; _builder_version=&#8221;4.16&#8243; text_font_size=&#8221;16px&#8221; text_line_height=&#8221;2em&#8221; custom_margin=&#8221;||13px|||&#8221; animation_style=&#8221;fade&#8221; global_colors_info=&#8221;{}&#8221;]<\/p>\n<p>Partnerem Strategicznym jest Infinitum Group sp.z.o.o <\/p>\n<p>[\/et_pb_text][et_pb_image src=&#8221;https:\/\/k-smok.pl\/DMS2023\/wp-content\/uploads\/2020\/03\/InfinitumGroup_logo.png&#8221; _builder_version=&#8221;4.16&#8243; width=&#8221;40%&#8221; global_colors_info=&#8221;{}&#8221;][\/et_pb_image][\/et_pb_column][\/et_pb_row][et_pb_row column_structure=&#8221;1_4,3_4&#8243; admin_label=&#8221;Final Result Area&#8221; module_class=&#8221;content-why-us&#8221; _builder_version=&#8221;4.16&#8243; custom_padding=&#8221;60px|0px|60px|0px&#8221; border_color_all=&#8221;rgba(51,51,51,0.12)&#8221; border_width_top=&#8221;1px&#8221; global_colors_info=&#8221;{}&#8221;][et_pb_column type=&#8221;1_4&#8243; _builder_version=&#8221;4.16&#8243; custom_padding=&#8221;|||&#8221; global_colors_info=&#8221;{}&#8221; custom_padding__hover=&#8221;|||&#8221;][et_pb_text admin_label=&#8221;Title&#8221; _builder_version=&#8221;4.16&#8243; text_font=&#8221;||||||||&#8221; header_font=&#8221;||||||||&#8221; header_3_font=&#8221;Roboto Slab||||||||&#8221; header_3_line_height=&#8221;2em&#8221; animation_style=&#8221;fold&#8221; animation_direction=&#8221;left&#8221; animation_intensity_fold=&#8221;5%&#8221; global_colors_info=&#8221;{}&#8221;]<\/p>\n<h3>Dlaczego My?<\/h3>\n<p>[\/et_pb_text][\/et_pb_column][et_pb_column type=&#8221;3_4&#8243; _builder_version=&#8221;4.16&#8243; custom_padding=&#8221;|||&#8221; global_colors_info=&#8221;{}&#8221; custom_padding__hover=&#8221;|||&#8221;][et_pb_text admin_label=&#8221;dlaczego my &#8211; nie modyfikuj tego elementu: usu\u0144 i dodaj w\u0142asny.&#8221; _builder_version=&#8221;4.9.6&#8243; text_font_size=&#8221;16px&#8221; text_line_height=&#8221;2em&#8221; text_orientation=&#8221;justified&#8221; max_width=&#8221;100%&#8221; animation_style=&#8221;fade&#8221; global_module=&#8221;603&#8243; saved_tabs=&#8221;all&#8221; locked=&#8221;off&#8221; global_colors_info=&#8221;{}&#8221;]<\/p>\n<p>W <strong>Kancelarii Prawnej SMOK <\/strong>wiemy, \u017ce do ka\u017cdej sprawy nale\u017cy podej\u015b\u0107 indywidualnie. Rozumiemy, \u017ce cz\u0119sto sprawy s\u0105 <strong>wieloaspektowe<\/strong> i wymagaj\u0105 <strong>multidyscyplinarnej wiedzy<\/strong>, zar\u00f3wno z obszaru r\u00f3\u017cnych dziedzin prawa jak i dziedziny przedmiotowej. Dlatego posiadamy wieloosobowy zesp\u00f3\u0142 specjalist\u00f3w o wzajemnie zaz\u0119biaj\u0105cych si\u0119 i uzupe\u0142niaj\u0105cych kompetencjach.<\/p>\n<p><strong>Nasz\u0105 mocn\u0105 stron\u0105 jest indywidualne <\/strong>i<strong>\u00a0uczciwe podej\u015bcie do\u00a0Klienta<\/strong>. Do\u00a0ka\u017cdej sprawy, bez\u00a0wzgl\u0119du na\u00a0jej przedmiot czy\u00a0warto\u015b\u0107, przyk\u0142adamy tak\u0105 sam\u0105 wag\u0119. Prowadzimy sprawy unikaj\u0105c zb\u0119dnych koszt\u00f3w post\u0119powania i\u00a0zawi\u0142o\u015bci proceduralnych, d\u0105\u017c\u0105c do\u00a0<strong>sprawnego<\/strong> i\u00a0<strong>efektywnego rozwi\u0105zania problem\u00f3w Klienta.<\/strong><\/p>\n<p>[\/et_pb_text][\/et_pb_column][\/et_pb_row][et_pb_row column_structure=&#8221;1_3,1_3,1_3&#8243; admin_label=&#8221;Fun Fact Area&#8221; module_class=&#8221;content-counters&#8221; _builder_version=&#8221;4.16&#8243; global_module=&#8221;799&#8243; saved_tabs=&#8221;all&#8221; locked=&#8221;off&#8221; global_colors_info=&#8221;{}&#8221;][et_pb_column type=&#8221;1_3&#8243; _builder_version=&#8221;4.16&#8243; custom_padding=&#8221;|||&#8221; global_colors_info=&#8221;{}&#8221; custom_padding__hover=&#8221;|||&#8221;][et_pb_number_counter title=&#8221;Ilo\u015b\u0107 rozpraw&#8221; number=&#8221;1000+&#8221; percent_sign=&#8221;off&#8221; _builder_version=&#8221;4.19.1&#8243; title_font=&#8221;|700|||||||&#8221; number_font_size=&#8221;60px&#8221; custom_margin=&#8221;|||&#8221; custom_padding=&#8221;|||&#8221; locked=&#8221;off&#8221; global_colors_info=&#8221;{}&#8221;][\/et_pb_number_counter][\/et_pb_column][et_pb_column type=&#8221;1_3&#8243; _builder_version=&#8221;4.16&#8243; custom_padding=&#8221;|||&#8221; global_colors_info=&#8221;{}&#8221; custom_padding__hover=&#8221;|||&#8221;][et_pb_number_counter title=&#8221;Ilo\u015b\u0107 prowadzonych spraw&#8221; number=&#8221;800+&#8221; percent_sign=&#8221;off&#8221; _builder_version=&#8221;4.19.1&#8243; title_font=&#8221;|700|||||||&#8221; number_font_size=&#8221;60px&#8221; custom_margin=&#8221;|||&#8221; custom_padding=&#8221;|||&#8221; locked=&#8221;off&#8221; global_colors_info=&#8221;{}&#8221;][\/et_pb_number_counter][\/et_pb_column][et_pb_column type=&#8221;1_3&#8243; _builder_version=&#8221;4.16&#8243; custom_padding=&#8221;|||&#8221; global_colors_info=&#8221;{}&#8221; custom_padding__hover=&#8221;|||&#8221;][et_pb_number_counter title=&#8221;Prawnik\u00f3w&#8221; number=&#8221;11&#8243; percent_sign=&#8221;off&#8221; _builder_version=&#8221;4.19.1&#8243; title_font=&#8221;|700|||||||&#8221; number_font_size=&#8221;60px&#8221; custom_margin=&#8221;|||&#8221; custom_padding=&#8221;|||&#8221; locked=&#8221;off&#8221; global_colors_info=&#8221;{}&#8221;][\/et_pb_number_counter][\/et_pb_column][\/et_pb_row][\/et_pb_section][et_pb_section fb_built=&#8221;1&#8243; admin_label=&#8221;CTA Section&#8221; module_class=&#8221;after-content-banner&#8221; _builder_version=&#8221;4.19.1&#8243; use_background_color_gradient=&#8221;on&#8221; background_color_gradient_stops=&#8221;rgba(80,43,58,0.78) 0%|rgba(29,18,22,0.66) 100%&#8221; background_color_gradient_overlays_image=&#8221;on&#8221; background_color_gradient_start=&#8221;rgba(80,43,58,0.78)&#8221; background_color_gradient_end=&#8221;rgba(29,18,22,0.66)&#8221; background_image=&#8221;https:\/\/k-smok.pl\/DMS2023\/wp-content\/uploads\/2018\/11\/law-firm-03.jpg&#8221; custom_margin=&#8221;||-50px||false|false&#8221; custom_margin_tablet=&#8221;||-60px||false|false&#8221; custom_margin_phone=&#8221;||-60px||false|false&#8221; custom_margin_last_edited=&#8221;on|desktop&#8221; custom_padding=&#8221;200px|0px|200px||false|false&#8221; background_color_gradient_stops_tablet=&#8221;rgba(80,43,58,0.78) 0%|rgba(29,18,22,0.66) 100%&#8221; background_color_gradient_stops_phone=&#8221;rgba(80,43,58,0.78) 0%|rgba(29,18,22,0.66) 100%&#8221; border_color_all=&#8221;#1d1216&#8243; border_width_right=&#8221;8vw&#8221; border_width_left=&#8221;8vw&#8221; global_module=&#8221;1959&#8243; locked=&#8221;off&#8221; global_colors_info=&#8221;{}&#8221;][et_pb_row column_structure=&#8221;1_2,1_2&#8243; use_custom_gutter=&#8221;on&#8221; gutter_width=&#8221;2&#8243; admin_label=&#8221;CTA Area&#8221; _builder_version=&#8221;4.16&#8243; locked=&#8221;off&#8221; global_colors_info=&#8221;{}&#8221;][et_pb_column type=&#8221;1_2&#8243; _builder_version=&#8221;4.16&#8243; custom_padding=&#8221;|||&#8221; global_colors_info=&#8221;{}&#8221; custom_padding__hover=&#8221;|||&#8221;][et_pb_text admin_label=&#8221;Title&#8221; _builder_version=&#8221;4.16&#8243; text_font=&#8221;||||||||&#8221; header_font=&#8221;||||||||&#8221; header_2_font=&#8221;Prata||||||||&#8221; header_2_font_size=&#8221;48px&#8221; header_2_line_height=&#8221;1.6em&#8221; background_layout=&#8221;dark&#8221; module_alignment=&#8221;center&#8221; custom_margin=&#8221;|||&#8221; custom_padding=&#8221;|||&#8221; animation_direction=&#8221;left&#8221; header_2_font_size_tablet=&#8221;40px&#8221; header_2_font_size_phone=&#8221;&#8221; header_2_font_size_last_edited=&#8221;on|tablet&#8221; locked=&#8221;off&#8221; global_colors_info=&#8221;{}&#8221;]<\/p>\n<h2>Zapraszamy<\/h2>\n<p>[\/et_pb_text][\/et_pb_column][et_pb_column type=&#8221;1_2&#8243; _builder_version=&#8221;4.16&#8243; custom_padding=&#8221;|||&#8221; global_colors_info=&#8221;{}&#8221; custom_padding__hover=&#8221;|||&#8221;][et_pb_button button_url=&#8221;https:\/\/k-smok.pl\/DMS2023\/kontakt\/&#8221; button_text=&#8221;Kontakt&#8221; button_alignment=&#8221;center&#8221; _builder_version=&#8221;4.16&#8243; custom_button=&#8221;on&#8221; button_text_size=&#8221;15px&#8221; button_text_color=&#8221;#FFFFFF&#8221; button_border_width=&#8221;1px&#8221; button_border_color=&#8221;#FFFFFF&#8221; button_border_radius=&#8221;7px&#8221; button_letter_spacing=&#8221;3px&#8221; button_font=&#8221;Prata|700|||||||&#8221; button_icon=&#8221;&#x24;||divi||400&#8243; button_icon_color=&#8221;#ffffff&#8221; custom_margin=&#8221;10px|||&#8221; custom_padding=&#8221;10px||10px|&#8221; animation_style=&#8221;fade&#8221; animation_direction=&#8221;right&#8221; custom_css_main_element=&#8221;padding: 15px 20px 8px 20px;&#8221; button_text_shadow_style=&#8221;preset3&#8243; button_text_shadow_blur_strength=&#8221;0.37em&#8221; button_text_shadow_color=&#8221;rgba(0,0,0,0.88)&#8221; button_bg_color_hover=&#8221;rgba(0,0,0,0)&#8221; global_colors_info=&#8221;{}&#8221; button_text_size__hover_enabled=&#8221;off&#8221; button_one_text_size__hover_enabled=&#8221;off&#8221; button_two_text_size__hover_enabled=&#8221;off&#8221; button_text_color__hover_enabled=&#8221;off&#8221; button_one_text_color__hover_enabled=&#8221;off&#8221; button_two_text_color__hover_enabled=&#8221;off&#8221; button_border_width__hover_enabled=&#8221;off&#8221; button_one_border_width__hover_enabled=&#8221;off&#8221; button_two_border_width__hover_enabled=&#8221;off&#8221; button_border_color__hover_enabled=&#8221;off&#8221; button_one_border_color__hover_enabled=&#8221;off&#8221; button_two_border_color__hover_enabled=&#8221;off&#8221; button_border_radius__hover_enabled=&#8221;off&#8221; button_one_border_radius__hover_enabled=&#8221;off&#8221; button_two_border_radius__hover_enabled=&#8221;off&#8221; button_letter_spacing__hover_enabled=&#8221;off&#8221; button_one_letter_spacing__hover_enabled=&#8221;off&#8221; button_two_letter_spacing__hover_enabled=&#8221;off&#8221; button_bg_color__hover_enabled=&#8221;on&#8221; button_bg_color__hover=&#8221;rgba(0,0,0,0.22)&#8221; button_one_bg_color__hover_enabled=&#8221;off&#8221; button_two_bg_color__hover_enabled=&#8221;off&#8221;][\/et_pb_button][\/et_pb_column][\/et_pb_row][\/et_pb_section]<\/p>\n","protected":false},"excerpt":{"rendered":"<p>Od pocz\u0105tku istnienia Kancelarii Adwokackiej Smok i Partnerzy kierujemy si\u0119 dok\u0142adno\u015bci\u0105 i rzetelno\u015bci\u0105 w wykonywanych obowi\u0105zkach. Dzi\u0119ki do\u015bwiadczonemu zespo\u0142owi specjalist\u00f3w przeprowadzamy pe\u0142n\u0105 analiz\u0119 prawn\u0105 um\u00f3w, regulamin\u00f3w oraz dokumentacji towarzysz\u0105cej jakie klient ma podpisane ze sprzedawcami i dostawcami energii elektrycznej i paliwa gazowego w Polsce.\u00a0 W swojej pracy k\u0142adziemy nacisk na fakt czy zawarte umowy nie [&hellip;]<\/p>\n","protected":false},"author":2,"featured_media":0,"parent":92,"menu_order":0,"comment_status":"closed","ping_status":"closed","template":"","meta":{"_et_pb_use_builder":"on","_et_pb_old_content":"","_et_gb_content_width":"","footnotes":""},"_links":{"self":[{"href":"https:\/\/k-smok.pl\/DMS2023\/wp-json\/wp\/v2\/pages\/1347"}],"collection":[{"href":"https:\/\/k-smok.pl\/DMS2023\/wp-json\/wp\/v2\/pages"}],"about":[{"href":"https:\/\/k-smok.pl\/DMS2023\/wp-json\/wp\/v2\/types\/page"}],"author":[{"embeddable":true,"href":"https:\/\/k-smok.pl\/DMS2023\/wp-json\/wp\/v2\/users\/2"}],"replies":[{"embeddable":true,"href":"https:\/\/k-smok.pl\/DMS2023\/wp-json\/wp\/v2\/comments?post=1347"}],"version-history":[{"count":1,"href":"https:\/\/k-smok.pl\/DMS2023\/wp-json\/wp\/v2\/pages\/1347\/revisions"}],"predecessor-version":[{"id":3760,"href":"https:\/\/k-smok.pl\/DMS2023\/wp-json\/wp\/v2\/pages\/1347\/revisions\/3760"}],"up":[{"embeddable":true,"href":"https:\/\/k-smok.pl\/DMS2023\/wp-json\/wp\/v2\/pages\/92"}],"wp:attachment":[{"href":"https:\/\/k-smok.pl\/DMS2023\/wp-json\/wp\/v2\/media?parent=1347"}],"curies":[{"name":"wp","href":"https:\/\/api.w.org\/{rel}","templated":true}]}}