{"id":132,"date":"2018-11-30T15:44:13","date_gmt":"2018-11-30T14:44:13","guid":{"rendered":"https:\/\/k-smok.pl\/DMS2023\/?page_id=132"},"modified":"2021-06-24T14:39:12","modified_gmt":"2021-06-24T12:39:12","slug":"polityka-prywatnosci","status":"publish","type":"page","link":"https:\/\/k-smok.pl\/DMS2023\/polityka-prywatnosci\/","title":{"rendered":"Polityka prywatno\u015bci"},"content":{"rendered":"<p>[et_pb_section fb_built=&#8221;1&#8243; admin_label=&#8221;Page Title Section&#8221; _builder_version=&#8221;4.9.6&#8243; _module_preset=&#8221;2d37c903-28be-4051-9215-0dbe5a365c37&#8243; global_module=&#8221;1963&#8243;][et_pb_row admin_label=&#8221;Page Title Area&#8221; _builder_version=&#8221;3.25&#8243; background_size=&#8221;initial&#8221; background_position=&#8221;top_left&#8221; background_repeat=&#8221;repeat&#8221;][et_pb_column type=&#8221;4_4&#8243; _builder_version=&#8221;3.25&#8243; custom_padding=&#8221;|||&#8221; custom_padding__hover=&#8221;|||&#8221;][et_pb_text admin_label=&#8221;Page Title&#8221; module_class=&#8221;header-title&#8221; _builder_version=&#8221;4.9.6&#8243; _dynamic_attributes=&#8221;content&#8221; text_font=&#8221;Quincy CF Regular||||||||&#8221; text_text_color=&#8221;#ffffff&#8221; text_font_size=&#8221;70px&#8221; text_line_height=&#8221;2em&#8221; header_font=&#8221;Quincy CF Regular||||||||&#8221; header_font_size=&#8221;60px&#8221; header_line_height=&#8221;1.6em&#8221; text_orientation=&#8221;center&#8221; background_layout=&#8221;dark&#8221; max_width=&#8221;700px&#8221; module_alignment=&#8221;center&#8221; custom_margin=&#8221;||10px|&#8221; animation_style=&#8221;fade&#8221; header_font_size_tablet=&#8221;40px&#8221; header_font_size_phone=&#8221;&#8221; header_font_size_last_edited=&#8221;on|desktop&#8221;]@ET-DC@eyJkeW5hbWljIjp0cnVlLCJjb250ZW50IjoicG9zdF90aXRsZSIsInNldHRpbmdzIjp7ImJlZm9yZSI6IiIsImFmdGVyIjoiIn19@[\/et_pb_text][\/et_pb_column][\/et_pb_row][\/et_pb_section][et_pb_section fb_built=&#8221;1&#8243; _builder_version=&#8221;4.9.6&#8243; _module_preset=&#8221;default&#8221;][et_pb_row _builder_version=&#8221;4.9.6&#8243; _module_preset=&#8221;default&#8221;][et_pb_column _builder_version=&#8221;4.9.6&#8243; _module_preset=&#8221;default&#8221; type=&#8221;4_4&#8243;][et_pb_text _builder_version=&#8221;4.9.6&#8243; _module_preset=&#8221;default&#8221; hover_enabled=&#8221;0&#8243; sticky_enabled=&#8221;0&#8243;]<\/p>\n<p>W zwi\u0105zku z tym, \u017ce odwiedzasz t\u0119 stron\u0119 internetow\u0105, pozyskujemy informacje o urz\u0105dzeniu, z kt\u00f3rego korzystasz lub o Twoim adresie IP.\u00a0 Nie pozyskujemy innych danych.<\/p>\n<p>\u200b<b>Gromadzenie danych<\/b><\/p>\n<p>Zgodnie z\u00a0przyj\u0119t\u0105 praktyk\u0105 wi\u0119kszo\u015bci serwis\u00f3w WWW, przechowujemy zapytania HTTP kierowane do naszego serwera. Przegl\u0105dane zasoby identyfikowane s\u0105 poprzez adresy URL.\u00a0 Dok\u0142adny wykaz informacji przechowywanych w\u00a0plikach log\u00f3w serwera WWW jest nast\u0119puj\u0105cy:<\/p>\n<ul>\n<li>publiczny adres IP komputera z\u00a0kt\u00f3rego nadesz\u0142o zapytanie (mo\u017ce to by\u0107 bezpo\u015brednio komputer u\u017cytkownika)<\/li>\n<li>nazw\u0119 stacji klienta &#8211; identyfikacja realizowana przez protok\u00f3\u0142 HTTP o\u00a0ile jest mo\u017cliwa,<\/li>\n<li>nazwa u\u017cytkownika podawana w\u00a0procesie autoryzacji,<\/li>\n<li>czas nadej\u015bcia zapytania,<\/li>\n<li>pierwszy wiersz \u017c\u0105dania HTTP,<\/li>\n<li>kod odpowiedzi HTTP,<\/li>\n<li>liczb\u0119 wys\u0142anych przez serwer bajt\u00f3w,<\/li>\n<li>adres URL strony poprzednio odwiedzanej przez u\u017cytkownika (referer link) &#8211; w\u00a0przypadku gdy przej\u015bcie do strony Urz\u0119du nast\u0105pi\u0142o przez odno\u015bnik,<\/li>\n<li>informacje o\u00a0przegl\u0105darce u\u017cytkownika,<\/li>\n<li>informacje o\u00a0b\u0142\u0119dach, jakie nast\u0105pi\u0142y przy realizacji transakcji HTTP.<\/li>\n<\/ul>\n<p>Dane te nie s\u0105 kojarzone z\u00a0konkretnymi osobami przegl\u0105daj\u0105cymi nasz\u0105 stron\u0119 internetow\u0105. Dla zapewnienia jak najwy\u017cszej jako\u015bci serwisu, okazjonalnie analizujemy pliki z\u00a0logami w\u00a0celu okre\u015blenia: jakie przegl\u0105darki stron WWW s\u0105 stosowane, czy struktura strony nie zawiera b\u0142\u0119d\u00f3w, jaki by\u0142 ruch na naszej stronie.<\/p>\n<p><b>Wykorzystywanie danych<\/b><\/p>\n<p>Zebrane logi przechowywane s\u0105 przez czas nieokre\u015blony jako materia\u0142 pomocniczy s\u0142u\u017c\u0105cy do administrowania serwisem. Informacje w\u00a0nich zawarte nie s\u0105 ujawniane nikomu poza osobami upowa\u017cnionymi do administrowania serwerem oraz nasz\u0105 sieci\u0105. Na podstawie plik\u00f3w log\u00f3w mog\u0105 by\u0107 generowane statystyki stanowi\u0105ce pomoc w\u00a0administrowaniu. Zbiorcze podsumowania w\u00a0postaci takich statystyk nie zawieraj\u0105 \u017cadnych cech identyfikuj\u0105cych osoby odwiedzaj\u0105ce serwis.<\/p>\n<p><b>Mechanizm Cookies na naszej stronie internetowej<\/b><\/p>\n<p>Mechanizm Cookies nie jest wykorzystywany do pozyskiwania jakichkolwiek informacji o\u00a0u\u017cytkownikach serwisu ani \u015bledzenia ich nawigacji. Pliki Cookies stosowane w\u00a0naszych serwisach nie przechowuj\u0105 \u017cadnych danych osobowych ani innych informacji zebranych od u\u017cytkownik\u00f3w.<\/p>\n<p>Okresowo mo\u017ce by\u0107 wykorzystywany sesyjny plik Cookie o\u00a0nazwie INFO &#8211; do zapisania faktu zapoznania si\u0119 z\u00a0wyr\u00f3\u017cnionymi informacjami. Plik Cookie jest tworzony w\u00a0celu ograniczania ilo\u015bci emisji okresowo pojawiaj\u0105cych si\u0119 og\u0142osze\u0144. Dzi\u0119ki zastosowaniu pliku Cookie informacja wy\u015bwietla si\u0119 tylko raz dla jednej sesji u\u017cytkownika i\u00a0nie ukazuje si\u0119 ponownie po przej\u015bciu na kolejn\u0105 stron\u0119 serwisu. Wymieniony wy\u017cej sesyjny plik Cookie, je\u015bli jest tworzony, to wyst\u0119puje w\u00a0okre\u015blonym czasie, i\u00a0tylko przez czas, w\u00a0jakim strona jest odwiedzana przez u\u017cytkownika. Zamkni\u0119cie okna przegl\u0105darki ze stron\u0105 serwisu uodo.gov.pl powoduje usuni\u0119cie utworzonego pliku.<\/p>\n<p><b>Odno\u015bniki do innych stron<\/b><\/p>\n<p>Nasza strona internetowa zawiera odno\u015bniki do innych stron WWW. Nie mo\u017cemy ponosi\u0107 odpowiedzialno\u015bci za zasady zachowania prywatno\u015bci obowi\u0105zuj\u0105ce na tych stronach. Namawiamy, by po przej\u015bciu na inne strony, zapozna\u0107 si\u0119 z\u00a0polityka prywatno\u015bci tam ustalon\u0105.<\/p>\n<p><b>Kto administruje danymi<\/b><\/p>\n<p>Administratorem Twoich danych jest <span>DETRO SP\u00d3\u0141KA Z OGRANICZON\u0104 ODPOWIEDZIALNO\u015aCI\u0104,\u00a0REGON 368073695, NIP 5213791382<\/span> z siedzib\u0105 w Katowicach przy ul. Kawek 2a\/3. Mo\u017cesz si\u0119 z nami skontaktowa\u0107 pisz\u0105c do nas zgodnie z danymi znajduj\u0105cymi si\u0119 w zak\u0142adce \u201eKontakt\u201d.<\/p>\n<p>Przetwarzamy dane w celu zapewnienia prawid\u0142owego wy\u015bwietlania znajduj\u0105cych si\u0119 na naszej stronie tre\u015bci, zapewnienia bezpiecze\u0144stwa i mo\u017cliwo\u015bci likwidacji ewentualnych usterek technicznych a tak\u017ce kontroli ruchu na stronie.\u200b<\/p>\n<p>Podstaw\u0105 prawn\u0105 do przetwarzania tych danych jest uzasadniony interes administratora danych, zgodnie z tre\u015bci\u0105 przepisu art. 6 ust. 1 lit f) Rozporz\u0105dzenia Parlamentu Europejskiego i Rady (UE) 2016\/679 z dnia 27 kwietnia 2016 r. w sprawie ochrony os\u00f3b fizycznych w zwi\u0105zku z przetwarzaniem danych osobowych i w sprawie swobodnego przep\u0142ywu takich danych oraz uchylenia dyrektywy 95\/46\/WE (og\u00f3lne rozporz\u0105dzenie o ochronie danych, RODO).<\/p>\n<p>Dane mog\u0105 zosta\u0107 przekazane firmom, z kt\u00f3rymi wsp\u00f3\u0142pracujemy po to, aby zrealizowa\u0107 ww. cel tj. utrzymanie i obs\u0142uga techniczna naszej strony internetowej.<\/p>\n<p>Dane b\u0119d\u0105 przechowywane przez okres istnienia uzasadnionego interesu do ich przetwarzania, nie d\u0142u\u017cej ni\u017c 60 miesi\u0119cy.<\/p>\n<p>\u200bPrzys\u0142uguje Pa\u0144stwu prawo do \u017c\u0105dania dost\u0119pu do danych osobowych, ich sprostowania, usuni\u0119cia lub ograniczenia przetwarzania, prawo do przeniesienia danych lub wyra\u017cenia sprzeciwu wobec przetwarzania danych. W celu skorzystania z tych praw, prosz\u0119 si\u0119 z nami skontaktowa\u0107 na dane podane powy\u017cej.<\/p>\n<p>\u200bMo\u017cecie Pa\u0144stwo r\u00f3wnie\u017c z\u0142o\u017cy\u0107 skarg\u0119 do organu nadzorczego.<\/p>\n<p>Podmioty, kt\u00f3re otrzymuj\u0105 dane w zwi\u0105zku z wej\u015bciem na nasz\u0105 stron\u0119 mog\u0105 wykorzysta\u0107 je do wy\u015bwietlania Pa\u0144stwu podobnych tre\u015bci, dopasowanych do tego, czego szukali\u015bcie (profilowanie). Bazuj\u0105 one na dotychczasowych stronach internetowych, kt\u00f3re s\u0105 przez Pa\u0144stwa odwiedzane.<\/p>\n<p>\u200bW ka\u017cdym czasie mo\u017cecie Pa\u0144stwo samodzielnie zmieni\u0107 ustawienia dotycz\u0105ce plik\u00f3w Cookies, okre\u015blaj\u0105c warunki ich przechowywania i zakresu ich stosowania. Zmiany ustawie\u0144, mog\u0105 by\u0107 dokonane za pomoc\u0105 ustawie\u0144 przegl\u0105darki internetowej lub urz\u0105dzenia, z kt\u00f3rego korzystacie. Szczeg\u00f3\u0142owe informacje o mo\u017cliwo\u015bci i sposobach obs\u0142ugi plik\u00f3w Cookies dost\u0119pne s\u0105 w ustawieniach przegl\u0105darki internetowej.<\/p>\n<p>[\/et_pb_text][\/et_pb_column][\/et_pb_row][\/et_pb_section]<\/p>\n","protected":false},"excerpt":{"rendered":"<p>W zwi\u0105zku z tym, \u017ce odwiedzasz t\u0119 stron\u0119 internetow\u0105, pozyskujemy informacje o urz\u0105dzeniu, z kt\u00f3rego korzystasz lub o Twoim adresie IP.\u00a0 Nie pozyskujemy innych danych. \u200bGromadzenie danych Zgodnie z\u00a0przyj\u0119t\u0105 praktyk\u0105 wi\u0119kszo\u015bci serwis\u00f3w WWW, przechowujemy zapytania HTTP kierowane do naszego serwera. Przegl\u0105dane zasoby identyfikowane s\u0105 poprzez adresy URL.\u00a0 Dok\u0142adny wykaz informacji przechowywanych w\u00a0plikach log\u00f3w serwera WWW [&hellip;]<\/p>\n","protected":false},"author":2,"featured_media":0,"parent":0,"menu_order":0,"comment_status":"closed","ping_status":"closed","template":"","meta":{"_et_pb_use_builder":"on","_et_pb_old_content":"<p>W zwi\u0105zku z tym, \u017ce odwiedzasz t\u0119 stron\u0119 internetow\u0105, pozyskujemy informacje o urz\u0105dzeniu, z kt\u00f3rego korzystasz lub o Twoim adresie IP.\u00a0 Nie pozyskujemy innych danych.<\/p><p>\u200b<\/p><p><b>Gromadzenie danych<\/b><\/p><p>Zgodnie z\u00a0przyj\u0119t\u0105 praktyk\u0105 wi\u0119kszo\u015bci serwis\u00f3w WWW, przechowujemy zapytania HTTP kierowane do naszego serwera. Przegl\u0105dane zasoby identyfikowane s\u0105 poprzez adresy URL.\u00a0 Dok\u0142adny wykaz informacji przechowywanych w\u00a0plikach log\u00f3w serwera WWW jest nast\u0119puj\u0105cy:\u00a0<\/p><ul><li>publiczny adres IP komputera z\u00a0kt\u00f3rego nadesz\u0142o zapytanie (mo\u017ce to by\u0107 bezpo\u015brednio komputer u\u017cytkownika)<\/li><li>nazw\u0119 stacji klienta - identyfikacja realizowana przez protok\u00f3\u0142 HTTP o\u00a0ile jest mo\u017cliwa,<\/li><li>nazwa u\u017cytkownika podawana w\u00a0procesie autoryzacji,<\/li><li>czas nadej\u015bcia zapytania,<\/li><li>pierwszy wiersz \u017c\u0105dania HTTP,<\/li><li>kod odpowiedzi HTTP,<\/li><li>liczb\u0119 wys\u0142anych przez serwer bajt\u00f3w,<\/li><li>adres URL strony poprzednio odwiedzanej przez u\u017cytkownika (referer link) - w\u00a0przypadku gdy przej\u015bcie do strony Urz\u0119du nast\u0105pi\u0142o przez odno\u015bnik,<\/li><li>informacje o\u00a0przegl\u0105darce u\u017cytkownika,<\/li><li>informacje o\u00a0b\u0142\u0119dach, jakie nast\u0105pi\u0142y przy realizacji transakcji HTTP.<\/li><\/ul><p>Dane te nie s\u0105 kojarzone z\u00a0konkretnymi osobami przegl\u0105daj\u0105cymi nasz\u0105 stron\u0119 internetow\u0105. Dla zapewnienia jak najwy\u017cszej jako\u015bci serwisu, okazjonalnie analizujemy pliki z\u00a0logami w\u00a0celu okre\u015blenia: jakie przegl\u0105darki stron WWW s\u0105 stosowane, czy struktura strony nie zawiera b\u0142\u0119d\u00f3w, jaki by\u0142 ruch na naszej stronie.<\/p><p><b>Wykorzystywanie danych<\/b><\/p><p>Zebrane logi przechowywane s\u0105 przez czas nieokre\u015blony jako materia\u0142 pomocniczy s\u0142u\u017c\u0105cy do administrowania serwisem. Informacje w\u00a0nich zawarte nie s\u0105 ujawniane nikomu poza osobami upowa\u017cnionymi do administrowania serwerem oraz nasz\u0105 sieci\u0105. Na podstawie plik\u00f3w log\u00f3w mog\u0105 by\u0107 generowane statystyki stanowi\u0105ce pomoc w\u00a0administrowaniu. Zbiorcze podsumowania w\u00a0postaci takich statystyk nie zawieraj\u0105 \u017cadnych cech identyfikuj\u0105cych osoby odwiedzaj\u0105ce serwis.<\/p><p><b>Mechanizm Cookies na naszej stronie internetowej<\/b><\/p><p>Mechanizm Cookies nie jest wykorzystywany do pozyskiwania jakichkolwiek informacji o\u00a0u\u017cytkownikach serwisu ani \u015bledzenia ich nawigacji. Pliki Cookies stosowane w\u00a0naszych serwisach nie przechowuj\u0105 \u017cadnych danych osobowych ani innych informacji zebranych od u\u017cytkownik\u00f3w.<\/p><p>Okresowo mo\u017ce by\u0107 wykorzystywany sesyjny plik Cookie o\u00a0nazwie INFO - do zapisania faktu zapoznania si\u0119 z\u00a0wyr\u00f3\u017cnionymi informacjami. Plik Cookie jest tworzony w\u00a0celu ograniczania ilo\u015bci emisji okresowo pojawiaj\u0105cych si\u0119 og\u0142osze\u0144. Dzi\u0119ki zastosowaniu pliku Cookie informacja wy\u015bwietla si\u0119 tylko raz dla jednej sesji u\u017cytkownika i\u00a0nie ukazuje si\u0119 ponownie po przej\u015bciu na kolejn\u0105 stron\u0119 serwisu. Wymieniony wy\u017cej sesyjny plik Cookie, je\u015bli jest tworzony, to wyst\u0119puje w\u00a0okre\u015blonym czasie, i\u00a0tylko przez czas, w\u00a0jakim strona jest odwiedzana przez u\u017cytkownika. Zamkni\u0119cie okna przegl\u0105darki ze stron\u0105 serwisu uodo.gov.pl powoduje usuni\u0119cie utworzonego pliku.<\/p><p><b>Odno\u015bniki do innych stron<\/b><\/p><p>Nasza strona internetowa zawiera odno\u015bniki do innych stron WWW. Nie mo\u017cemy ponosi\u0107 odpowiedzialno\u015bci za zasady zachowania prywatno\u015bci obowi\u0105zuj\u0105ce na tych stronach. Namawiamy, by po przej\u015bciu na inne strony, zapozna\u0107 si\u0119 z\u00a0polityka prywatno\u015bci tam ustalon\u0105.<span class=\"Apple-converted-space\">\u00a0<\/span><\/p><p><b>Kto administruje danymi<\/b><\/p><p>Administratorem Twoich danych jest (\u2026)<span class=\"Apple-converted-space\">\u00a0 <\/span>z siedzib\u0105 w Krakowie przy ul. Kopernika 26. Mo\u017cesz si\u0119 z nami skontaktowa\u0107 pisz\u0105c do nas zgodnie z danymi znajduj\u0105cymi si\u0119 w zak\u0142adce \u201eKontakt\u201d.<\/p><p>\u200b<\/p><p>Przetwarzamy dane w celu zapewnienia prawid\u0142owego wy\u015bwietlania znajduj\u0105cych si\u0119 na naszej stronie tre\u015bci, zapewnienia bezpiecze\u0144stwa i mo\u017cliwo\u015bci likwidacji ewentualnych usterek technicznych a tak\u017ce kontroli ruchu na stronie.<span class=\"Apple-converted-space\">\u00a0<\/span><\/p><p>\u200b<\/p><p>Podstaw\u0105 prawn\u0105 do przetwarzania tych danych jest uzasadniony interes administratora danych, zgodnie z tre\u015bci\u0105 przepisu art. 6 ust. 1 lit f) Rozporz\u0105dzenia Parlamentu Europejskiego i Rady (UE) 2016\/679 z dnia 27 kwietnia 2016 r. w sprawie ochrony os\u00f3b fizycznych w zwi\u0105zku z przetwarzaniem danych osobowych i w sprawie swobodnego przep\u0142ywu takich danych oraz uchylenia dyrektywy 95\/46\/WE (og\u00f3lne rozporz\u0105dzenie o ochronie danych, RODO).<\/p><p>\u200b<\/p><p>Dane mog\u0105 zosta\u0107 przekazane firmom, z kt\u00f3rymi wsp\u00f3\u0142pracujemy po to, aby zrealizowa\u0107 ww. cel tj. utrzymanie i obs\u0142uga techniczna naszej strony internetowej. <span class=\"Apple-converted-space\">\u00a0<\/span><\/p><p>\u200b<\/p><p>Dane b\u0119d\u0105 przechowywane przez okres istnienia uzasadnionego interesu do ich przetwarzania, nie d\u0142u\u017cej ni\u017c (\u2026)<span class=\"Apple-converted-space\">\u00a0 <\/span>miesi\u0119cy.<\/p><p>\u200b<\/p><p>Przys\u0142uguje Pa\u0144stwu prawo do \u017c\u0105dania dost\u0119pu do danych osobowych, ich sprostowania, usuni\u0119cia lub ograniczenia przetwarzania, prawo do przeniesienia danych lub wyra\u017cenia sprzeciwu wobec przetwarzania danych. W celu skorzystania z tych praw, prosz\u0119 si\u0119 z nami skontaktowa\u0107 na dane podane powy\u017cej.<\/p><p>\u200b<\/p><p>Mo\u017cecie Pa\u0144stwo r\u00f3wnie\u017c z\u0142o\u017cy\u0107 skarg\u0119 do organu nadzorczego.<\/p><p>Podmioty, kt\u00f3re otrzymuj\u0105 dane w zwi\u0105zku z wej\u015bciem na nasz\u0105 stron\u0119 mog\u0105 wykorzysta\u0107 je do wy\u015bwietlania Pa\u0144stwu podobnych tre\u015bci, dopasowanych do tego, czego szukali\u015bcie (profilowanie). Bazuj\u0105 one na dotychczasowych stronach internetowych, kt\u00f3re s\u0105 przez Pa\u0144stwa odwiedzane.<\/p><p>\u200b<\/p><p>W ka\u017cdym czasie mo\u017cecie Pa\u0144stwo samodzielnie zmieni\u0107 ustawienia dotycz\u0105ce plik\u00f3w Cookies, okre\u015blaj\u0105c warunki ich przechowywania i zakresu ich stosowania. Zmiany ustawie\u0144, mog\u0105 by\u0107 dokonane za pomoc\u0105 ustawie\u0144 przegl\u0105darki internetowej lub urz\u0105dzenia, z kt\u00f3rego korzystacie. Szczeg\u00f3\u0142owe informacje o mo\u017cliwo\u015bci i sposobach obs\u0142ugi plik\u00f3w Cookies dost\u0119pne s\u0105 w ustawieniach przegl\u0105darki internetowej.<\/p>","_et_gb_content_width":"","footnotes":""},"_links":{"self":[{"href":"https:\/\/k-smok.pl\/DMS2023\/wp-json\/wp\/v2\/pages\/132"}],"collection":[{"href":"https:\/\/k-smok.pl\/DMS2023\/wp-json\/wp\/v2\/pages"}],"about":[{"href":"https:\/\/k-smok.pl\/DMS2023\/wp-json\/wp\/v2\/types\/page"}],"author":[{"embeddable":true,"href":"https:\/\/k-smok.pl\/DMS2023\/wp-json\/wp\/v2\/users\/2"}],"replies":[{"embeddable":true,"href":"https:\/\/k-smok.pl\/DMS2023\/wp-json\/wp\/v2\/comments?post=132"}],"version-history":[{"count":0,"href":"https:\/\/k-smok.pl\/DMS2023\/wp-json\/wp\/v2\/pages\/132\/revisions"}],"wp:attachment":[{"href":"https:\/\/k-smok.pl\/DMS2023\/wp-json\/wp\/v2\/media?parent=132"}],"curies":[{"name":"wp","href":"https:\/\/api.w.org\/{rel}","templated":true}]}}