{"id":1220,"date":"2020-02-21T12:07:35","date_gmt":"2020-02-21T11:07:35","guid":{"rendered":"https:\/\/k-smok.pl\/DMS2023\/?page_id=1220"},"modified":"2020-05-12T10:08:02","modified_gmt":"2020-05-12T08:08:02","slug":"szkolenie-antykorupcyjne","status":"publish","type":"page","link":"https:\/\/k-smok.pl\/DMS2023\/szkolenia\/szkolenie-antykorupcyjne\/","title":{"rendered":"Szkolenie antykorupcyjne"},"content":{"rendered":"<p>[et_pb_section fb_built=&#8221;1&#8243; admin_label=&#8221;Page Title Section&#8221; _builder_version=&#8221;3.22&#8243; use_background_color_gradient=&#8221;on&#8221; background_color_gradient_start=&#8221;#313e47&#8243; background_color_gradient_end=&#8221;rgba(49,62,71,0.5)&#8221; background_color_gradient_overlays_image=&#8221;on&#8221; background_image=&#8221;https:\/\/k-smok.pl\/DMS2023\/wp-content\/uploads\/2020\/02\/law-firm-28.jpg&#8221; custom_padding=&#8221;120px||120px|&#8221;][et_pb_row admin_label=&#8221;Page Title Area&#8221; _builder_version=&#8221;3.25&#8243; background_size=&#8221;initial&#8221; background_position=&#8221;top_left&#8221; background_repeat=&#8221;repeat&#8221;][et_pb_column type=&#8221;4_4&#8243; _builder_version=&#8221;3.25&#8243; custom_padding=&#8221;|||&#8221; custom_padding__hover=&#8221;|||&#8221;][et_pb_text admin_label=&#8221;Page Title&#8221; _builder_version=&#8221;4.3.2&#8243; text_font=&#8221;||||||||&#8221; text_text_color=&#8221;#ffffff&#8221; text_font_size=&#8221;18px&#8221; text_line_height=&#8221;2em&#8221; header_font=&#8221;Prata||||||||&#8221; header_font_size=&#8221;60px&#8221; header_line_height=&#8221;1.6em&#8221; header_3_font=&#8221;||||||||&#8221; header_3_line_height=&#8221;1.8em&#8221; text_orientation=&#8221;center&#8221; background_layout=&#8221;dark&#8221; max_width=&#8221;700px&#8221; module_alignment=&#8221;center&#8221; custom_margin=&#8221;||10px|&#8221; animation_style=&#8221;fade&#8221; header_font_size_tablet=&#8221;40px&#8221; header_font_size_phone=&#8221;&#8221; header_font_size_last_edited=&#8221;on|desktop&#8221;]<\/p>\n<h1>Prezentacja<\/h1>\n<h3><strong>Szkolenie z tematyki anytkorupcyjnej<\/strong><\/h3>\n<p>Luty 2020<\/p>\n<p>[\/et_pb_text][\/et_pb_column][\/et_pb_row][\/et_pb_section][et_pb_section fb_built=&#8221;1&#8243; admin_label=&#8221;Quote Section&#8221; _builder_version=&#8221;3.22&#8243; custom_padding=&#8221;110px|0px|110px|0px&#8221; border_color_all=&#8221;rgba(255,186,96,0.6)&#8221; border_width_right=&#8221;8vw&#8221;][et_pb_row column_structure=&#8221;3_4,1_4&#8243; admin_label=&#8221;Quote Area&#8221; _builder_version=&#8221;3.25&#8243; use_custom_width=&#8221;on&#8221;][et_pb_column type=&#8221;3_4&#8243; _builder_version=&#8221;3.25&#8243; custom_padding=&#8221;|||&#8221; custom_padding__hover=&#8221;|||&#8221;][et_pb_text _builder_version=&#8221;4.3.2&#8243; text_font=&#8221;Roboto Slab||||||||&#8221; text_font_size=&#8221;17px&#8221; text_letter_spacing=&#8221;1px&#8221; header_font=&#8221;||||||||&#8221; header_3_font=&#8221;||||||||&#8221; header_3_line_height=&#8221;1.6em&#8221; header_4_font=&#8221;||||||||&#8221; custom_margin=&#8221;|||&#8221; custom_padding=&#8221;|||30px&#8221; animation_style=&#8221;flip&#8221; animation_intensity_flip=&#8221;5%&#8221; animation_starting_opacity=&#8221;100%&#8221; hover_enabled=&#8221;0&#8243; border_color_all=&#8221;#313e47&#8243; border_width_left=&#8221;10px&#8221;]<\/p>\n<p><span>Z dum\u0105 informujemy, i\u017c przeprowadzili\u015bmy nowoczesne i kompleksowe szkolenie oraz wdro\u017cyli\u015bmy procedur\u0119 regulaminu antykorupcyjnego w&nbsp;Firmie\u00a0<a href=\"https:\/\/www.donedeliveries.com\/\" target=\"_blank\" rel=\"noopener noreferrer nofollow\">DONE!\u00a0Deliveries<\/a>\u00a0pod\u00a0has\u0142em:\u00a0<b>ZERO TOLERANCJI DLA KORUPCJI<\/b><\/span><\/p>\n<p>Zapraszamy do\u00a0zapoznania si\u0119 z\u00a0<a href=\"https:\/\/k-smok.pl\/DMS2023\/wp-content\/uploads\/2020\/02\/Szkolenie_Antykorupcyjne.pdf\" target=\"_blank\" rel=\"noopener noreferrer\"><b>prezentacj\u0105 ze\u00a0szkolenia<\/b><span>:<\/span><\/a><\/p>\n<p>[\/et_pb_text][\/et_pb_column][et_pb_column type=&#8221;1_4&#8243; _builder_version=&#8221;3.25&#8243; custom_padding=&#8221;|||&#8221; custom_padding__hover=&#8221;|||&#8221;][\/et_pb_column][\/et_pb_row][et_pb_row admin_label=&#8221;Project Image Area&#8221; _builder_version=&#8221;3.25&#8243; custom_padding=&#8221;|||&#8221;][et_pb_column type=&#8221;4_4&#8243; _builder_version=&#8221;3.25&#8243; custom_padding=&#8221;|||&#8221; custom_padding__hover=&#8221;|||&#8221;][et_pb_code _builder_version=&#8221;4.3.2&#8243;]<iframe src=\"https:\/\/k-smok.pl\/DMS2023\/wp-content\/uploads\/2020\/02\/Szkolenie_Antykorupcyjne.pdf\" style=\"width:100%; min-height: 800px\">  <!-- [et_pb_line_break_holder] --><\/iframe>[\/et_pb_code][\/et_pb_column][\/et_pb_row][\/et_pb_section][et_pb_section fb_built=&#8221;1&#8243; admin_label=&#8221;CTA Section&#8221; _builder_version=&#8221;3.22&#8243; use_background_color_gradient=&#8221;on&#8221; background_color_gradient_start=&#8221;#313e47&#8243; background_color_gradient_end=&#8221;rgba(49,62,71,0.74)&#8221; background_color_gradient_overlays_image=&#8221;on&#8221; background_image=&#8221;https:\/\/k-smok.pl\/DMS2023\/wp-content\/uploads\/2020\/02\/law-firm-03.jpg&#8221; custom_padding=&#8221;200px|0px|200px|&#8221; border_color_all=&#8221;#26333a&#8221; border_width_left=&#8221;8vw&#8221; locked=&#8221;off&#8221;][et_pb_row column_structure=&#8221;1_2,1_2&#8243; use_custom_gutter=&#8221;on&#8221; gutter_width=&#8221;2&#8243; admin_label=&#8221;CTA Area&#8221; _builder_version=&#8221;3.25&#8243; locked=&#8221;off&#8221;][et_pb_column type=&#8221;1_2&#8243; _builder_version=&#8221;3.25&#8243; custom_padding=&#8221;|||&#8221; custom_padding__hover=&#8221;|||&#8221;][et_pb_text admin_label=&#8221;Title&#8221; _builder_version=&#8221;4.3.2&#8243; text_font=&#8221;||||||||&#8221; header_font=&#8221;||||||||&#8221; header_2_font=&#8221;Prata||||||||&#8221; header_2_font_size=&#8221;48px&#8221; header_2_line_height=&#8221;1.6em&#8221; background_layout=&#8221;dark&#8221; module_alignment=&#8221;center&#8221; custom_margin=&#8221;|||&#8221; custom_padding=&#8221;|||&#8221; animation_style=&#8221;fade&#8221; header_2_font_size_tablet=&#8221;40px&#8221; header_2_font_size_phone=&#8221;&#8221; header_2_font_size_last_edited=&#8221;on|tablet&#8221; locked=&#8221;off&#8221;]<\/p>\n<h2>Zapraszamy do wsp\u00f3\u0142pracy<\/h2>\n<p>[\/et_pb_text][\/et_pb_column][et_pb_column type=&#8221;1_2&#8243; _builder_version=&#8221;3.25&#8243; custom_padding=&#8221;|||&#8221; custom_padding__hover=&#8221;|||&#8221;][et_pb_button button_url=&#8221;https:\/\/k-smok.pl\/DMS2023\/kontakt\/&#8221; button_text=&#8221;Kontakt&#8221; _builder_version=&#8221;4.3.2&#8243; custom_button=&#8221;on&#8221; button_text_size=&#8221;14px&#8221; button_text_color=&#8221;#ffba60&#8243; button_border_width=&#8221;2px&#8221; button_border_color=&#8221;rgba(255,164,13,0.4)&#8221; button_border_radius=&#8221;0px&#8221; button_letter_spacing=&#8221;4px&#8221; button_font=&#8221;|700||on|||||&#8221; button_icon=&#8221;%%3%%&#8221; custom_margin=&#8221;10px|||&#8221; custom_padding=&#8221;10px||10px|&#8221; animation_style=&#8221;fade&#8221; animation_direction=&#8221;right&#8221; button_bg_color_hover=&#8221;rgba(0,0,0,0)&#8221; button_text_size__hover_enabled=&#8221;off&#8221; button_one_text_size__hover_enabled=&#8221;off&#8221; button_two_text_size__hover_enabled=&#8221;off&#8221; button_text_color__hover_enabled=&#8221;off&#8221; button_one_text_color__hover_enabled=&#8221;off&#8221; button_two_text_color__hover_enabled=&#8221;off&#8221; button_border_width__hover_enabled=&#8221;off&#8221; button_one_border_width__hover_enabled=&#8221;off&#8221; button_two_border_width__hover_enabled=&#8221;off&#8221; button_border_color__hover_enabled=&#8221;off&#8221; button_one_border_color__hover_enabled=&#8221;off&#8221; button_two_border_color__hover_enabled=&#8221;off&#8221; button_border_radius__hover_enabled=&#8221;off&#8221; button_one_border_radius__hover_enabled=&#8221;off&#8221; button_two_border_radius__hover_enabled=&#8221;off&#8221; button_letter_spacing__hover_enabled=&#8221;off&#8221; button_one_letter_spacing__hover_enabled=&#8221;off&#8221; button_two_letter_spacing__hover_enabled=&#8221;off&#8221; button_bg_color__hover_enabled=&#8221;on&#8221; button_bg_color__hover=&#8221;rgba(0,0,0,0)&#8221; button_one_bg_color__hover_enabled=&#8221;off&#8221; button_two_bg_color__hover_enabled=&#8221;off&#8221;][\/et_pb_button][\/et_pb_column][\/et_pb_row][\/et_pb_section]<\/p>\n","protected":false},"excerpt":{"rendered":"<p>Prezentacja Szkolenie z tematyki anytkorupcyjnej Luty 2020Z dum\u0105 informujemy, i\u017c przeprowadzili\u015bmy nowoczesne i kompleksowe szkolenie oraz wdro\u017cyli\u015bmy procedur\u0119 regulaminu antykorupcyjnego w&nbsp;Firmie\u00a0DONE!\u00a0Deliveries\u00a0pod\u00a0has\u0142em:\u00a0ZERO TOLERANCJI DLA KORUPCJI Zapraszamy do\u00a0zapoznania si\u0119 z\u00a0prezentacj\u0105 ze\u00a0szkolenia:Zapraszamy do wsp\u00f3\u0142pracy<\/p>\n","protected":false},"author":2,"featured_media":0,"parent":1395,"menu_order":0,"comment_status":"closed","ping_status":"closed","template":"","meta":{"_et_pb_use_builder":"on","_et_pb_old_content":"","_et_gb_content_width":"","footnotes":""},"_links":{"self":[{"href":"https:\/\/k-smok.pl\/DMS2023\/wp-json\/wp\/v2\/pages\/1220"}],"collection":[{"href":"https:\/\/k-smok.pl\/DMS2023\/wp-json\/wp\/v2\/pages"}],"about":[{"href":"https:\/\/k-smok.pl\/DMS2023\/wp-json\/wp\/v2\/types\/page"}],"author":[{"embeddable":true,"href":"https:\/\/k-smok.pl\/DMS2023\/wp-json\/wp\/v2\/users\/2"}],"replies":[{"embeddable":true,"href":"https:\/\/k-smok.pl\/DMS2023\/wp-json\/wp\/v2\/comments?post=1220"}],"version-history":[{"count":0,"href":"https:\/\/k-smok.pl\/DMS2023\/wp-json\/wp\/v2\/pages\/1220\/revisions"}],"up":[{"embeddable":true,"href":"https:\/\/k-smok.pl\/DMS2023\/wp-json\/wp\/v2\/pages\/1395"}],"wp:attachment":[{"href":"https:\/\/k-smok.pl\/DMS2023\/wp-json\/wp\/v2\/media?parent=1220"}],"curies":[{"name":"wp","href":"https:\/\/api.w.org\/{rel}","templated":true}]}}